{"id":6408,"date":"2015-06-23T12:56:28","date_gmt":"2015-06-23T17:56:28","guid":{"rendered":"http:\/\/www.utzac.edu.mx\/?page_id=6408"},"modified":"2015-06-24T08:55:17","modified_gmt":"2015-06-24T13:55:17","slug":"mineria-2","status":"publish","type":"page","link":"https:\/\/www.utzac.edu.mx\/?page_id=6408","title":{"rendered":"Miner\u00eda"},"content":{"rendered":"\t<div class=\"vc_row wpb_row vc_row-fluid\"  >\n\t<div class=\"vc_col-sm-12 wpb_column vc_column_container \">\n\t\t<div class=\"wpb_wrapper\">\n\t\t\t<div class=\"vc_custom_heading\" ><h2 style=\"text-align: left;font-family:Abril Fatface;font-weight:400;font-style:normal\" >Competencias Gen\u00e9ricas: <\/h2><\/div>\n\t<div class=\"wpb_text_column wpb_content_element \">\n\t\t<div class=\"wpb_wrapper\">\n\t\t\t<p>Capacidad de an\u00e1lisis y s\u00edntesis, habilidades para la investigaci\u00f3n b\u00e1sica, capacidades para planificar y gestionar, manejo de la seguridad e higiene, trabajo en equipo, comunicaci\u00f3n efectiva, capacidad de negociaci\u00f3n, liderazgo y actitud de servicio.<\/p>\n\n\t\t<\/div> \n\t<\/div> <div class=\"vc_custom_heading\" ><h2 style=\"text-align: left;font-family:Abril Fatface;font-weight:400;font-style:normal\" >Competencias Espec\u00edficas: <\/h2><\/div>\n\t<div class=\"wpb_text_column wpb_content_element \">\n\t\t<div class=\"wpb_wrapper\">\n\t\t\t<ol>\n<li>Dise\u00f1ar y dirigir la operaci\u00f3n minera con base a los estudios de factibilidad, el dise\u00f1o de los proyectos de explotaci\u00f3n y la administraci\u00f3n de la producci\u00f3n conforme a la normatividad establecida para el aprovechamiento sustentable de los recursos naturales no renovables,\u00a0 contribuir a la rentabilidad de la organizaci\u00f3n y al desarrollo econ\u00f3mico de la regi\u00f3n.<\/li>\n<\/ol>\n<p>&nbsp;<\/p>\n<p>1.1 Determinar la factibilidad de un proyecto minero a trav\u00e9s de estudios t\u00e9cnico, econ\u00f3mico- financiero, de responsabilidad social e impacto ambiental para\u00a0\u00a0 la\u00a0 toma de decisiones\u00a0 y\u00a0 continuidad del proyecto.<\/p>\n<p>1.2 Dise\u00f1ar proyectos de explotaci\u00f3n minera definiendo el sistema, m\u00e9todo, proceso, recursos y requerimientos con base\u00a0 en los estudios geol\u00f3gicos, topogr\u00e1ficos y de factibilidad\u00a0 para contribuir con el desarrollo de la empresa y su entorno.<\/p>\n<p>1.3 Dirigir la operaci\u00f3n minera a trav\u00e9s de la administraci\u00f3n de los\u00a0 procesos y optimizaci\u00f3n de\u00a0 recursos\u00a0 con un enfoque de mejora continua\u00a0 para el logro de las metas establecidas.<\/p>\n\n\t\t<\/div> \n\t<\/div> <div class=\"vc_custom_heading\" ><h2 style=\"text-align: left;font-family:Abril Fatface;font-weight:400;font-style:normal\" >Escenarios de Actuaci\u00f3n <\/h2><\/div>\n\t<div class=\"wpb_text_column wpb_content_element \">\n\t\t<div class=\"wpb_wrapper\">\n\t\t\t<p>El Ingeniero en Miner\u00eda, podr\u00e1 desenvolverse en:<\/p>\n<ul>\n<li>Empresas del sector industrial de la extracci\u00f3n de minerales met\u00e1licos y no met\u00e1licos.<\/li>\n<li>Empresas del sector Industrial de Servicios aplicados a la Miner\u00eda.<\/li>\n<li>Empresas del sector Industrial de la Transformaci\u00f3n.<\/li>\n<li>Peque\u00f1as y Medianas empresas mineras.<\/li>\n<li>Servicio P\u00fablico relacionado con la Miner\u00eda.<\/li>\n<li>Creaci\u00f3n de una empresa de Asesor\u00eda y Consultar\u00eda propia.<\/li>\n<\/ul>\n\n\t\t<\/div> \n\t<\/div> <div class=\"vc_custom_heading\" ><h2 style=\"text-align: left;font-family:Abril Fatface;font-weight:400;font-style:normal\" >Ocupaciones Profesionales<\/h2><\/div>\n\t<div class=\"wpb_text_column wpb_content_element \">\n\t\t<div class=\"wpb_wrapper\">\n\t\t\t<p>El Ingeniero en Miner\u00eda podr\u00e1 desempe\u00f1arse como:<\/p>\n<ul>\n<li>Gerente general.<\/li>\n<li>Gerente de Proyectos Mineros.<\/li>\n<li>Gerente de Mina.<\/li>\n<li>Gerente de ventas de equipo especializado.<\/li>\n<li>Superintendente de Mina<\/li>\n<li>Superintendente de Planeaci\u00f3n.<\/li>\n<li>Superintendente de Producci\u00f3n.<\/li>\n<li>Superintendente de Seguridad.<\/li>\n<li>Jefe del departamento de Topograf\u00eda.<\/li>\n<li>Jefe de Capacitaci\u00f3n y Adiestramiento.<\/li>\n<li>Superintendente de operaci\u00f3n planta.<\/li>\n<li>Desarrollador de proyectos mineros sustentables.<\/li>\n<li>Consultor.<\/li>\n<li>Perito Minero especialista<\/li>\n<li>Docente investigador.<\/li>\n<\/ul>\n<div class=\"su-document su-u-responsive-media-yes\"><iframe src=\"\/\/docs.google.com\/viewer?embedded=true&url=https:\/\/www.utzac.edu.mx\/wp-content\/uploads\/2015\/02\/MAPA-CUATRIMESTRAL-ING.-MINERIA-2015.pdf\" width=\"280\" height=\"280\" class=\"su-document\" title=\"\"><\/iframe><\/div>\n\n\t\t<\/div> \n\t<\/div> \n\t\t<\/div> \n\t<\/div> \n<\/div><div class=\"vc_row-full-width\"><\/div>\n ","protected":false},"excerpt":{"rendered":"Competencias Gen\u00e9ricas: Capacidad de an\u00e1lisis y s\u00edntesis, habilidades para la investigaci\u00f3n b\u00e1sica, capacidades para planificar y gestionar, manejo de la seguridad e higiene, trabajo en equipo, comunicaci\u00f3n efectiva, capacidad de negociaci\u00f3n, liderazgo y actitud de servicio. Competencias Espec\u00edficas: Dise\u00f1ar y dirigir la operaci\u00f3n minera con base a los estudios de factibilidad, el dise\u00f1o de los [...]","protected":false},"author":8,"featured_media":0,"parent":0,"menu_order":0,"comment_status":"closed","ping_status":"open","template":"","meta":{"_eb_attr":""},"_links":{"self":[{"href":"https:\/\/www.utzac.edu.mx\/index.php?rest_route=\/wp\/v2\/pages\/6408"}],"collection":[{"href":"https:\/\/www.utzac.edu.mx\/index.php?rest_route=\/wp\/v2\/pages"}],"about":[{"href":"https:\/\/www.utzac.edu.mx\/index.php?rest_route=\/wp\/v2\/types\/page"}],"author":[{"embeddable":true,"href":"https:\/\/www.utzac.edu.mx\/index.php?rest_route=\/wp\/v2\/users\/8"}],"replies":[{"embeddable":true,"href":"https:\/\/www.utzac.edu.mx\/index.php?rest_route=%2Fwp%2Fv2%2Fcomments&post=6408"}],"version-history":[{"count":0,"href":"https:\/\/www.utzac.edu.mx\/index.php?rest_route=\/wp\/v2\/pages\/6408\/revisions"}],"wp:attachment":[{"href":"https:\/\/www.utzac.edu.mx\/index.php?rest_route=%2Fwp%2Fv2%2Fmedia&parent=6408"}],"curies":[{"name":"wp","href":"https:\/\/api.w.org\/{rel}","templated":true}]}}