{"id":6399,"date":"2015-06-23T09:55:38","date_gmt":"2015-06-23T14:55:38","guid":{"rendered":"http:\/\/www.utzac.edu.mx\/?page_id=6399"},"modified":"2023-07-04T16:31:41","modified_gmt":"2023-07-04T22:31:41","slug":"energias-renovables-2","status":"publish","type":"page","link":"https:\/\/www.utzac.edu.mx\/?page_id=6399","title":{"rendered":"Energ\u00edas Renovables"},"content":{"rendered":"<div class=\"su-document su-u-responsive-media-yes\"><iframe src=\"\/\/docs.google.com\/viewer?embedded=true&url=https:\/\/www.utzac.edu.mx\/wp-content\/uploads\/2023\/07\/OE-AE-EERR.pdf\" width=\"600\" height=\"400\" class=\"su-document\" title=\"\"><\/iframe><\/div>\n\t<div class=\"vc_row wpb_row vc_row-fluid\"  >\n\t<div class=\"vc_col-sm-12 wpb_column vc_column_container \">\n\t\t<div class=\"wpb_wrapper\">\n\t\t\t\n\t<div class=\"wpb_text_column wpb_content_element \">\n\t\t<div class=\"wpb_wrapper\">\n\t\t\t<p><strong>\u00c1rea: Calidad y Ahorro de Energ\u00eda<\/strong><\/p>\n\n\t\t<\/div> \n\t<\/div> <div class=\"vc_custom_heading\" ><h2 style=\"text-align: left;font-family:Abril Fatface;font-weight:400;font-style:normal\" >Competencias Profesionales<\/h2><\/div>\n\t<div class=\"wpb_text_column wpb_content_element \">\n\t\t<div class=\"wpb_wrapper\">\n\t\t\t<p>Formular proyectos de energ\u00edas renovables mediante diagn\u00f3sticos energ\u00e9ticos y estudios especializados de los recursos naturales del entorno, para construir al Desarrollo sustentable y al uso racional y eficiente de la energ\u00eda.<\/p>\n<ol>\n<li>Dirigir proyectos de ahorro y calidad de energ\u00eda el\u00e9ctrica, con base en un diagnostico energ\u00e9tico del sistema, para contribuir al Desarrollo sustentable (Medio ambiente, Impacto ambiental. Cambio clim\u00e1tico, Contaminaci\u00f3n) a trav\u00e9s del uso racional y eficiente de la egerg\u00eda.<\/li>\n<\/ol>\n\n\t\t<\/div> \n\t<\/div> <div class=\"vc_custom_heading\" ><h2 style=\"text-align: left;font-family:Abril Fatface;font-weight:400;font-style:normal\" >Ocupaciones Profesionales<\/h2><\/div>\n\t<div class=\"wpb_text_column wpb_content_element \">\n\t\t<div class=\"wpb_wrapper\">\n\t\t\t<p>El T\u00e9cnico\u00a0Superior Universitario en Energ\u00edas Renovables \u00e1rea Calidad y Ahorro de Energ\u00eda podr\u00e1 desempe\u00f1arse como:<\/p>\n<ol>\n<li>Supervisor de planta<\/li>\n<li>Coordinador de proyecos energ\u00e9ticos<\/li>\n<li>Supervisor de mantenimiento de equipos electromec\u00e1nico<\/li>\n<li>Residente de obra el\u00e9ctrica<\/li>\n<li>Consultor de diagn\u00f3stico energ\u00e9tico<\/li>\n<li>Contratista de obra el\u00e9ctrica<\/li>\n<li>Proyectista de obra el\u00e9ctrica y de energ\u00edas renovables<\/li>\n<\/ol>\n<div class=\"su-document su-u-responsive-media-yes\"><iframe src=\"\/\/docs.google.com\/viewer?embedded=true&url=https:\/\/www.utzac.edu.mx\/wp-content\/uploads\/2015\/02\/energias.pdf\" width=\"280\" height=\"280\" class=\"su-document\" title=\"\"><\/iframe><\/div>\n\n\t\t<\/div> \n\t<\/div> \n\t\t<\/div> \n\t<\/div> \n<\/div><div class=\"vc_row-full-width\"><\/div>","protected":false},"excerpt":{"rendered":"\u00c1rea: Calidad y Ahorro de Energ\u00eda Competencias Profesionales Formular proyectos de energ\u00edas renovables mediante diagn\u00f3sticos energ\u00e9ticos y estudios especializados de los recursos naturales del entorno, para construir al Desarrollo sustentable y al uso racional y eficiente de la energ\u00eda. Dirigir proyectos de ahorro y calidad de energ\u00eda el\u00e9ctrica, con base en un diagnostico energ\u00e9tico del [...]","protected":false},"author":8,"featured_media":0,"parent":0,"menu_order":0,"comment_status":"closed","ping_status":"open","template":"","meta":[],"_links":{"self":[{"href":"https:\/\/www.utzac.edu.mx\/index.php?rest_route=\/wp\/v2\/pages\/6399"}],"collection":[{"href":"https:\/\/www.utzac.edu.mx\/index.php?rest_route=\/wp\/v2\/pages"}],"about":[{"href":"https:\/\/www.utzac.edu.mx\/index.php?rest_route=\/wp\/v2\/types\/page"}],"author":[{"embeddable":true,"href":"https:\/\/www.utzac.edu.mx\/index.php?rest_route=\/wp\/v2\/users\/8"}],"replies":[{"embeddable":true,"href":"https:\/\/www.utzac.edu.mx\/index.php?rest_route=%2Fwp%2Fv2%2Fcomments&post=6399"}],"version-history":[{"count":0,"href":"https:\/\/www.utzac.edu.mx\/index.php?rest_route=\/wp\/v2\/pages\/6399\/revisions"}],"wp:attachment":[{"href":"https:\/\/www.utzac.edu.mx\/index.php?rest_route=%2Fwp%2Fv2%2Fmedia&parent=6399"}],"curies":[{"name":"wp","href":"https:\/\/api.w.org\/{rel}","templated":true}]}}