{"id":6358,"date":"2015-06-16T11:30:10","date_gmt":"2015-06-16T16:30:10","guid":{"rendered":"http:\/\/www.utzac.edu.mx\/?page_id=6358"},"modified":"2025-08-18T12:09:32","modified_gmt":"2025-08-18T18:09:32","slug":"sistema-de-gestion-de-calidad-sgc","status":"publish","type":"page","link":"https:\/\/www.utzac.edu.mx\/?page_id=6358","title":{"rendered":"Certificaciones"},"content":{"rendered":"<div class=\"vc_row wpb_row vc_row-fluid\"  >\n\t<div class=\"vc_col-sm-12 wpb_column vc_column_container \">\n\t\t<div class=\"wpb_wrapper\">\n\t\t\t<div class=\"vc_custom_heading\" ><h2 style=\"text-align: left;font-family:Abril Fatface;font-weight:400;font-style:normal\" >Pol\u00edticas de Calidad<\/h2><\/div>\n\t<div class=\"wpb_text_column wpb_content_element \">\n\t\t<div class=\"wpb_wrapper\">\n\t\t\t<p>Cumplir con la Formaci\u00f3n Integral de los alumnos de la Universidad Tecnol\u00f3gica del Estado de Zacatecas, con calidad y conciencia ambiental respetando est\u00e1ndares nacionales e internacionales que apoyan la sustentabilidad.<\/p>\n<p>&nbsp;<\/p>\n\n\t\t<\/div> \n\t<\/div> <div class=\"vc_custom_heading\" ><h2 style=\"text-align: left;font-family:Abril Fatface;font-weight:400;font-style:normal\" >Certificaciones<\/h2><\/div>\n\t<div class=\"wpb_single_image wpb_content_element vc_align_left\">\n\t\t<div class=\"wpb_wrapper\">\n\t\t\t\n\t\t\t<div class=\"vc_single_image-wrapper   vc_box_border_grey\"><img width=\"724\" height=\"1024\" src=\"https:\/\/www.utzac.edu.mx\/wp-content\/uploads\/2025\/08\/1755540319106-53f59b65-5e0f-4334-8c78-4c8c0bee6fef_1.png\" class=\"vc_single_image-img attachment-large\" alt=\"\" decoding=\"async\" srcset=\"https:\/\/www.utzac.edu.mx\/wp-content\/uploads\/2025\/08\/1755540319106-53f59b65-5e0f-4334-8c78-4c8c0bee6fef_1.png 724w, https:\/\/www.utzac.edu.mx\/wp-content\/uploads\/2025\/08\/1755540319106-53f59b65-5e0f-4334-8c78-4c8c0bee6fef_1-212x300.png 212w, https:\/\/www.utzac.edu.mx\/wp-content\/uploads\/2025\/08\/1755540319106-53f59b65-5e0f-4334-8c78-4c8c0bee6fef_1-700x990.png 700w, https:\/\/www.utzac.edu.mx\/wp-content\/uploads\/2025\/08\/1755540319106-53f59b65-5e0f-4334-8c78-4c8c0bee6fef_1-600x849.png 600w\" sizes=\"(max-width: 724px) 100vw, 724px\" \/><\/div>\n\t\t<\/div> \n\t<\/div> \n\t\t<\/div> \n\t<\/div> \n<\/div><div class=\"vc_row-full-width\"><\/div>","protected":false},"excerpt":{"rendered":"Pol\u00edticas de Calidad Cumplir con la Formaci\u00f3n Integral de los alumnos de la Universidad Tecnol\u00f3gica del Estado de Zacatecas, con calidad y conciencia ambiental respetando est\u00e1ndares nacionales e internacionales que apoyan la sustentabilidad. &nbsp; Certificaciones","protected":false},"author":8,"featured_media":0,"parent":0,"menu_order":0,"comment_status":"closed","ping_status":"open","template":"","meta":{"_eb_attr":""},"_links":{"self":[{"href":"https:\/\/www.utzac.edu.mx\/index.php?rest_route=\/wp\/v2\/pages\/6358"}],"collection":[{"href":"https:\/\/www.utzac.edu.mx\/index.php?rest_route=\/wp\/v2\/pages"}],"about":[{"href":"https:\/\/www.utzac.edu.mx\/index.php?rest_route=\/wp\/v2\/types\/page"}],"author":[{"embeddable":true,"href":"https:\/\/www.utzac.edu.mx\/index.php?rest_route=\/wp\/v2\/users\/8"}],"replies":[{"embeddable":true,"href":"https:\/\/www.utzac.edu.mx\/index.php?rest_route=%2Fwp%2Fv2%2Fcomments&post=6358"}],"version-history":[{"count":0,"href":"https:\/\/www.utzac.edu.mx\/index.php?rest_route=\/wp\/v2\/pages\/6358\/revisions"}],"wp:attachment":[{"href":"https:\/\/www.utzac.edu.mx\/index.php?rest_route=%2Fwp%2Fv2%2Fmedia&parent=6358"}],"curies":[{"name":"wp","href":"https:\/\/api.w.org\/{rel}","templated":true}]}}