{"id":6293,"date":"2015-06-11T13:17:10","date_gmt":"2015-06-11T18:17:10","guid":{"rendered":"http:\/\/www.utzac.edu.mx\/?page_id=6293"},"modified":"2024-03-07T13:56:59","modified_gmt":"2024-03-07T19:56:59","slug":"convenios","status":"publish","type":"page","link":"https:\/\/www.utzac.edu.mx\/?page_id=6293","title":{"rendered":"Convenios"},"content":{"rendered":"<div class=\"vc_row wpb_row vc_row-fluid\"  >\n\t<div class=\"vc_col-sm-12 wpb_column vc_column_container \">\n\t\t<div class=\"wpb_wrapper\">\n\t\t\t\n\t<div class=\"wpb_text_column wpb_content_element \">\n\t\t<div class=\"wpb_wrapper\">\n\t\t\t<p>Nuestros convenios de \u201cVinculaci\u00f3n-Colaboraci\u00f3n\u201d, \u201cEstad\u00edas\u201d o \u201cEspec\u00edficos\u201d permiten formalizar los lazos entre instituciones, actualmente contamos con m\u00e1s de 170 convenios con igual n\u00famero de entidades de todos los sectores, P\u00fablico, Privado y Social.<\/p>\n<p>Es importante mencionar que para la UTZAC no es forzoso ni requisito indispensable para establecer una relaci\u00f3n, sin embargo, para las entidades que si lo requieren estamos totalmente abiertos a formalizarlo.<\/p>\n<p>&nbsp;<\/p>\n\n\t\t<\/div> \n\t<\/div> <div class=\"vc_custom_heading\" ><h2 style=\"text-align: left;font-family:Abril Fatface;font-weight:400;font-style:normal\" >Para mayor informaci\u00f3n contactar a:<\/h2><\/div>\n\t<div class=\"wpb_text_column wpb_content_element \">\n\t\t<div class=\"wpb_wrapper\">\n\t\t\t<p><strong><em>Lic. Felipe Salazar Correa<br \/>\n<\/em><\/strong><em>Encargado de la Direcci\u00f3n de Vinculaci\u00f3n<\/em><\/p>\n<p><a href=\"mailto:vinculaci\u00f3n@utzac.edu.mx\"><em>vinculaci\u00f3n@utzac.edu.mx<br \/>\n<\/em><\/a><a href=\"mailto:rtriana@utzac.edu.mx\"><em>fsalazar@utzac.edu.mx<\/em><\/a><\/p>\n<p style=\"text-align: justify;\">\u00a0<\/p>\n\n\t\t<\/div> \n\t<\/div> \n\t\t<\/div> \n\t<\/div> \n<\/div><div class=\"vc_row-full-width\"><\/div>","protected":false},"excerpt":{"rendered":"Nuestros convenios de \u201cVinculaci\u00f3n-Colaboraci\u00f3n\u201d, \u201cEstad\u00edas\u201d o \u201cEspec\u00edficos\u201d permiten formalizar los lazos entre instituciones, actualmente contamos con m\u00e1s de 170 convenios con igual n\u00famero de entidades de todos los sectores, P\u00fablico, Privado y Social. Es importante mencionar que para la UTZAC no es forzoso ni requisito indispensable para establecer una relaci\u00f3n, sin embargo, para las entidades [...]","protected":false},"author":8,"featured_media":0,"parent":0,"menu_order":0,"comment_status":"closed","ping_status":"open","template":"","meta":{"_eb_attr":""},"_links":{"self":[{"href":"https:\/\/www.utzac.edu.mx\/index.php?rest_route=\/wp\/v2\/pages\/6293"}],"collection":[{"href":"https:\/\/www.utzac.edu.mx\/index.php?rest_route=\/wp\/v2\/pages"}],"about":[{"href":"https:\/\/www.utzac.edu.mx\/index.php?rest_route=\/wp\/v2\/types\/page"}],"author":[{"embeddable":true,"href":"https:\/\/www.utzac.edu.mx\/index.php?rest_route=\/wp\/v2\/users\/8"}],"replies":[{"embeddable":true,"href":"https:\/\/www.utzac.edu.mx\/index.php?rest_route=%2Fwp%2Fv2%2Fcomments&post=6293"}],"version-history":[{"count":0,"href":"https:\/\/www.utzac.edu.mx\/index.php?rest_route=\/wp\/v2\/pages\/6293\/revisions"}],"wp:attachment":[{"href":"https:\/\/www.utzac.edu.mx\/index.php?rest_route=%2Fwp%2Fv2%2Fmedia&parent=6293"}],"curies":[{"name":"wp","href":"https:\/\/api.w.org\/{rel}","templated":true}]}}