{"id":6284,"date":"2015-06-11T12:45:14","date_gmt":"2015-06-11T17:45:14","guid":{"rendered":"http:\/\/www.utzac.edu.mx\/?page_id=6284"},"modified":"2024-03-07T12:35:07","modified_gmt":"2024-03-07T18:35:07","slug":"vinculacion","status":"publish","type":"page","link":"https:\/\/www.utzac.edu.mx\/?page_id=6284","title":{"rendered":"Vinculaci\u00f3n"},"content":{"rendered":"<div class=\"vc_row wpb_row vc_row-fluid\"  >\n\t<div class=\"vc_col-sm-12 wpb_column vc_column_container \">\n\t\t<div class=\"wpb_wrapper\">\n\t\t\t\n\t<div class=\"wpb_text_column wpb_content_element \">\n\t\t<div class=\"wpb_wrapper\">\n\t\t\t<p style=\"text-align: center;\"><a href=\"https:\/\/www.utzac.edu.mx\/wp-content\/uploads\/2015\/02\/LOGO-VINCULACI\u00d3N.jpg\"><img decoding=\"async\" loading=\"lazy\" class=\"alignnone size-medium wp-image-6287\" src=\"https:\/\/www.utzac.edu.mx\/wp-content\/uploads\/2015\/02\/LOGO-VINCULACI\u00d3N-300x144.jpg\" alt=\"LOGO VINCULACI\u00d3N\" width=\"300\" height=\"144\" srcset=\"https:\/\/www.utzac.edu.mx\/wp-content\/uploads\/2015\/02\/LOGO-VINCULACI\u00d3N-300x144.jpg 300w, https:\/\/www.utzac.edu.mx\/wp-content\/uploads\/2015\/02\/LOGO-VINCULACI\u00d3N-1024x491.jpg 1024w, https:\/\/www.utzac.edu.mx\/wp-content\/uploads\/2015\/02\/LOGO-VINCULACI\u00d3N-700x335.jpg 700w\" sizes=\"(max-width: 300px) 100vw, 300px\" \/><\/a><\/p>\n<p><strong>\u00a0<\/strong>La Vinculaci\u00f3n puede asociarse a la relaci\u00f3n o a la uni\u00f3n de dos o m\u00e1s entidades, personas o cosas.<\/p>\n<p>En la Universidad Tecnol\u00f3gica la Vinculaci\u00f3n es el eje medular que permite brindar a nuestros egresados mejores oportunidades para su vida profesional y laboral; es mediante la Vinculaci\u00f3n que articulamos una serie de acuerdos y estrategias que nos permiten alcanzar nuestras metas y objetivos, coadyuvando a la vez al cumplimiento de otros a trav\u00e9s de un modelo de triple h\u00e9lice en el que participan decididamente la EMPRESA, UNIVERSIDAD y GOBIERNO.<\/p>\n\n\t\t<\/div> \n\t<\/div> <div class=\"vc_custom_heading\" ><h2 style=\"text-align: left;font-family:Abril Fatface;font-weight:400;font-style:normal\" >Para mayor informaci\u00f3n contactar a:<\/h2><\/div>\n\t<div class=\"wpb_text_column wpb_content_element \">\n\t\t<div class=\"wpb_wrapper\">\n\t\t\t<p><strong><em>Lic. Felipe Salazar Correa<br \/>\n<\/em><\/strong><em>Director de Vinculaci\u00f3n<\/em><\/p>\n<p><a href=\"mailto:vinculaci\u00f3n@utzac.edu.mx\"><em>vinculaci\u00f3n@utzac.edu.mx<br \/>\nfsalazar@utzac.edu.mx<\/em><\/a><\/p>\n\n\t\t<\/div> \n\t<\/div> \n\t\t<\/div> \n\t<\/div> \n<\/div><div class=\"vc_row-full-width\"><\/div>","protected":false},"excerpt":{"rendered":"\u00a0La Vinculaci\u00f3n puede asociarse a la relaci\u00f3n o a la uni\u00f3n de dos o m\u00e1s entidades, personas o cosas. En la Universidad Tecnol\u00f3gica la Vinculaci\u00f3n es el eje medular que permite brindar a nuestros egresados mejores oportunidades para su vida profesional y laboral; es mediante la Vinculaci\u00f3n que articulamos una serie de acuerdos y estrategias [...]","protected":false},"author":8,"featured_media":0,"parent":0,"menu_order":0,"comment_status":"closed","ping_status":"open","template":"","meta":[],"_links":{"self":[{"href":"https:\/\/www.utzac.edu.mx\/index.php?rest_route=\/wp\/v2\/pages\/6284"}],"collection":[{"href":"https:\/\/www.utzac.edu.mx\/index.php?rest_route=\/wp\/v2\/pages"}],"about":[{"href":"https:\/\/www.utzac.edu.mx\/index.php?rest_route=\/wp\/v2\/types\/page"}],"author":[{"embeddable":true,"href":"https:\/\/www.utzac.edu.mx\/index.php?rest_route=\/wp\/v2\/users\/8"}],"replies":[{"embeddable":true,"href":"https:\/\/www.utzac.edu.mx\/index.php?rest_route=%2Fwp%2Fv2%2Fcomments&post=6284"}],"version-history":[{"count":0,"href":"https:\/\/www.utzac.edu.mx\/index.php?rest_route=\/wp\/v2\/pages\/6284\/revisions"}],"wp:attachment":[{"href":"https:\/\/www.utzac.edu.mx\/index.php?rest_route=%2Fwp%2Fv2%2Fmedia&parent=6284"}],"curies":[{"name":"wp","href":"https:\/\/api.w.org\/{rel}","templated":true}]}}