{"id":6191,"date":"2015-06-03T15:00:06","date_gmt":"2015-06-03T20:00:06","guid":{"rendered":"http:\/\/www.utzac.edu.mx\/?page_id=6191"},"modified":"2021-12-09T13:52:17","modified_gmt":"2021-12-09T19:52:17","slug":"bolsa-de-trabajo-2","status":"publish","type":"page","link":"https:\/\/www.utzac.edu.mx\/?page_id=6191","title":{"rendered":"Bolsa de Trabajo"},"content":{"rendered":"<div class=\"vc_row wpb_row vc_row-fluid\"  >\n\t<div class=\"vc_col-sm-12 wpb_column vc_column_container \">\n\t\t<div class=\"wpb_wrapper\">\n\t\t\t\n\t<div class=\"wpb_text_column wpb_content_element \">\n\t\t<div class=\"wpb_wrapper\">\n\t\t\t<p>La Universidad Tecnol\u00f3gica del Estado de Zacatecas, cuenta con una Coordinaci\u00f3n de Bolsa de Trabajo, que opera como un facilitador para que las empresas cubran en el menor tiempo posible sus requerimientos de personal directivo, mando medio y operativo as\u00ed como de t\u00e9cnicos especializados. Para ello podemos participar en:<\/p>\n<ul>\n<li>Realizar la selecci\u00f3n y reclutamiento del personal conforme a perfil requerido<\/li>\n<li>Reunir a egresados para que acudan a entrevistas directas<\/li>\n<li>Facilitar nuestras instalaciones para que se realice proceso de Selecci\u00f3n y Reclutamiento<\/li>\n<li>Acordar con la empresa el proceso de selecci\u00f3n y reclutamiento conforme a sus necesidades.<\/li>\n<li>Ferias de empleo organizadas por Gobierno o por las empresas. Posterior a las necesidades de empleador se difunde en nuestras redes sociales para que nuestros egresados se enteren de la vacante que existe en la empresa de tal manera que al egresado se le informa el proceso de reclutamiento.<\/li>\n<\/ul>\n<p>Las empresas que han requerido de este servicio por lo regular lo han utilizado de manera regular lo que ha permitido incluso conformarnos como centro de reclutamiento de empresas como: Ahresty, Grupo Modelo, Epiroc, Aptiv, Pyrosmart entre otras.<\/p>\n<p>&nbsp;<\/p>\n\n\t\t<\/div> \n\t<\/div> <div class=\"vc_separator wpb_content_element vc_sep_width_100 vc_separator_no_text vc_sep_color_grey\">\n\t<span class=\"vc_sep_holder vc_sep_holder_l\"><span class=\"vc_sep_line\"><\/span><\/span>\n\t\t<span class=\"vc_sep_holder vc_sep_holder_r\"><span class=\"vc_sep_line\"><\/span><\/span>\n<\/div>\n\n<div class=\"vc_custom_heading\" ><h2 style=\"text-align: left;font-family:Abril Fatface;font-weight:400;font-style:normal\" >Para mayor informaci\u00f3n contactar a:<\/h2><\/div>\n\t<div class=\"wpb_text_column wpb_content_element \">\n\t\t<div class=\"wpb_wrapper\">\n\t\t\t<p><strong><em>Ma. Rosario Garc\u00eda Quintero<\/em><\/strong><\/p>\n<p><strong><em>Seguimiento de Egresados y bolsa de Trabajo<\/em><\/strong><\/p>\n<p><strong><em>Tel 92 7 61 81 al 84 Ext. 113<\/em><\/strong><\/p>\n<p><a href=\"mailto:sreyes@utzac.edu.mx\"><em>seguimientodeegresados@utzac.edu.mx<\/em><\/a><\/p>\n<p>mgarcia@utzac.edu.mx<\/p>\n<p><a href=\"mailto:vinculaci%C3%B3n@utzac.edu.mx\"><em>vinculaci\u00f3n@utzac.edu.mx<br \/>\n<\/em><\/a><\/p>\n\n\t\t<\/div> \n\t<\/div> \n\t\t<\/div> \n\t<\/div> \n<\/div><div class=\"vc_row-full-width\"><\/div>","protected":false},"excerpt":{"rendered":"La Universidad Tecnol\u00f3gica del Estado de Zacatecas, cuenta con una Coordinaci\u00f3n de Bolsa de Trabajo, que opera como un facilitador para que las empresas cubran en el menor tiempo posible sus requerimientos de personal directivo, mando medio y operativo as\u00ed como de t\u00e9cnicos especializados. Para ello podemos participar en: Realizar la selecci\u00f3n y reclutamiento del [...]","protected":false},"author":8,"featured_media":0,"parent":0,"menu_order":0,"comment_status":"open","ping_status":"open","template":"","meta":[],"_links":{"self":[{"href":"https:\/\/www.utzac.edu.mx\/index.php?rest_route=\/wp\/v2\/pages\/6191"}],"collection":[{"href":"https:\/\/www.utzac.edu.mx\/index.php?rest_route=\/wp\/v2\/pages"}],"about":[{"href":"https:\/\/www.utzac.edu.mx\/index.php?rest_route=\/wp\/v2\/types\/page"}],"author":[{"embeddable":true,"href":"https:\/\/www.utzac.edu.mx\/index.php?rest_route=\/wp\/v2\/users\/8"}],"replies":[{"embeddable":true,"href":"https:\/\/www.utzac.edu.mx\/index.php?rest_route=%2Fwp%2Fv2%2Fcomments&post=6191"}],"version-history":[{"count":0,"href":"https:\/\/www.utzac.edu.mx\/index.php?rest_route=\/wp\/v2\/pages\/6191\/revisions"}],"wp:attachment":[{"href":"https:\/\/www.utzac.edu.mx\/index.php?rest_route=%2Fwp%2Fv2%2Fmedia&parent=6191"}],"curies":[{"name":"wp","href":"https:\/\/api.w.org\/{rel}","templated":true}]}}