{"id":6137,"date":"2015-05-28T15:11:44","date_gmt":"2015-05-28T20:11:44","guid":{"rendered":"http:\/\/www.utzac.edu.mx\/?page_id=6137"},"modified":"2026-04-06T20:49:16","modified_gmt":"2026-04-07T02:49:16","slug":"centro-de-idiomas","status":"publish","type":"page","link":"https:\/\/www.utzac.edu.mx\/?page_id=6137","title":{"rendered":"Centro de Idiomas"},"content":{"rendered":"<div class=\"vc_row wpb_row vc_row-fluid\"  >\n\t<div class=\"vc_col-sm-12 wpb_column vc_column_container \">\n\t\t<div class=\"wpb_wrapper\">\n\t\t\t<div class=\"vc_custom_heading\" ><h2 style=\"text-align: left;font-family:Abril Fatface;font-weight:400;font-style:normal\" ><\/h2><\/div>\n\t<div class=\"wpb_text_column wpb_content_element \">\n\t\t<div class=\"wpb_wrapper\">\n\t\t\t<p>&nbsp;<\/p>\n\n\t\t<\/div> \n\t<\/div> <div class=\"vc_custom_heading\" ><h2 style=\"text-align: left;font-family:Abril Fatface;font-weight:400;font-style:normal\" >Informes e Inscripciones<\/h2><\/div>\n\t<div class=\"wpb_text_column wpb_content_element \">\n\t\t<div class=\"wpb_wrapper\">\n\t\t\t<p>Para m\u00e1s informaci\u00f3n marca:<\/p>\n<div>LEM Carolina Ch\u00e1vez Guti\u00e9rrez<\/div>\n<div class=\"gmail_default\"><a href=\"mailto:cgutierrez@utzac.edu.mx\" target=\"_blank\" rel=\"noopener\">cgutierrez@utzac.edu.mx<\/a><\/div>\n<div>Tel. 927 61 80 al 84<\/div>\n<div class=\"gmail_default\">ext 134<\/div>\n<p><img decoding=\"async\" loading=\"lazy\" class=\"wp-image-12975 aligncenter\" src=\"https:\/\/www.utzac.edu.mx\/wp-content\/uploads\/2022\/06\/LOGO-CENTRO-DE-IDIOMAS-300x281.jpg\" alt=\"\" width=\"93\" height=\"87\" srcset=\"https:\/\/www.utzac.edu.mx\/wp-content\/uploads\/2022\/06\/LOGO-CENTRO-DE-IDIOMAS-300x281.jpg 300w, https:\/\/www.utzac.edu.mx\/wp-content\/uploads\/2022\/06\/LOGO-CENTRO-DE-IDIOMAS-1024x959.jpg 1024w, https:\/\/www.utzac.edu.mx\/wp-content\/uploads\/2022\/06\/LOGO-CENTRO-DE-IDIOMAS-768x719.jpg 768w, https:\/\/www.utzac.edu.mx\/wp-content\/uploads\/2022\/06\/LOGO-CENTRO-DE-IDIOMAS-1536x1438.jpg 1536w, https:\/\/www.utzac.edu.mx\/wp-content\/uploads\/2022\/06\/LOGO-CENTRO-DE-IDIOMAS-700x655.jpg 700w, https:\/\/www.utzac.edu.mx\/wp-content\/uploads\/2022\/06\/LOGO-CENTRO-DE-IDIOMAS-600x562.jpg 600w, https:\/\/www.utzac.edu.mx\/wp-content\/uploads\/2022\/06\/LOGO-CENTRO-DE-IDIOMAS.jpg 1646w\" sizes=\"(max-width: 93px) 100vw, 93px\" \/><\/p>\n\n\t\t<\/div> \n\t<\/div> \n\t\t<\/div> \n\t<\/div> \n<\/div><div class=\"vc_row-full-width\"><\/div>","protected":false},"excerpt":{"rendered":"&nbsp; Informes e Inscripciones Para m\u00e1s informaci\u00f3n marca: LEM Carolina Ch\u00e1vez Guti\u00e9rrez cgutierrez@utzac.edu.mx Tel. 927 61 80 al 84 ext 134","protected":false},"author":8,"featured_media":0,"parent":0,"menu_order":0,"comment_status":"open","ping_status":"open","template":"","meta":[],"_links":{"self":[{"href":"https:\/\/www.utzac.edu.mx\/index.php?rest_route=\/wp\/v2\/pages\/6137"}],"collection":[{"href":"https:\/\/www.utzac.edu.mx\/index.php?rest_route=\/wp\/v2\/pages"}],"about":[{"href":"https:\/\/www.utzac.edu.mx\/index.php?rest_route=\/wp\/v2\/types\/page"}],"author":[{"embeddable":true,"href":"https:\/\/www.utzac.edu.mx\/index.php?rest_route=\/wp\/v2\/users\/8"}],"replies":[{"embeddable":true,"href":"https:\/\/www.utzac.edu.mx\/index.php?rest_route=%2Fwp%2Fv2%2Fcomments&post=6137"}],"version-history":[{"count":1,"href":"https:\/\/www.utzac.edu.mx\/index.php?rest_route=\/wp\/v2\/pages\/6137\/revisions"}],"predecessor-version":[{"id":15069,"href":"https:\/\/www.utzac.edu.mx\/index.php?rest_route=\/wp\/v2\/pages\/6137\/revisions\/15069"}],"wp:attachment":[{"href":"https:\/\/www.utzac.edu.mx\/index.php?rest_route=%2Fwp%2Fv2%2Fmedia&parent=6137"}],"curies":[{"name":"wp","href":"https:\/\/api.w.org\/{rel}","templated":true}]}}