{"id":5873,"date":"2015-03-31T18:10:50","date_gmt":"2015-04-01T00:10:50","guid":{"rendered":"http:\/\/www.utzac.edu.mx\/?page_id=5873"},"modified":"2015-06-10T10:41:29","modified_gmt":"2015-06-10T15:41:29","slug":"politicas-privacidad","status":"publish","type":"page","link":"https:\/\/www.utzac.edu.mx\/?page_id=5873","title":{"rendered":"Pol\u00edticas de Privacidad"},"content":{"rendered":"<p>Los datos personales (\u201clos Datos\u201d) publicados y solicitados por UNIVERSIDAD TECNOLOGICA DEL ESTADO DE ZACATECAS con domicilio en CARRETERA ZACATECAS, CD CUAUHT\u00c9MOC KM 5, EJIDO CIENEGUITAS GUADALUPE ZACATECAS 98601. ; son con la finalidad de brindarle el servicio que nos solicita, conocer sus necesidades de productos o servicios y estar en posibilidad de ofrecerle los que m\u00e1s se adec\u00faen a sus preferencias; comunicarle promociones, atender quejas y aclaraciones, y en su caso, tratarlos para fines compatibles con los mencionados en este Aviso de Privacidad y que se consideren an\u00e1logos para efectos legales.<\/p>\n<p>En caso de formalizar con Usted la aceptaci\u00f3n de alg\u00fan servicio ofrecido por UNIVERSIDAD TECNOLOGICA DEL ESTADO DE ZACATECAS, sus Datos ser\u00e1n utilizados para el cumplimiento de las obligaciones derivadas de esa relaci\u00f3n jur\u00eddica. Los Datos podr\u00edan ser transferidos a sociedades subsidiarias, filiales, afiliadas y controladoras de UNIVERSIDAD TECNOLOGICA DEL ESTADO DE ZACATECAS, dentro de territorio nacional sin un fin comercial, ni il\u00edcito, sino \u00fanicamente para cumplir con los mismos fines establecidos en el p\u00e1rrafo anterior. Los Datos ser\u00e1n tratados de conformidad con la Ley Federal de Protecci\u00f3n de Datos Personales en Posesi\u00f3n de los Particulares y su Reglamento (cuando este sea expedido).<\/p>\n<p>La confidencialidad de los Datos est\u00e1 garantizada y los mismos est\u00e1n protegidos por medidas de seguridad administrativas, t\u00e9cnicas y f\u00edsicas, para evitar su da\u00f1o, p\u00e9rdida, alteraci\u00f3n, destrucci\u00f3n, uso, acceso o divulgaci\u00f3n indebida. \u00danicamente las personas autorizadas tendr\u00e1n acceso a sus Datos.<br \/>\nEn caso de existir alguna modificaci\u00f3n al presente Aviso de Privacidad se har\u00e1 de su conocimiento en este mismo sitio de Internet. Podr\u00e1 ejercer los derechos de acceso, rectificaci\u00f3n, cancelaci\u00f3n u oposici\u00f3n al tratamiento de sus Datos (derechos ARCO), presentando su solicitud a trav\u00e9s del correo electr\u00f3nico: contacto@utzac.edu.mx o por escrito dirigido al \u00e1rea de Atenci\u00f3n de Datos Personales a la direcci\u00f3n CARRETERA ZACATECAS, CD CUAUHT\u00c9MOC KM 5, EJIDO CIENEGUITAS GUADALUPE ZACATECAS 98601. Dicha solicitud deber\u00e1 contener por lo menos: (a) nombre y domicilio u otro medio para comunicarle la respuesta a su solicitud; (b) los documentos que acrediten su identidad o, en su caso, la representaci\u00f3n legal; (c) la descripci\u00f3n clara y precisa de los datos personales respecto de los que se solicita ejercer alguno de los derechos ARCO, (d) la manifestaci\u00f3n expresa para revocar su consentimiento al tratamiento de sus datos personales y por tanto, para que no se usen; (e) cualquier otro elemento que facilite la localizaci\u00f3n de los datos personales. \u00bfCu\u00e1ndo puede usted ejercer sus derechos ARCO? En t\u00e9rminos de la LFPDPPP, a partir del 6 de enero de 2012, usted podr\u00e1 iniciar el procedimiento de protecci\u00f3n de derechos ARCO ante el Instituto Federal de Acceso a la Informaci\u00f3n y Protecci\u00f3n de Datos Personales (IFAI) dentro de los 15 d\u00edas siguientes a la fecha en que UNIVERSIDAD TECNOLOGICA DEL ESTADO DE ZACATECAS\u00a0de respuesta a su solicitud o, si transcurrido el t\u00e9rmino que se\u00f1ala la Ley, UNIVERSIDAD TECNOLOGICA DEL ESTADO DE ZACATECAS\u00a0no diera respuesta a su solicitud.<\/p>\n ","protected":false},"excerpt":{"rendered":"<p>Los datos personales (\u201clos Datos\u201d) publicados y solicitados por UNIVERSIDAD TECNOLOGICA DEL ESTADO DE ZACATECAS con domicilio en CARRETERA ZACATECAS, CD CUAUHT\u00c9MOC KM 5, EJIDO CIENEGUITAS GUADALUPE ZACATECAS 98601. ; son con la finalidad de brindarle el servicio que nos solicita, conocer sus necesidades de productos o servicios y estar en posibilidad de ofrecerle los [&hellip;]<\/p>\n","protected":false},"author":8,"featured_media":0,"parent":0,"menu_order":0,"comment_status":"closed","ping_status":"open","template":"","meta":{"_eb_attr":""},"_links":{"self":[{"href":"https:\/\/www.utzac.edu.mx\/index.php?rest_route=\/wp\/v2\/pages\/5873"}],"collection":[{"href":"https:\/\/www.utzac.edu.mx\/index.php?rest_route=\/wp\/v2\/pages"}],"about":[{"href":"https:\/\/www.utzac.edu.mx\/index.php?rest_route=\/wp\/v2\/types\/page"}],"author":[{"embeddable":true,"href":"https:\/\/www.utzac.edu.mx\/index.php?rest_route=\/wp\/v2\/users\/8"}],"replies":[{"embeddable":true,"href":"https:\/\/www.utzac.edu.mx\/index.php?rest_route=%2Fwp%2Fv2%2Fcomments&post=5873"}],"version-history":[{"count":0,"href":"https:\/\/www.utzac.edu.mx\/index.php?rest_route=\/wp\/v2\/pages\/5873\/revisions"}],"wp:attachment":[{"href":"https:\/\/www.utzac.edu.mx\/index.php?rest_route=%2Fwp%2Fv2%2Fmedia&parent=5873"}],"curies":[{"name":"wp","href":"https:\/\/api.w.org\/{rel}","templated":true}]}}