{"id":5713,"date":"2015-03-03T17:06:27","date_gmt":"2015-03-03T23:06:27","guid":{"rendered":"http:\/\/www.utzac.edu.mx\/?page_id=5713"},"modified":"2015-06-23T09:47:58","modified_gmt":"2015-06-23T14:47:58","slug":"ingenieria-en-mecatronica","status":"publish","type":"page","link":"https:\/\/www.utzac.edu.mx\/?page_id=5713","title":{"rendered":"Ingenier\u00eda en Mecatr\u00f3nica"},"content":{"rendered":"\t<div class=\"vc_row wpb_row vc_row-fluid\"  >\n\t<div class=\"vc_col-sm-12 wpb_column vc_column_container \">\n\t\t<div class=\"wpb_wrapper\">\n\t\t\t<div class=\"vc_custom_heading\" ><h2 style=\"text-align: left;font-family:Abril Fatface;font-weight:400;font-style:normal\" >Competencias profesionales desarrolladas <\/h2><\/div>\n\t<div class=\"wpb_text_column wpb_content_element \">\n\t\t<div class=\"wpb_wrapper\">\n\t\t\t<p>1. Desarrollar proyectos de automatizaci\u00f3n y control, a trav\u00e9s del dise\u00f1o, administraci\u00f3n y aplicaci\u00f3n de nuevas tecnolog\u00edas para satisfacer las necesidades del sector productivo.<\/p>\n<ul>\n<li>1.1. Dise\u00f1ar Sistemas el\u00e9ctricos, mec\u00e1nicos y electr\u00f3nicos a trav\u00e9s de proyectos integradores, para automatizar y controlar procesos productivos.<\/li>\n<li>1.2. Administrar Recursos humanos, materiales y energ\u00e9ticos considerando el dise\u00f1o y requerimientos de conservaci\u00f3n de un sistema de Automatizaci\u00f3n y control, a trav\u00e9s de la metodolog\u00eda de administraci\u00f3n por proyectos para la efectiva implementaci\u00f3n del proyecto.<\/li>\n<li>1.3. Dirigir Proyectos integrados de sistemas el\u00e9ctricos, mec\u00e1nicos y electr\u00f3nicos a trav\u00e9s del plan de desarrollo y de conservaci\u00f3n para su eficaz implementaci\u00f3n en la automatizaci\u00f3n y control de sistemas.<\/li>\n<\/ul>\n<p><strong>ESCENARIOS DE ACTUACI\u00d3N<\/strong><\/p>\n<p>El ingeniero en Mecatr\u00f3nica podr\u00e1 desenvolverse en:<\/p>\n<ul>\n<li>Empresas p\u00fablicas y privadas dedicadas a procesos productivos industriales.<\/li>\n<li>Empresas concesionarias de equipos autom\u00e1ticos y m\u00e1quinas aut\u00f3matas y de venta de partes.<\/li>\n<li>Empresa propia de dise\u00f1o, desarrollo y mantenimiento en sistemas industriales mecatr\u00f3nicos en automatizaci\u00f3n y control.<\/li>\n<\/ul>\n<p><strong>OCUPACIONES PROFESIONALES<\/strong><\/p>\n<p>El ingeniero en Mecatr\u00f3nica podr\u00e1 desempe\u00f1arse como:<\/p>\n<ul>\n<li>Ingeniero de dise\u00f1o de sistemas mecatr\u00f3nicos en automatizaci\u00f3n y control.<\/li>\n<li>Consultor de proyectos de integraci\u00f3n de sistemas autom\u00e1ticos y de control<\/li>\n<li>Investigador y desarrollador de tecnol\u00f3gicas en automatizaci\u00f3n<\/li>\n<\/ul>\n<div class=\"su-document su-u-responsive-media-yes\"><iframe src=\"\/\/docs.google.com\/viewer?embedded=true&url=https:\/\/www.utzac.edu.mx\/wp-content\/uploads\/2015\/02\/Ing_Mecatronica.pdf\" width=\"280\" height=\"280\" class=\"su-document\" title=\"\"><\/iframe><\/div>\n\n\t\t<\/div> \n\t<\/div> \n\t\t<\/div> \n\t<\/div> \n<\/div><div class=\"vc_row-full-width\"><\/div>\n","protected":false},"excerpt":{"rendered":"Competencias profesionales desarrolladas 1. Desarrollar proyectos de automatizaci\u00f3n y control, a trav\u00e9s del dise\u00f1o, administraci\u00f3n y aplicaci\u00f3n de nuevas tecnolog\u00edas para satisfacer las necesidades del sector productivo. 1.1. Dise\u00f1ar Sistemas el\u00e9ctricos, mec\u00e1nicos y electr\u00f3nicos a trav\u00e9s de proyectos integradores, para automatizar y controlar procesos productivos. 1.2. Administrar Recursos humanos, materiales y energ\u00e9ticos considerando el dise\u00f1o [...]","protected":false},"author":8,"featured_media":0,"parent":0,"menu_order":0,"comment_status":"closed","ping_status":"open","template":"","meta":[],"_links":{"self":[{"href":"https:\/\/www.utzac.edu.mx\/index.php?rest_route=\/wp\/v2\/pages\/5713"}],"collection":[{"href":"https:\/\/www.utzac.edu.mx\/index.php?rest_route=\/wp\/v2\/pages"}],"about":[{"href":"https:\/\/www.utzac.edu.mx\/index.php?rest_route=\/wp\/v2\/types\/page"}],"author":[{"embeddable":true,"href":"https:\/\/www.utzac.edu.mx\/index.php?rest_route=\/wp\/v2\/users\/8"}],"replies":[{"embeddable":true,"href":"https:\/\/www.utzac.edu.mx\/index.php?rest_route=%2Fwp%2Fv2%2Fcomments&post=5713"}],"version-history":[{"count":0,"href":"https:\/\/www.utzac.edu.mx\/index.php?rest_route=\/wp\/v2\/pages\/5713\/revisions"}],"wp:attachment":[{"href":"https:\/\/www.utzac.edu.mx\/index.php?rest_route=%2Fwp%2Fv2%2Fmedia&parent=5713"}],"curies":[{"name":"wp","href":"https:\/\/api.w.org\/{rel}","templated":true}]}}