{"id":5705,"date":"2015-03-03T17:04:22","date_gmt":"2015-03-03T23:04:22","guid":{"rendered":"http:\/\/www.utzac.edu.mx\/?page_id=5705"},"modified":"2023-07-04T16:37:37","modified_gmt":"2023-07-04T22:37:37","slug":"mecatronica","status":"publish","type":"page","link":"https:\/\/www.utzac.edu.mx\/?page_id=5705","title":{"rendered":"Mecatr\u00f3nica"},"content":{"rendered":"<div class=\"vc_row wpb_row vc_row-fluid\"  >\n\t<div class=\"vc_col-sm-12 wpb_column vc_column_container \">\n\t\t<div class=\"wpb_wrapper\">\n\t\t\t<div class=\"vc_custom_heading\" ><h2 style=\"text-align: left;font-family:Abril Fatface;font-weight:400;font-style:normal\" >Competencias Profesionales<\/h2><\/div>\n\t<div class=\"wpb_text_column wpb_content_element \">\n\t\t<div class=\"wpb_wrapper\">\n\t\t\t<p>Las competencias profesionales son las destrezas y actitudes que permiten al T\u00e9cnico Superior Universitario desarrollar actividades en su \u00e1rea profesional, adaptarse a nuevas situaciones, as\u00ed como transferir, si es necesario, sus conocimientos, habilidades y actitudes a \u00e1reas profesionales pr\u00f3ximas.<\/p>\n\n\t\t<\/div> \n\t<\/div> \n\t\t<\/div> \n\t<\/div> \n<\/div><div class=\"vc_row-full-width\"><\/div>\t<div class=\"vc_row wpb_row vc_row-fluid\"  >\n\t<div class=\"vc_col-sm-12 wpb_column vc_column_container \">\n\t\t<div class=\"wpb_wrapper\">\n\t\t\t<div class=\"vc_custom_heading\" ><h2 style=\"text-align: left;font-family:Abril Fatface;font-weight:400;font-style:normal\" >Competencias gen\u00e9ricas<\/h2><\/div>\n\t<div class=\"wpb_text_column wpb_content_element \">\n\t\t<div class=\"wpb_wrapper\">\n\t\t\t<p>Capacidad de an\u00e1lisis y s\u00edntesis, habilidades para la investigaci\u00f3n b\u00e1sica, las capacidades individuales y las destrezas sociales, habilidades gerenciales y las habilidades para comunicarse en un segundo idioma.<\/p>\n\n\t\t<\/div> \n\t<\/div> \n\t\t<\/div> \n\t<\/div> \n<\/div><div class=\"vc_row-full-width\"><\/div>\t<div class=\"vc_row wpb_row vc_row-fluid\"  >\n\t<div class=\"vc_col-sm-12 wpb_column vc_column_container \">\n\t\t<div class=\"wpb_wrapper\">\n\t\t\t\n\t<div class=\"wpb_tabs wpb_content_element\" data-interval=\"0\">\n\t\t<div class=\"wpb_wrapper wpb_tour_tabs_wrapper ui-tabs vc_clearfix\">\n\t\t\t<ul class=\"wpb_tabs_nav ui-tabs-nav vc_clearfix\"><li><a href=\"#tab-1425430327788-8\">Area Automatizaci\u00f3n<\/a><\/li><li><a href=\"#tab-1425430328013-10\">Area sistemas de manufactura flexible<\/a><\/li><\/ul>\n\n\t\t\t\n\t\t\t<div id=\"tab-1425430327788-8\" class=\"wpb_tab ui-tabs-panel wpb_ui-tabs-hide vc_clearfix\">\n\t\t\t\t\n\t<div class=\"wpb_text_column wpb_content_element \">\n\t\t<div class=\"wpb_wrapper\">\n\t\t\t<p>Competencias espec\u00edficas desarrolladas en esta \u00e1rea:<\/p>\n<p>1. Desarrollar y conservar sistemas automatizados y de control, utilizando tecnolog\u00eda adecuada, de acuerdo a normas, especificaciones t\u00e9cnicas y de seguridad para mejorar y mantener los procesos productivos.<\/p>\n<ul>\n<li>1.1 Planear Sistemas Automatizados y de Control considerando los aspectos t\u00e9cnicos, econ\u00f3micos y normativos, utilizando tecnolog\u00edas de la informaci\u00f3n; para garantizar la disponibilidad operacional.<\/li>\n<li>1.2 Implementar sistemas automatizados y de control considerando la planeaci\u00f3n establecida, para instalar, poner en marcha y probar el funcionamiento del sistema.<\/li>\n<li>1.3 Supervisar el mantenimiento a equipos automatizados y de control acorde a las normas, est\u00e1ndares, especificaciones t\u00e9cnicas y plan de mantenimiento, para contribuir a la operaci\u00f3n del proceso.<\/li>\n<\/ul>\n<p>2.\u00a0Implementar Sistemas de Medici\u00f3n y Control bajo los est\u00e1ndares establecidos, para el correcto funcionamiento de los procesos industriales.<\/p>\n<ul>\n<li>2.1 Supervisar los instrumentos o equipo de medici\u00f3n y control de acuerdo a las necesidades propias del proceso y la normatividad aplicable, para realizar su diagn\u00f3stico.<\/li>\n<li>2.2. Integrar los componentes del sistema de medici\u00f3n y control de acuerdo a las necesidades y especificaciones t\u00e9cnicas, para mantener y\/o mejorar el proceso.<\/li>\n<li>3.3 Establecer enlaces entre equipos y\/o dispositivos considerando las necesidades y recursos de la empresa, as\u00ed como la normatividad establecida, para eficientar los procesos de comunicaci\u00f3n y control.<\/li>\n<\/ul>\n<p><strong>ESCENARIOS DE ACTUACI\u00d3N<\/strong><\/p>\n<p>El T\u00e9cnico Superior Universitario en Mecatr\u00f3nica \u00e1rea Automatizaci\u00f3n podr\u00e1 desenvolverse en:<\/p>\n<ul>\n<li>Empresas dedicadas a la fabricaci\u00f3n de sistemas y componentes el\u00e9ctricos y \/ o electr\u00f3nicos.<\/li>\n<li>Empresas dedicadas a integrar proyectos de Automatizaci\u00f3n de procesos.<\/li>\n<li>\u00c1rea de mantenimiento de sistemas automatizados en:<\/li>\n<li>Industrias qu\u00edmicas, farmac\u00e9uticas, transformaci\u00f3n de la madera, metal mec\u00e1nica, automotriz, textil y de la confecci\u00f3n, proceso de alimentos, sector el\u00e9ctrico.<\/li>\n<li>Empresas dedicadas a proporcionar servicios generales especializados.<\/li>\n<\/ul>\n<p><strong>OCUPACIONES PROFESIONALES<\/strong><\/p>\n<p>El T\u00e9cnico Superior Universitario en Mecatr\u00f3nica \u00e1rea Automatizaci\u00f3n podr\u00e1 desempe\u00f1arse como:<\/p>\n<ul>\n<li>Jefe de Departamento.<\/li>\n<li>Supervisor de mantenimiento, \u00e1rea y procesos.<\/li>\n<li>Auxiliar del departamento de Dise\u00f1o e ingenier\u00eda.<\/li>\n<li>Coordinador de Proyecto.<\/li>\n<li>Soporte T\u00e9cnico de la micro, peque\u00f1a y mediana empresa.<\/li>\n<li>Empresario.<\/li>\n<\/ul>\n<div class=\"su-document su-u-responsive-media-yes\"><iframe src=\"\/\/docs.google.com\/viewer?embedded=true&url=https:\/\/www.utzac.edu.mx\/wp-content\/uploads\/2015\/02\/Automatizacion-TSU1.pdf\" width=\"280\" height=\"280\" class=\"su-document\" title=\"\"><\/iframe><\/div>\n\n\t\t<\/div> \n\t<\/div> \n\t\t\t<\/div> \n\t\t\t<div id=\"tab-1425430328013-10\" class=\"wpb_tab ui-tabs-panel wpb_ui-tabs-hide vc_clearfix\">\n\t\t\t\t\n\t<div class=\"wpb_text_column wpb_content_element \">\n\t\t<div class=\"wpb_wrapper\">\n\t\t\t<div class=\"su-document su-u-responsive-media-yes\"><iframe src=\"\/\/docs.google.com\/viewer?embedded=true&url=https:\/\/www.utzac.edu.mx\/wp-content\/uploads\/2023\/07\/OE-AE-MTSMF.pdf\" width=\"600\" height=\"400\" class=\"su-document\" title=\"\"><\/iframe><\/div>\n<p>Competencias espec\u00edficas desarrolladas en esta \u00e1rea:<\/p>\n<p>1. Desarrollar y conservar sistemas automatizados y de control, utilizando tecnolog\u00eda adecuada, de acuerdo a normas, especificaciones t\u00e9cnicas y de seguridad para mejorar y mantener los procesos productivos.<\/p>\n<ul>\n<li>1.1 Planear Sistemas Automatizados y de Control considerando los aspectos t\u00e9cnicos, econ\u00f3micos y normativos, utilizando tecnolog\u00edas de la informaci\u00f3n; para garantizar la disponibilidad operacional.<\/li>\n<li>1.2 Implementar sistemas automatizados y de control considerando la planeaci\u00f3n establecida, para instalar, poner en marcha y probar el funcionamiento del sistema.<\/li>\n<li>1.3 Supervisar el mantenimiento a equipos automatizados y de control acorde a las normas, est\u00e1ndares, especificaciones t\u00e9cnicas y plan de mantenimiento, para contribuir a la operaci\u00f3n del proceso.<\/li>\n<\/ul>\n<p>2.\u00a0Desarrollar el proceso de manufactura utilizando t\u00e9cnicas y m\u00e9todos automatizados para la fabricaci\u00f3n de piezas y ensambles mec\u00e1nicos.<\/p>\n<ul>\n<li>2.1. Formular planos a trav\u00e9s de software especializado, para determinar las especificaciones t\u00e9cnicas de las piezas y ensambles.<\/li>\n<li>2.2. Organizar procesos de manufactura de piezas y ensambles utilizando herramientas de CAD-CAM y\/o sistema de manufactura flexible, para la fabricaci\u00f3n de componentes.<\/li>\n<\/ul>\n<p><strong>ESCENARIOS DE ACTUACI\u00d3N<\/strong><\/p>\n<p>El T\u00e9cnico Superior Universitario en Mecatr\u00f3nica \u00e1rea Sistemas de Manufactura Flexible podr\u00e1 desenvolverse en:<\/p>\n<ul>\n<li>Empresas dedicadas a la fabricaci\u00f3n de sistemas y componentes el\u00e9ctricos y \/ o electr\u00f3nicos.<\/li>\n<li>Empresas dedicadas a integrar proyectos de Automatizaci\u00f3n de procesos.<\/li>\n<li>\u00c1rea de mantenimiento de sistemas automatizados en:<\/li>\n<li>Industrias qu\u00edmicas, farmac\u00e9uticas, transformaci\u00f3n de la madera, metal mec\u00e1nica, automotriz, textil y de la confecci\u00f3n, proceso de alimentos, sector el\u00e9ctrico.<\/li>\n<li>Empresas dedicadas a proporcionar Servicios Generales especializados.<\/li>\n<\/ul>\n<p><strong>OCUPACIONES PROFESIONALES<\/strong><\/p>\n<p>El T\u00e9cnico Superior Universitario en Mecatr\u00f3nica \u00e1rea Sistemas de Manufactura Flexible podr\u00e1 desempe\u00f1arse como:<\/p>\n<ul>\n<li>Jefe de Departamento.<\/li>\n<li>Supervisor de mantenimiento, \u00e1rea y procesos.<\/li>\n<li>Auxiliar del departamento de Dise\u00f1o e ingenier\u00eda.<\/li>\n<li>Coordinador de Proyecto.<\/li>\n<li>Soporte T\u00e9cnico de la micro, peque\u00f1a y mediana empresa.<\/li>\n<li>Empresario.<\/li>\n<\/ul>\n<div class=\"su-document su-u-responsive-media-yes\"><iframe src=\"\/\/docs.google.com\/viewer?embedded=true&url=https:\/\/www.utzac.edu.mx\/wp-content\/uploads\/2015\/02\/manufactura-flexible-TSU1.pdf\" width=\"280\" height=\"280\" class=\"su-document\" title=\"\"><\/iframe><\/div>\n\n\t\t<\/div> \n\t<\/div> \n\t\t\t<\/div> \n\t\t<\/div> \n\t<\/div> \n\t\t<\/div> \n\t<\/div> \n<\/div><div class=\"vc_row-full-width\"><\/div>","protected":false},"excerpt":{"rendered":"Competencias Profesionales Las competencias profesionales son las destrezas y actitudes que permiten al T\u00e9cnico Superior Universitario desarrollar actividades en su \u00e1rea profesional, adaptarse a nuevas situaciones, as\u00ed como transferir, si es necesario, sus conocimientos, habilidades y actitudes a \u00e1reas profesionales pr\u00f3ximas. Competencias gen\u00e9ricas Capacidad de an\u00e1lisis y s\u00edntesis, habilidades para la investigaci\u00f3n b\u00e1sica, las capacidades [...]","protected":false},"author":8,"featured_media":0,"parent":0,"menu_order":0,"comment_status":"closed","ping_status":"open","template":"","meta":{"_eb_attr":""},"_links":{"self":[{"href":"https:\/\/www.utzac.edu.mx\/index.php?rest_route=\/wp\/v2\/pages\/5705"}],"collection":[{"href":"https:\/\/www.utzac.edu.mx\/index.php?rest_route=\/wp\/v2\/pages"}],"about":[{"href":"https:\/\/www.utzac.edu.mx\/index.php?rest_route=\/wp\/v2\/types\/page"}],"author":[{"embeddable":true,"href":"https:\/\/www.utzac.edu.mx\/index.php?rest_route=\/wp\/v2\/users\/8"}],"replies":[{"embeddable":true,"href":"https:\/\/www.utzac.edu.mx\/index.php?rest_route=%2Fwp%2Fv2%2Fcomments&post=5705"}],"version-history":[{"count":0,"href":"https:\/\/www.utzac.edu.mx\/index.php?rest_route=\/wp\/v2\/pages\/5705\/revisions"}],"wp:attachment":[{"href":"https:\/\/www.utzac.edu.mx\/index.php?rest_route=%2Fwp%2Fv2%2Fmedia&parent=5705"}],"curies":[{"name":"wp","href":"https:\/\/api.w.org\/{rel}","templated":true}]}}