{"id":5703,"date":"2015-03-03T17:04:02","date_gmt":"2015-03-03T23:04:02","guid":{"rendered":"http:\/\/www.utzac.edu.mx\/?page_id=5703"},"modified":"2015-05-27T15:39:58","modified_gmt":"2015-05-27T20:39:58","slug":"mantenimiento","status":"publish","type":"page","link":"https:\/\/www.utzac.edu.mx\/?page_id=5703","title":{"rendered":"Mantenimiento Industrial"},"content":{"rendered":"\t<div class=\"vc_row wpb_row vc_row-fluid\"  >\n\t<div class=\"vc_col-sm-12 wpb_column vc_column_container \">\n\t\t<div class=\"wpb_wrapper\">\n\t\t\t<div class=\"vc_custom_heading\" ><h2 style=\"text-align: left;font-family:Abril Fatface;font-weight:400;font-style:normal\" >Competencias profesionales desarrolladas<\/h2><\/div>\n\t<div class=\"wpb_text_column wpb_content_element \">\n\t\t<div class=\"wpb_wrapper\">\n\t\t\t<p>1. Gestionar las actividades de mantenimiento mediante la integraci\u00f3n del plan maestro, para garantizar la operaci\u00f3n y contribuir a la productividad de la organizaci\u00f3n.<\/p>\n<ul>\n<li>1.1 Definir el universo de mantenimiento a trav\u00e9s de la integraci\u00f3n de la informaci\u00f3n t\u00e9cnica, para elaborar el plan maestro de mantenimiento<\/li>\n<li>1.2 Desarrollar el plan maestro de mantenimiento con base en la jerarquizaci\u00f3n de equipos y frecuencia de actividades, presupuesto autorizado y pol\u00edticas de la organizaci\u00f3n, para gestionar los recursos, optimizar la operaci\u00f3n y el servicio.<\/li>\n<li>1.3. Controlar el cumplimiento del plan maestro de mantenimiento mediante el seguimiento de las actividades y evaluaci\u00f2n de resultados, para proponer mejoras y garantizar el funcionamiento de los equipos de la organizaci\u00f3n.<\/li>\n<\/ul>\n<p>2.\u00a0Supervisar el reemplazo o fabricaci\u00f3n de partes de los sistemas electromec\u00e1nicos en maquinaria, equipo y redes de distribuci\u00f3n industrial empleado normas para mantener en \u00f3ptimas condiciones los sistemas.<\/p>\n<ul>\n<li>2.1 Diagnosticar las caracter\u00edsticas del desempe\u00f1o de los sistemas y sus elementos a partir de la interpretaci\u00f3n de planos y diagramas, especificaciones y normatividad aplicable; para establecer los criterios de reemplazo o fabricaci\u00f3n de partes.<\/li>\n<li>2.2. Coordinar el reemplazo o fabricaci\u00f3n de partes de sistemas: electromec\u00e1nicos industriales y de distribuci\u00f3n de acuerdo a las pol\u00edticas de la organizaci\u00f3n, el diagn\u00f3stico, la normatividad aplicable y especificaciones t\u00e9cnicas del fabricante; para el cumplimiento del plan maestro.<\/li>\n<\/ul>\n<p><strong>ESCENARIOS DE ACTUACI\u00d3N<\/strong><\/p>\n<p>El T\u00e9cnico Superior Universitario en Mantenimiento \u00e1rea Industrial podr\u00e1 desenvolverse en:<\/p>\n<ul>\n<li>Empresas p\u00fablicas y privadas dedicadas de los sectores primario, secundario y terciario tales como: Miner\u00eda, Pesca y Agricultura.<\/li>\n<li>Empresas metalmec\u00e1nicas, alimenticias, del pl\u00e1stico, qu\u00edmicas, del vestir, aeron\u00e1uticas, automotrices, de electrodom\u00e9sticos, farmac\u00e9uticas, entre otras.<\/li>\n<li>Empresas de servicio como hoteles, hospitales, entre otros.<\/li>\n<li>Su propia empresa de Mantenimiento Industrial.<\/li>\n<\/ul>\n<p><strong>OCUPACIONES PROFESIONALES<\/strong><\/p>\n<p>El T\u00e9cnico Superior Universitario en Mantenimiento \u00e1rea Industrial podr\u00e1 desempe\u00f1arse como:<\/p>\n<ul>\n<li>Supervisor de Mantenimiento.<\/li>\n<li>Planeador de Mantenimiento.<\/li>\n<li>Jefe de Mantenimiento.<\/li>\n<li>L\u00edder de Mantenimiento.<\/li>\n<li>T\u00e9cnico en Mantenimiento.<\/li>\n<\/ul>\n<div class=\"su-document su-u-responsive-media-yes\"><iframe src=\"\/\/docs.google.com\/viewer?embedded=true&url=https:\/\/www.utzac.edu.mx\/wp-content\/uploads\/2015\/02\/Mantenimiento_Industrial-TSU.pdf\" width=\"280\" height=\"280\" class=\"su-document\" title=\"\"><\/iframe><\/div>\n\n\t\t<\/div> \n\t<\/div> \n\t\t<\/div> \n\t<\/div> \n<\/div><div class=\"vc_row-full-width\"><\/div>\n","protected":false},"excerpt":{"rendered":"Competencias profesionales desarrolladas 1. Gestionar las actividades de mantenimiento mediante la integraci\u00f3n del plan maestro, para garantizar la operaci\u00f3n y contribuir a la productividad de la organizaci\u00f3n. 1.1 Definir el universo de mantenimiento a trav\u00e9s de la integraci\u00f3n de la informaci\u00f3n t\u00e9cnica, para elaborar el plan maestro de mantenimiento 1.2 Desarrollar el plan maestro de [...]","protected":false},"author":8,"featured_media":0,"parent":0,"menu_order":0,"comment_status":"closed","ping_status":"open","template":"","meta":[],"_links":{"self":[{"href":"https:\/\/www.utzac.edu.mx\/index.php?rest_route=\/wp\/v2\/pages\/5703"}],"collection":[{"href":"https:\/\/www.utzac.edu.mx\/index.php?rest_route=\/wp\/v2\/pages"}],"about":[{"href":"https:\/\/www.utzac.edu.mx\/index.php?rest_route=\/wp\/v2\/types\/page"}],"author":[{"embeddable":true,"href":"https:\/\/www.utzac.edu.mx\/index.php?rest_route=\/wp\/v2\/users\/8"}],"replies":[{"embeddable":true,"href":"https:\/\/www.utzac.edu.mx\/index.php?rest_route=%2Fwp%2Fv2%2Fcomments&post=5703"}],"version-history":[{"count":0,"href":"https:\/\/www.utzac.edu.mx\/index.php?rest_route=\/wp\/v2\/pages\/5703\/revisions"}],"wp:attachment":[{"href":"https:\/\/www.utzac.edu.mx\/index.php?rest_route=%2Fwp%2Fv2%2Fmedia&parent=5703"}],"curies":[{"name":"wp","href":"https:\/\/api.w.org\/{rel}","templated":true}]}}