{"id":5689,"date":"2015-03-03T15:47:53","date_gmt":"2015-03-03T21:47:53","guid":{"rendered":"http:\/\/www.utzac.edu.mx\/?page_id=5689"},"modified":"2015-05-28T09:43:15","modified_gmt":"2015-05-28T14:43:15","slug":"ingenieria-en-procesos-y-operaciones-industriales","status":"publish","type":"page","link":"https:\/\/www.utzac.edu.mx\/?page_id=5689","title":{"rendered":"Ingenier\u00eda en Procesos y Operaciones Industriales"},"content":{"rendered":"\t<div class=\"vc_row wpb_row vc_row-fluid\"  >\n\t<div class=\"vc_col-sm-12 wpb_column vc_column_container \">\n\t\t<div class=\"wpb_wrapper\">\n\t\t\t<div class=\"vc_custom_heading\" ><h2 style=\"text-align: left;font-family:Abril Fatface;font-weight:400;font-style:normal\" >Competencias profesionales desarrolladas<\/h2><\/div>\n\t<div class=\"wpb_text_column wpb_content_element \">\n\t\t<div class=\"wpb_wrapper\">\n\t\t\t<p>El Ingeniero en Procesos y Operaciones Industriales cuenta con las competencias profesionales necesarias para su desempe\u00f1o en el campo laboral, en el \u00e1mbito local, regional y nacional.<\/p>\n<p align=\"JUSTIFY\"><span lang=\"es-MX\">Las competencias profesionales son las destrezas y actitudes que le permiten al Ingeniero desarrollar actividades en su \u00e1rea profesional, adaptarse a nuevas situaciones, as\u00ed como transferir, si es necesario, sus conocimientos, habilidades y actitudes a \u00e1reas profesionales pr\u00f3ximas.<\/span><\/p>\n<p>\u00a0<\/p>\n\n\t\t<\/div> \n\t<\/div> <div class=\"vc_custom_heading\" ><h2 style=\"text-align: left;font-family:Abril Fatface;font-weight:400;font-style:normal\" >Competencias Gen\u00e9ricas<\/h2><\/div>\n\t<div class=\"wpb_text_column wpb_content_element \">\n\t\t<div class=\"wpb_wrapper\">\n\t\t\t<p>Capacidad de an\u00e1lisis y s\u00edntesis, habilidades para la investigaci\u00f3n b\u00e1sica, las capacidades individuales y las destrezas sociales; habilidades gerenciales y las habilidades para comunicarse en un segundo idioma.<\/p>\n\n\t\t<\/div> \n\t<\/div> <div class=\"vc_custom_heading\" ><h2 style=\"text-align: left;font-family:Abril Fatface;font-weight:400;font-style:normal\" >Competencias Espec\u00edficas<\/h2><\/div>\n\t<div class=\"wpb_text_column wpb_content_element \">\n\t\t<div class=\"wpb_wrapper\">\n\t\t\t<p align=\"JUSTIFY\"><span lang=\"es-MX\"><strong>1. Administrar los recursos necesarios de la organizaci\u00f3n para asegurar la producci\u00f3n planeada conforme a los requerimientos del cliente.<\/strong><\/span><\/p>\n<p align=\"JUSTIFY\"><span lang=\"es-MX\">1.1 Gestionar los recursos humanos, materiales, econ\u00f3micos y t\u00e9cnicos de la empresa. Para eficientar la planta productiva, mediante el plan maestro de producci\u00f3n, con base en dise\u00f1o del proceso.<\/span><\/p>\n<p align=\"JUSTIFY\"><span lang=\"es-MX\">1.2. Implementar el plan maestro de producci\u00f3n para cumplir con los requerimientos de producci\u00f3n mediante los est\u00e1ndares de proceso, producto y capacidad de planta<\/span><\/p>\n<p align=\"JUSTIFY\"><span lang=\"es-MX\">1.3. Controlar el factor humano y los recursos materiales, econ\u00f3micos y t\u00e9cnicos para preservar la integridad de los recursos de la empresa a trav\u00e9s de la normatividad y la reglamentaci\u00f3n interna pertinente considerando las medidas de seguridad e higiene en el trabajo.<\/span><\/p>\n<p align=\"JUSTIFY\"><span lang=\"es-MX\"><strong>2: Administrar el sistema de gesti\u00f3n de la calidad, con un enfoque sist\u00e9mico, de acuerdo a los requerimientos del cliente, considerando factores t\u00e9cnicos y econ\u00f3micos, contribuyendo al desarrollo sustentable.<\/strong><\/span><\/p>\n<p align=\"JUSTIFY\"><span lang=\"es-MX\">2.1. Gestionar los sistemas de calidad de una organizaci\u00f3n, para estandarizar los procesos, mediante la elaboraci\u00f3n de un manual de calidad que permita cumplir con los requerimientos del cliente, contribuyendo al desarrollo sustentable.<\/span><\/p>\n<p align=\"JUSTIFY\"><span lang=\"es-MX\">2.2. Asegurar la calidad del producto para cumplir con los requisitos del cliente, mediante la evaluaci\u00f3n sist\u00e9mica del proceso.<\/span><\/p>\n<p align=\"JUSTIFY\"><span lang=\"es-MX\"><strong>3: Desarrollar e innovar sistemas de manufactura a trav\u00e9s de la direcci\u00f3n de proyectos considerando los requerimientos del cliente, est\u00e1ndares de calidad, ergonom\u00eda, seguridad y ecolog\u00eda para lograr la competitividad y rentabilidad de la organizaci\u00f3n con enfoque globalizado.<\/strong><\/span><\/p>\n<p align=\"JUSTIFY\"><span lang=\"es-MX\">3.1. Administrar proyectos para el desarrollo de nuevos procesos, productos y servicios que satisfagan las necesidades del mercado a trav\u00e9s de un plan de negocios que incluya an\u00e1lisis t\u00e9cnicos de mercado, financiero, tecnol\u00f3gico apoyado en herramientas de ruta cr\u00edtica de seguimiento y control as\u00ed como los costos<\/span><\/p>\n<p align=\"JUSTIFY\"><span lang=\"es-MX\">3.2. Dise\u00f1ar productos que cumplan las expectativas del cliente bajo est\u00e1ndares internacionales de calidad, aplicando tecnolog\u00edas que contribuyan al desarrollo sustentable, para mejorar la competitividad de la empresa<\/span><\/p>\n<p align=\"JUSTIFY\"><span lang=\"es-MX\">3.3. Desarrollar los sistemas de ingenier\u00eda de manufactura con base en la cadena de valor del producto \u00f3 servicio, para cumplir con los requisitos de dise\u00f1o, productividad, calidad, ergonom\u00eda, seguridad y ecolog\u00eda.<\/span><\/p>\n\n\t\t<\/div> \n\t<\/div> <div class=\"vc_custom_heading\" ><h2 style=\"text-align: left;font-family:Abril Fatface;font-weight:400;font-style:normal\" >Escenarios de Actuaci\u00f3n<\/h2><\/div>\n\t<div class=\"wpb_text_column wpb_content_element \">\n\t\t<div class=\"wpb_wrapper\">\n\t\t\t<p align=\"JUSTIFY\"><span lang=\"es-MX\">El Ingeniero en Procesos y Operaciones Industriales podr\u00e1 desenvolverse en:<\/span><\/p>\n<ul>\n<li>\n<p align=\"JUSTIFY\"><span lang=\"es-MX\">Los sectores econ\u00f3micos: extractivo, de manufactura y de servicios, privados o p\u00fablicos, desarrollando sus competencias profesionales, con un enfoque sustentable, que permitan aplicar sus habilidades relativas al dise\u00f1o y desarrollo de productos, dise\u00f1o e implementaci\u00f3n de procesos, administraci\u00f3n de las actividades operativas y administrativas de una planta o empresa, incluyendo la implementaci\u00f3n, desarrollo y control de proyectos.<\/span><\/p>\n<\/li>\n<\/ul>\n\n\t\t<\/div> \n\t<\/div> <div class=\"vc_custom_heading\" ><h2 style=\"text-align: left;font-family:Abril Fatface;font-weight:400;font-style:normal\" >Ocupaciones Profesionales<\/h2><\/div>\n\t<div class=\"wpb_text_column wpb_content_element \">\n\t\t<div class=\"wpb_wrapper\">\n\t\t\t<p align=\"JUSTIFY\"><span lang=\"es-MX\">El Ingeniero en Procesos y Operaciones Industriales podr\u00e1 desempe\u00f1arse como:<\/span><\/p>\n<ul>\n<li>\n<p align=\"JUSTIFY\"><span lang=\"es-MX\">Ingeniero, Jefe de \u00c1rea, Superintendente, Gerente, Director, en \u00e1reas de:<\/span><\/p>\n<\/li>\n<li>\n<p align=\"JUSTIFY\"><span lang=\"es-MX\">Producci\u00f3n, Calidad, Ingenier\u00eda de Producto, Ingenier\u00eda de Manufactura, Log\u00edstica, Innovaci\u00f3n Tecnol\u00f3gica, Proyectos, Soporte T\u00e9cnico, entre otros.<\/span><\/p>\n<\/li>\n<\/ul>\n<div class=\"su-document su-u-responsive-media-yes\"><iframe src=\"\/\/docs.google.com\/viewer?embedded=true&url=https:\/\/www.utzac.edu.mx\/wp-content\/uploads\/2015\/02\/ING_Procesos.pdf\" width=\"280\" height=\"280\" class=\"su-document\" title=\"\"><\/iframe><\/div>\n\n\t\t<\/div> \n\t<\/div> \n\t\t<\/div> \n\t<\/div> \n<\/div><div class=\"vc_row-full-width\"><\/div>\n ","protected":false},"excerpt":{"rendered":"Competencias profesionales desarrolladas El Ingeniero en Procesos y Operaciones Industriales cuenta con las competencias profesionales necesarias para su desempe\u00f1o en el campo laboral, en el \u00e1mbito local, regional y nacional. Las competencias profesionales son las destrezas y actitudes que le permiten al Ingeniero desarrollar actividades en su \u00e1rea profesional, adaptarse a nuevas situaciones, as\u00ed como [...]","protected":false},"author":8,"featured_media":0,"parent":0,"menu_order":0,"comment_status":"closed","ping_status":"open","template":"","meta":{"_eb_attr":""},"_links":{"self":[{"href":"https:\/\/www.utzac.edu.mx\/index.php?rest_route=\/wp\/v2\/pages\/5689"}],"collection":[{"href":"https:\/\/www.utzac.edu.mx\/index.php?rest_route=\/wp\/v2\/pages"}],"about":[{"href":"https:\/\/www.utzac.edu.mx\/index.php?rest_route=\/wp\/v2\/types\/page"}],"author":[{"embeddable":true,"href":"https:\/\/www.utzac.edu.mx\/index.php?rest_route=\/wp\/v2\/users\/8"}],"replies":[{"embeddable":true,"href":"https:\/\/www.utzac.edu.mx\/index.php?rest_route=%2Fwp%2Fv2%2Fcomments&post=5689"}],"version-history":[{"count":0,"href":"https:\/\/www.utzac.edu.mx\/index.php?rest_route=\/wp\/v2\/pages\/5689\/revisions"}],"wp:attachment":[{"href":"https:\/\/www.utzac.edu.mx\/index.php?rest_route=%2Fwp%2Fv2%2Fmedia&parent=5689"}],"curies":[{"name":"wp","href":"https:\/\/api.w.org\/{rel}","templated":true}]}}