{"id":5685,"date":"2015-03-03T15:47:12","date_gmt":"2015-03-03T21:47:12","guid":{"rendered":"http:\/\/www.utzac.edu.mx\/?page_id=5685"},"modified":"2015-05-28T09:45:04","modified_gmt":"2015-05-28T14:45:04","slug":"desarrollo-de-negocios-e-innovacion-empresarial","status":"publish","type":"page","link":"https:\/\/www.utzac.edu.mx\/?page_id=5685","title":{"rendered":"Desarrollo de Negocios e Innovaci\u00f3n Empresarial"},"content":{"rendered":"\t<div class=\"vc_row wpb_row vc_row-fluid\"  >\n\t<div class=\"vc_col-sm-12 wpb_column vc_column_container \">\n\t\t<div class=\"wpb_wrapper\">\n\t\t\t<div class=\"vc_custom_heading\" ><h2 style=\"text-align: left;font-family:Abril Fatface;font-weight:400;font-style:normal\" >Competencias profesionales desarrolladas<\/h2><\/div>\n\t<div class=\"wpb_text_column wpb_content_element \">\n\t\t<div class=\"wpb_wrapper\">\n\t\t\t<p>1. Apoyar el desarrollo empresarial mediante la optimizaci\u00f3n del capital financiero y humano, para la consolidaci\u00f3n de la organizaci\u00f3n.<\/p>\n<ul>\n<li>1.1. Determinar las estrategias de direcci\u00f3n de capital humano con t\u00e9cnicas especializadas para asegurar el logro de los objetivos de la organizaci\u00f3n<\/li>\n<li>1.2. Dise\u00f1ar planes financieros considerando el entorno econ\u00f3mico y las capacidades de la empresa para establecer los lineamientos necesarios para el crecimiento de la misma<\/li>\n<li>1.3. Dise\u00f1ar procesos productivos y administrativos para mejorar la eficiencia y la eficacia de la organizaci\u00f3n a trav\u00e9s de sistemas de gesti\u00f3n y control.<\/li>\n<\/ul>\n<p>2.\u00a0Dise\u00f1ar planes comerciales acordes a las capacidades de la organizaci\u00f3n para mejorar su competitividad en el mercado.<\/p>\n<ul>\n<li>2.1. Formular los planes y programas estrat\u00e9gicos de ventas para garantizar el incremento de las utilidades a trav\u00e9s del fortalecimiento de la relaci\u00f3n con sus clientes.<\/li>\n<li>2.2. Integrar sistemas y procedimientos estrat\u00e9gicos de compras que faciliten la operaci\u00f3n corporativa, mediante el uso eficiente de sus recursos y una buena relaci\u00f3n y desarrollo con sus proveedores.<\/li>\n<li>2.3. Evaluar la capacidad de la organizaci\u00f3n para incursionar en nuevos negocios mediante un an\u00e1lisis de los recursos de la empresa para establecer estrategias con una visi\u00f3n global que fortalezcan su posici\u00f3n competitiva.<\/li>\n<\/ul>\n<p><strong>ESCENARIOS DE ACTUACI\u00d3N<\/strong><\/p>\n<p>El Ingeniero en Desarrollo de Negocios e Innovaci\u00f3n Empresarial podr\u00e1 desenvolverse en:<\/p>\n<ul>\n<li>Empresas del sector industrial<\/li>\n<li>Organismos financieros<\/li>\n<li>Agencias de publicidad e investigaci\u00f3n de mercado<\/li>\n<\/ul>\n<p><strong>OCUPACIONES PROFESIONALES<\/strong><\/p>\n<p>El Ingeniero en Desarrollo de Negocios e Innovaci\u00f3n Empresarial podr\u00e1 desempe\u00f1arse como director, subdirector, gerente, subgerente, jefe de departamento en las \u00e1reas:<\/p>\n<ul>\n<li>Mercadotecnia<\/li>\n<li>Publicidad<\/li>\n<li>Relaciones p\u00fablicas<\/li>\n<li>Capital humano<\/li>\n<li>Administraci\u00f3n y finanzas<\/li>\n<li>Log\u00edstica<\/li>\n<li>Distribuci\u00f3n<\/li>\n<\/ul>\n<div class=\"su-document su-u-responsive-media-yes\"><iframe src=\"\/\/docs.google.com\/viewer?embedded=true&url=https:\/\/www.utzac.edu.mx\/wp-content\/uploads\/2015\/02\/ING_Desarrollo.pdf\" width=\"280\" height=\"280\" class=\"su-document\" title=\"\"><\/iframe><\/div>\n\n\t\t<\/div> \n\t<\/div> \n\t\t<\/div> \n\t<\/div> \n<\/div><div class=\"vc_row-full-width\"><\/div>\n","protected":false},"excerpt":{"rendered":"Competencias profesionales desarrolladas 1. Apoyar el desarrollo empresarial mediante la optimizaci\u00f3n del capital financiero y humano, para la consolidaci\u00f3n de la organizaci\u00f3n. 1.1. Determinar las estrategias de direcci\u00f3n de capital humano con t\u00e9cnicas especializadas para asegurar el logro de los objetivos de la organizaci\u00f3n 1.2. Dise\u00f1ar planes financieros considerando el entorno econ\u00f3mico y las capacidades [...]","protected":false},"author":8,"featured_media":0,"parent":0,"menu_order":0,"comment_status":"closed","ping_status":"open","template":"","meta":[],"_links":{"self":[{"href":"https:\/\/www.utzac.edu.mx\/index.php?rest_route=\/wp\/v2\/pages\/5685"}],"collection":[{"href":"https:\/\/www.utzac.edu.mx\/index.php?rest_route=\/wp\/v2\/pages"}],"about":[{"href":"https:\/\/www.utzac.edu.mx\/index.php?rest_route=\/wp\/v2\/types\/page"}],"author":[{"embeddable":true,"href":"https:\/\/www.utzac.edu.mx\/index.php?rest_route=\/wp\/v2\/users\/8"}],"replies":[{"embeddable":true,"href":"https:\/\/www.utzac.edu.mx\/index.php?rest_route=%2Fwp%2Fv2%2Fcomments&post=5685"}],"version-history":[{"count":0,"href":"https:\/\/www.utzac.edu.mx\/index.php?rest_route=\/wp\/v2\/pages\/5685\/revisions"}],"wp:attachment":[{"href":"https:\/\/www.utzac.edu.mx\/index.php?rest_route=%2Fwp%2Fv2%2Fmedia&parent=5685"}],"curies":[{"name":"wp","href":"https:\/\/api.w.org\/{rel}","templated":true}]}}