{"id":5681,"date":"2015-03-03T15:46:33","date_gmt":"2015-03-03T21:46:33","guid":{"rendered":"http:\/\/www.utzac.edu.mx\/?page_id=5681"},"modified":"2015-05-27T15:37:50","modified_gmt":"2015-05-27T20:37:50","slug":"procesos-industriales","status":"publish","type":"page","link":"https:\/\/www.utzac.edu.mx\/?page_id=5681","title":{"rendered":"Procesos Industriales"},"content":{"rendered":"\t<div class=\"vc_row wpb_row vc_row-fluid\"  >\n\t<div class=\"vc_col-sm-12 wpb_column vc_column_container \">\n\t\t<div class=\"wpb_wrapper\">\n\t\t\t<div class=\"vc_custom_heading\" ><h2 style=\"text-align: left;font-family:Abril Fatface;font-weight:400;font-style:normal\" >Competencias profesionales desarrolladas<\/h2><\/div>\n\t<div class=\"wpb_text_column wpb_content_element \">\n\t\t<div class=\"wpb_wrapper\">\n\t\t\t<p>1. Gestionar la producci\u00f3n a trav\u00e9s de herramientas de la administraci\u00f3n, para cumplir con los requerimientos del cliente.<\/p>\n<ul>\n<li>1.1 Planear la producci\u00f3n considerando los recursos tecnol\u00f3gicos, financieros, materiales y humanos para cumplir las metas de producci\u00f3n.<\/li>\n<li>1.2 Supervisar el proceso de producci\u00f3n utilizando herramientas de administraci\u00f3n, para cumplir con las especificaciones del producto.<\/li>\n<\/ul>\n<p>2.\u00a0Administrar la cadena de suministro, a trav\u00e9s de sistemas de log\u00edstica, para garantizar la disposici\u00f3n de materiales y producto.<\/p>\n<ul>\n<li>2.1 Gestionar los requerimientos de los materiales y productos de acuerdo al dise\u00f1o del producto, el plan de producci\u00f3n y las pol\u00edticas de la organizaci\u00f3n, para cumplir las metas de producci\u00f3n.<\/li>\n<li>2.2 Administrar inventarios de materiales y productos mediante t\u00e9cnicas de control de almac\u00e9n, para su disposici\u00f3n oportuna.<\/li>\n<\/ul>\n<p>3.\u00a0Gestionar los procesos de manufactura, a trav\u00e9s t\u00e9cnicas de administraci\u00f3n de operaciones y aseguramiento de la calidad, para contribuir a la competitividad de la organizaci\u00f3n.<\/p>\n<ul>\n<li>3.1 Desarrollar estudio t\u00e9cnico considerando el dise\u00f1o del producto y los medios de fabricaci\u00f3n, para determinar la factibilidad de producci\u00f3n<\/li>\n<li>3.2 Implementar los procesos y los cambios requeridos a trav\u00e9s de tecnolog\u00edas de fabricaci\u00f3n pertinentes, para cumplir con las especificaciones del dise\u00f1o y la optimizaci\u00f3n del proceso.<\/li>\n<\/ul>\n<p><strong>ESCENARIOS DE ACTUACI\u00d3N<\/strong><\/p>\n<p>El T\u00e9cnico Superior Universitario en Procesos Industriales \u00e1rea Manufactura podr\u00e1 desenvolverse en:<\/p>\n<ul>\n<li>Empresas de los sectores p\u00fablico y privado.<\/li>\n<li>Empresario independiente.<\/li>\n<\/ul>\n<p><strong>OCUPACIONES PROFESIONALES<\/strong><\/p>\n<p>El T\u00e9cnico Superior Universitario en Procesos Industriales \u00e1rea Manufactura podr\u00e1 desempe\u00f1arse como:<\/p>\n<ul>\n<li>Jefe de Log\u00edstica, almacenes, planeaci\u00f3n y control de la producci\u00f3n.<\/li>\n<li>Coordinador de nuevos productos y proyectos.<\/li>\n<li>Analista de m\u00e9todos y procesos.<\/li>\n<li>Jefe de aseguramiento de la calidad.<\/li>\n<li>Coordinador de Producci\u00f3n.<\/li>\n<\/ul>\n<div class=\"su-document su-u-responsive-media-yes\"><iframe src=\"\/\/docs.google.com\/viewer?embedded=true&url=https:\/\/www.utzac.edu.mx\/wp-content\/uploads\/2015\/02\/Procesos_Manufactura-TSU.pdf\" width=\"280\" height=\"280\" class=\"su-document\" title=\"\"><\/iframe><\/div>\n\n\t\t<\/div> \n\t<\/div> \n\t\t<\/div> \n\t<\/div> \n<\/div><div class=\"vc_row-full-width\"><\/div>\n","protected":false},"excerpt":{"rendered":"Competencias profesionales desarrolladas 1. Gestionar la producci\u00f3n a trav\u00e9s de herramientas de la administraci\u00f3n, para cumplir con los requerimientos del cliente. 1.1 Planear la producci\u00f3n considerando los recursos tecnol\u00f3gicos, financieros, materiales y humanos para cumplir las metas de producci\u00f3n. 1.2 Supervisar el proceso de producci\u00f3n utilizando herramientas de administraci\u00f3n, para cumplir con las especificaciones del [...]","protected":false},"author":8,"featured_media":0,"parent":0,"menu_order":0,"comment_status":"closed","ping_status":"open","template":"","meta":[],"_links":{"self":[{"href":"https:\/\/www.utzac.edu.mx\/index.php?rest_route=\/wp\/v2\/pages\/5681"}],"collection":[{"href":"https:\/\/www.utzac.edu.mx\/index.php?rest_route=\/wp\/v2\/pages"}],"about":[{"href":"https:\/\/www.utzac.edu.mx\/index.php?rest_route=\/wp\/v2\/types\/page"}],"author":[{"embeddable":true,"href":"https:\/\/www.utzac.edu.mx\/index.php?rest_route=\/wp\/v2\/users\/8"}],"replies":[{"embeddable":true,"href":"https:\/\/www.utzac.edu.mx\/index.php?rest_route=%2Fwp%2Fv2%2Fcomments&post=5681"}],"version-history":[{"count":0,"href":"https:\/\/www.utzac.edu.mx\/index.php?rest_route=\/wp\/v2\/pages\/5681\/revisions"}],"wp:attachment":[{"href":"https:\/\/www.utzac.edu.mx\/index.php?rest_route=%2Fwp%2Fv2%2Fmedia&parent=5681"}],"curies":[{"name":"wp","href":"https:\/\/api.w.org\/{rel}","templated":true}]}}