{"id":5677,"date":"2015-03-03T15:45:24","date_gmt":"2015-03-03T21:45:24","guid":{"rendered":"http:\/\/www.utzac.edu.mx\/?page_id=5677"},"modified":"2021-03-18T15:33:43","modified_gmt":"2021-03-18T21:33:43","slug":"desarrollo-de-negociosarea-mercadotecnia","status":"publish","type":"page","link":"https:\/\/www.utzac.edu.mx\/?page_id=5677","title":{"rendered":"Desarrollo de Negocios: Area Mercadotecnia"},"content":{"rendered":"<div class=\"vc_row wpb_row vc_row-fluid\"  >\n\t<div class=\"vc_col-sm-12 wpb_column vc_column_container \">\n\t\t<div class=\"wpb_wrapper\">\n\t\t\t<div class=\"vc_custom_heading\" ><h2 style=\"text-align: left;font-family:Abril Fatface;font-weight:400;font-style:normal\" ><\/h2><\/div>\n\t<div class=\"wpb_text_column wpb_content_element \">\n\t\t<div class=\"wpb_wrapper\">\n\t\t\t<p>\u00a0<\/p>\n<h4 style=\"text-align: center;\">PERFIL PROFESIONAL<\/h4>\n<h4 style=\"text-align: center;\">\u00a0T\u00c9CNICO SUPERIOR UNIVERSITARIO EN<\/h4>\n<h4 style=\"text-align: center;\">DESARROLLO DE NEGOCIOS \u00c1REA<\/h4>\n<h4 style=\"text-align: center;\">MERCADOTECNIA<\/h4>\n<h4 style=\"text-align: center;\"><strong>EN COMPETENCIAS PROFESIONALES<\/strong><\/h4>\n<p style=\"text-align: center;\">Versi\u00f3n Ejecutiva<\/p>\n<p>&nbsp;<\/p>\n<p style=\"text-align: center;\"><strong>PRESENTACI\u00d3N<\/strong><\/p>\n<p style=\"text-align: justify;\">El T\u00e9cnico Superior Universitario en Desarrollo de Negocios \u00e1rea Mercadotecnia cuenta con las competencias profesionales necesarias para su desempe\u00f1o en el campo laboral, en el \u00e1mbito local, regional y nacional.<\/p>\n<p><strong>\u00a0<\/strong><\/p>\n<p style=\"text-align: center;\"><strong>COMPETENCIAS PROFESIONALES<\/strong><\/p>\n<p style=\"text-align: justify;\">Las competencias profesionales son las destrezas y actitudes que permiten al T\u00e9cnico Superior Universitario desarrollar actividades en su \u00e1rea profesional, adaptarse a nuevas situaciones, as\u00ed como transferir, si es necesario, sus conocimientos, habilidades y actitudes a \u00e1reas profesionales pr\u00f3ximas.<\/p>\n<p>&nbsp;<\/p>\n<p><strong>Competencias Gen\u00e9ricas:<\/strong><\/p>\n<ul>\n<li style=\"text-align: justify;\">Actuar con valores y actitudes proactivas de excelencia en su desarrollo personal, social y organizacional, en armon\u00eda con su medio ambiente para desarrollar su potencial personal, social, y organizacional.<\/li>\n<li style=\"text-align: justify;\">Comunicar sentimientos, pensamientos, conocimientos, experiencias, ideas, reflexiones,\u00a0 opiniones, a trav\u00e9s de expresiones sencillas y de uso com\u00fan, en forma productiva y receptiva en el idioma ingl\u00e9s de acuerdo al nivel A2, usuario b\u00e1sico, del Marco de Referencia Europeo para contribuir en el desempe\u00f1o de sus funciones en su entorno laboral,\u00a0 social y personal.<\/li>\n<li style=\"text-align: justify;\">Comunicar sentimientos, pensamientos, conocimientos, experiencias, ideas, reflexiones y opiniones, de forma clara y detallada, sobre temas concretos y abstractos en su contexto profesional y sociocultural, de acuerdo al nivel B2, usuario independiente, del Marco de Referencia Europeo, para fundamentar y proponer mejoras en las organizaciones y contribuir responsablemente al desarrollo sociocultural.<\/li>\n<\/ul>\n<p>&nbsp;<\/p>\n<p><strong>Competencias Espec\u00edficas: <\/strong><\/p>\n<p style=\"text-align: justify;\"><strong>1.\u00a0<\/strong>Administrar el proceso de comercializaci\u00f3n de productos y servicios a partir del diagn\u00f3stico de mercado, estrategias de venta y herramientas administrativas, con la finalidad de satisfacer las necesidades del cliente, para contribuir a la competitividad y posicionamiento nacional e internacional de la organizaci\u00f3n<\/p>\n<p style=\"text-align: justify;\"><strong>1.1<\/strong> Detectar oportunidades comerciales mediante la inteligencia de mercados, herramientas presupuestales, as\u00ed como an\u00e1lisis financieros y de ventajas competitivas, para proponer proyectos de negocios nacionales e internacionales<\/p>\n<p style=\"text-align: justify;\"><strong>1.2\u00a0<\/strong> Gestionar el proceso de venta a trav\u00e9s de la aplicaci\u00f3n de t\u00e9cnicas de venta, m\u00e9todos de trabajo, as\u00ed como herramientas administrativas y financieras, para el logro de los objetivos organizacionales.<\/p>\n<p><strong>2.<\/strong>\u00a0 Desarrollar e implementar planes estrat\u00e9gicos de mercadotecnia a partir del an\u00e1lisis situacional del entorno, la mezcla de mercadotecnia, las pol\u00edticas internas y la normatividad vigente, para contribuir al logro de los objetivos organizacionales y a una posici\u00f3n competitiva en el \u00e1mbito nacional e internacional.<\/p>\n<p><strong>2.1\u00a0 <\/strong>Determinar la mezcla de mercadotecnia mediante la descripci\u00f3n, creaci\u00f3n y ajuste de las variables comerciales, para generar estrategias de mercado nacionales e internacionales.<\/p>\n<p><strong>2.2<\/strong>\u00a0 Desarrollar el plan estrat\u00e9gico de mercadotecnia considerando la normatividad vigente, el estudio situacional del entorno y las estrategias de la mezcla de mercadotecnia para el logro de los objetivos comerciales nacionales e internacionales.<\/p>\n<p><strong>\u00a0<\/strong><\/p>\n<p style=\"text-align: center;\"><strong>ESCENARIOS DE ACTUACI\u00d3N<\/strong><\/p>\n<p><strong>\u00a0<\/strong>El T\u00e9cnico Superior Universitario en Desarrollo de Negocios \u00e1rea Mercadotecnia, podr\u00e1 desenvolverse en:<\/p>\n<ul>\n<li>Empresas de servicios, comerciales e industriales<\/li>\n<li>Peque\u00f1as y Medianas Empresas<\/li>\n<li>Agencias de Publicidad<\/li>\n<li>Agencias de Investigaci\u00f3n de Mercados<\/li>\n<li>Organismos P\u00fablicos<\/li>\n<li>Actividades de consultor\u00eda<\/li>\n<li>Propia empresa<\/li>\n<\/ul>\n<p>&nbsp;<\/p>\n<p><strong>\u00a0<\/strong><strong>OCUPACIONES PROFESIONALES<\/strong><\/p>\n<p><strong>\u00a0<\/strong>El T\u00e9cnico Superior Universitario en Desarrollo de Negocios \u00e1rea Mercadotecnia podr\u00e1 desempe\u00f1arse como:<\/p>\n<ul>\n<li>Asesor independiente para peque\u00f1as y medianas empresas<\/li>\n<li>Emprendedor<\/li>\n<li>Supervisor, coordinador, jefe de oficina o asistente en las \u00e1reas de:\n<ul>\n<li>Ventas y servicio<\/li>\n<li>Mercadotecnia<\/li>\n<li>Promoci\u00f3n y Publicidad<\/li>\n<li>Comunicaci\u00f3n y Relaciones P\u00fablicas<\/li>\n<li>Servicio a Clientes<\/li>\n<li>Distribuci\u00f3n<\/li>\n<li>Investigaci\u00f3n de Mercados<\/li>\n<li>Almac\u00e9n\u00a0 \u00a0 \u00a0 \u00a0\u00a0<\/li>\n<\/ul>\n<\/li>\n<\/ul>\n<p>&nbsp;<\/p>\n<p>&nbsp;<\/p>\n<div class=\"su-document su-u-responsive-media-yes\"><iframe src=\"\/\/docs.google.com\/viewer?embedded=true&url=https:\/\/www.utzac.edu.mx\/wp-content\/uploads\/2021\/03\/MAPA-CUATRIMESTRAL-TSU-DNM.pdf\" width=\"280\" height=\"280\" class=\"su-document\" title=\"\"><\/iframe><\/div>\n\n\t\t<\/div> \n\t<\/div> \n\t\t<\/div> \n\t<\/div> \n<\/div><div class=\"vc_row-full-width\"><\/div>","protected":false},"excerpt":{"rendered":"\u00a0 PERFIL PROFESIONAL \u00a0T\u00c9CNICO SUPERIOR UNIVERSITARIO EN DESARROLLO DE NEGOCIOS \u00c1REA MERCADOTECNIA EN COMPETENCIAS PROFESIONALES Versi\u00f3n Ejecutiva &nbsp; PRESENTACI\u00d3N El T\u00e9cnico Superior Universitario en Desarrollo de Negocios \u00e1rea Mercadotecnia cuenta con las competencias profesionales necesarias para su desempe\u00f1o en el campo laboral, en el \u00e1mbito local, regional y nacional. \u00a0 COMPETENCIAS PROFESIONALES Las competencias profesionales [...]","protected":false},"author":8,"featured_media":0,"parent":0,"menu_order":0,"comment_status":"closed","ping_status":"open","template":"","meta":[],"_links":{"self":[{"href":"https:\/\/www.utzac.edu.mx\/index.php?rest_route=\/wp\/v2\/pages\/5677"}],"collection":[{"href":"https:\/\/www.utzac.edu.mx\/index.php?rest_route=\/wp\/v2\/pages"}],"about":[{"href":"https:\/\/www.utzac.edu.mx\/index.php?rest_route=\/wp\/v2\/types\/page"}],"author":[{"embeddable":true,"href":"https:\/\/www.utzac.edu.mx\/index.php?rest_route=\/wp\/v2\/users\/8"}],"replies":[{"embeddable":true,"href":"https:\/\/www.utzac.edu.mx\/index.php?rest_route=%2Fwp%2Fv2%2Fcomments&post=5677"}],"version-history":[{"count":0,"href":"https:\/\/www.utzac.edu.mx\/index.php?rest_route=\/wp\/v2\/pages\/5677\/revisions"}],"wp:attachment":[{"href":"https:\/\/www.utzac.edu.mx\/index.php?rest_route=%2Fwp%2Fv2%2Fmedia&parent=5677"}],"curies":[{"name":"wp","href":"https:\/\/api.w.org\/{rel}","templated":true}]}}