{"id":5673,"date":"2015-03-03T15:43:45","date_gmt":"2015-03-03T21:43:45","guid":{"rendered":"http:\/\/www.utzac.edu.mx\/?page_id=5673"},"modified":"2021-03-23T15:12:55","modified_gmt":"2021-03-23T21:12:55","slug":"macarronica","status":"publish","type":"page","link":"https:\/\/www.utzac.edu.mx\/?page_id=5673","title":{"rendered":"Tecnolog\u00edas de la Informaci\u00f3n y Comunicaci\u00f3n"},"content":{"rendered":"<div class=\"vc_row wpb_row vc_row-fluid\"  >\n\t<div class=\"vc_col-sm-12 wpb_column vc_column_container \">\n\t\t<div class=\"wpb_wrapper\">\n\t\t\t<div class=\"vc_custom_heading\" ><h2 style=\"text-align: left;font-family:Abril Fatface;font-weight:400;font-style:normal\" >Competencias Profesionales<\/h2><\/div>\n\t<div class=\"wpb_text_column wpb_content_element \">\n\t\t<div class=\"wpb_wrapper\">\n\t\t\t<p>Las competencias profesionales son las destrezas y actitudes que permiten al T\u00e9cnico Superior Universitario desarrollar actividades en su \u00e1rea profesional, adaptarse a nuevas situaciones, as\u00ed como transferir, si es necesario, sus conocimientos, habilidades y actitudes a \u00e1reas profesionales pr\u00f3ximas.<\/p>\n\n\t\t<\/div> \n\t<\/div> \n\t\t<\/div> \n\t<\/div> \n\n\t<div class=\"vc_col-sm-12 wpb_column vc_column_container \">\n\t\t<div class=\"wpb_wrapper\">\n\t\t\t<div class=\"vc_custom_heading\" ><h2 style=\"text-align: left;font-family:Abril Fatface;font-weight:400;font-style:normal\" >Competencias gen\u00e9ricas <\/h2><\/div>\n\t<div class=\"wpb_text_column wpb_content_element \">\n\t\t<div class=\"wpb_wrapper\">\n\t\t\t<p>Capacidad de an\u00e1lisis y s\u00edntesis, habilidades para la investigaci\u00f3n b\u00e1sica, las capacidades individuales y las destrezas sociales, habilidades gerenciales y las habilidades para comunicarse en un segundo idioma.<\/p>\n\n\t\t<\/div> \n\t<\/div> \n\t\t<\/div> \n\t<\/div> \n<\/div><div class=\"vc_row-full-width\"><\/div>\t<div class=\"vc_row wpb_row vc_row-fluid\"  >\n\t<div class=\"vc_col-sm-12 wpb_column vc_column_container \">\n\t\t<div class=\"wpb_wrapper\">\n\t\t\t<div class=\"vc_separator wpb_content_element vc_sep_width_100 vc_sep_pos_align_center vc_separator_no_text vc_sep_color_grey\">\n\t<span class=\"vc_sep_holder vc_sep_holder_l\"><span class=\"vc_sep_line\"><\/span><\/span>\n\t\t<span class=\"vc_sep_holder vc_sep_holder_r\"><span class=\"vc_sep_line\"><\/span><\/span>\n<\/div>\n\n\n\t\t<\/div> \n\t<\/div> \n<\/div><div class=\"vc_row-full-width\"><\/div>\t<div class=\"vc_row wpb_row vc_row-fluid\"  >\n\t<div class=\"vc_col-sm-12 wpb_column vc_column_container \">\n\t\t<div class=\"wpb_wrapper\">\n\t\t\t\n\t<div class=\"wpb_tabs wpb_content_element\" data-interval=\"0\">\n\t\t<div class=\"wpb_wrapper wpb_tour_tabs_wrapper ui-tabs vc_clearfix\">\n\t\t\t<ul class=\"wpb_tabs_nav ui-tabs-nav vc_clearfix\"><li><a href=\"#tab-1425428985997-7\">\u00c1REA ENTORNOS VIRTUALES Y NEGOCIOS DIGITALES<\/a><\/li><li><a href=\"#tab-1425428986182-1\">\u00c1REA DESARROLLO DE SOFTWARE MULTIPLATAFORMA<\/a><\/li><li><a href=\"#tab-1425429817339-2-4\">\u00c1REA INFRAESTRUCTURA DE REDES DIGITALES<\/a><\/li><\/ul>\n\n\t\t\t\n\t\t\t<div id=\"tab-1425428985997-7\" class=\"wpb_tab ui-tabs-panel wpb_ui-tabs-hide vc_clearfix\">\n\t\t\t\t\n\t<div class=\"wpb_text_column wpb_content_element \">\n\t\t<div class=\"wpb_wrapper\">\n\t\t\t<p style=\"text-align: center;\">PERFIL PROFESIONAL<\/p>\n<p style=\"text-align: center;\">T\u00c9CNICO SUPERIOR UNIVERSITARIO<\/p>\n<p style=\"text-align: center;\">EN TECNOLOG\u00cdAS DE LA INFORMACI\u00d3N \u00c1REA<\/p>\n<p style=\"text-align: center;\">ENTORNOS VIRTUALES Y NEGOCIOS DIGITALES<\/p>\n<p style=\"text-align: center;\">EN COMPETENCIAS PROFESIONALES<\/p>\n<p style=\"text-align: center;\">Versi\u00f3n Ejecutiva<\/p>\n<p style=\"text-align: center;\"><strong>PRESENTACI\u00d3N<\/strong><\/p>\n<p style=\"text-align: justify;\">El T\u00e9cnico Superior Universitario en Tecnolog\u00edas de la Informaci\u00f3n \u00e1rea Entornos Virtuales y Negocios Digitales cuenta con las competencias profesionales necesarias para su desempe\u00f1o en el campo laboral, en el \u00e1mbito local, regional y nacional.<\/p>\n<p style=\"text-align: center;\"><strong>COMPETENCIAS PROFESIONALES<\/strong><\/p>\n<p style=\"text-align: justify;\">Las competencias profesionales son las destrezas y actitudes que permiten al T\u00e9cnico Superior Universitario desarrollar actividades en su \u00e1rea profesional, adaptarse a nuevas situaciones, as\u00ed como transferir, si es necesario, sus conocimientos, habilidades y actitudes a \u00e1reas profesionales pr\u00f3ximas.<\/p>\n<p><strong>Competencias Gen\u00e9ricas:<\/strong><\/p>\n<ol>\n<li style=\"text-align: justify;\">Plantear y solucionar problemas con base en los principios y teor\u00edas matem\u00e1ticas, a trav\u00e9s del m\u00e9todo cient\u00edfico para sustentar la toma de decisiones en los \u00e1mbitos cient\u00edfico y tecnol\u00f3gico.<\/li>\n<li style=\"text-align: justify;\">Actuar con valores y actitudes proactivas de excelencia en su desarrollo personal, social y organizacional, en armon\u00eda con su medio ambiente para desarrollar su potencial personal, social, y organizacional.<\/li>\n<li style=\"text-align: justify;\">Comunicar sentimientos, pensamientos, conocimientos, experiencias, ideas, reflexiones,\u00a0 opiniones, a trav\u00e9s de expresiones sencillas y de uso com\u00fan, en forma productiva y receptiva en el idioma ingl\u00e9s de acuerdo al nivel A2, usuario b\u00e1sico, del Marco de Referencia Europeo para contribuir en el desempe\u00f1o de sus funciones en su entorno laboral,\u00a0 social y personal.<\/li>\n<li style=\"text-align: justify;\">Comunicar sentimientos, pensamientos, conocimientos, experiencias, ideas, reflexiones y opiniones, de forma clara y detallada, sobre temas concretos y abstractos en su contexto profesional y sociocultural, de acuerdo al nivel B2, usuario independiente, del Marco de Referencia Europeo, para fundamentar y proponer mejoras en las organizaciones y contribuir responsablemente al desarrollo sociocultural.<\/li>\n<\/ol>\n<p><strong>Competencias Espec\u00edficas: <\/strong><\/p>\n<p style=\"text-align: justify;\">1. Desarrollar soluciones tecnol\u00f3gicas para entornos Web mediante fundamentos de programaci\u00f3n orientada a objetos, base de datos y redes de \u00e1rea local que atiendan las necesidades de las organizaciones.<\/p>\n<p style=\"text-align: justify;\">1.1 Desarrollar aplicaciones de software mediante fundamentos de programaci\u00f3n orientadas a objetos y conexi\u00f3n a base de datos, en entornos de desarrollo web para satisfacer las necesidades de las organizaciones<\/p>\n<p style=\"text-align: justify;\">1.2 Implementar servicios de red con esquemas b\u00e1sicos de seguridad mediante la configuraci\u00f3n y soporte de dispositivos de comunicaci\u00f3n para su interconexi\u00f3n en una red corporativa peque\u00f1a.<\/p>\n<p style=\"text-align: justify;\">2. Implementar Aplicaciones multiplataforma, digitales e interactivas, mediante software especializado en dise\u00f1o y entornos virtuales, desarrollando contenidos multidimensionales, realidad virtual, realidad aumentada para contribuir a la comercializaci\u00f3n de productos, servicios y a la optimizaci\u00f3n de los recursos de las organizaciones.<\/p>\n<p style=\"text-align: justify;\">2.1 Dise\u00f1ar interfaces digitales interactivas mediante el uso de metodolog\u00edas, t\u00e9cnicas de dise\u00f1o, modelos digitales y herramientas de hardware y software especializado para satisfacer las necesidades del cliente.<\/p>\n<p style=\"text-align: justify;\">2.2 Desarrollar aplicaciones digitales interactivas multiplataforma mediante t\u00e9cnicas de modelado en dise\u00f1o digital, lenguajes de programaci\u00f3n, metodolog\u00edas de desarrollo WEB y herramientas de software especializado, para contribuir a las necesidades de la organizaci\u00f3n.<\/p>\n<p style=\"text-align: center;\"><strong>\u00a0ESCENARIOS DE ACTUACI\u00d3N<\/strong><\/p>\n<p style=\"text-align: justify;\">El T\u00e9cnico Superior Universitario en Tecnolog\u00edas de la informaci\u00f3n \u00e1rea Entornos Virtuales y Negocios Digitales podr\u00e1 desenvolverse en:<\/p>\n<p style=\"text-align: justify;\">Empresas p\u00fablicas y privadas que demanden servicios de Tecnolog\u00edas de la informaci\u00f3n preferentemente en desarrollo web, desarrollo de productos digitales, realidad virtual, realidad aumentada, manejo de redes sociales tales como:\u00a0\u00a0<\/p>\n<ul>\n<li>Empresa de servicios comerciales e industriales<\/li>\n<li>Peque\u00f1as y medianas empresas<\/li>\n<li>Agencias de publicidad<\/li>\n<li>Organismos p\u00fablicos.<\/li>\n<li>Agencias de consultor\u00eda.<\/li>\n<li>Propia empresa.<\/li>\n<\/ul>\n<p style=\"text-align: center;\"><strong>OCUPACIONES PROFESIONALES<\/strong><\/p>\n<p style=\"text-align: justify;\">El T\u00e9cnico Superior Universitario en Tecnolog\u00edas de la informaci\u00f3n \u00e1rea Entornos Virtuales y Negocios Digitales podr\u00e1 desempe\u00f1arse como:<\/p>\n<ul>\n<li>FreeLance como integrador de contenidos digitales.<\/li>\n<li>Dise\u00f1ador de entornos virtuales, aumentados y mixtos<\/li>\n<li>T\u00e9cnico en Dise\u00f1o y tecnolog\u00eda digital.<\/li>\n<li>Dise\u00f1ador de FrontEnd.<\/li>\n<li>Desarrollador web<\/li>\n<li>Administrador de sitios web<\/li>\n<li>Comunity Manager.<\/li>\n<li>Desarrollador de aplicaciones m\u00f3viles.<\/li>\n<\/ul>\n<div class=\"su-document su-u-responsive-media-yes\"><iframe src=\"\/\/docs.google.com\/viewer?embedded=true&url=https:\/\/www.utzac.edu.mx\/wp-content\/uploads\/2021\/03\/1-Mapa-cuatrimestral-TI-EVND..pdf\" width=\"600\" height=\"400\" class=\"su-document\" title=\"\"><\/iframe><\/div>\n\n\t\t<\/div> \n\t<\/div> \n\t\t\t<\/div> \n\t\t\t<div id=\"tab-1425428986182-1\" class=\"wpb_tab ui-tabs-panel wpb_ui-tabs-hide vc_clearfix\">\n\t\t\t\t\n\t<div class=\"wpb_text_column wpb_content_element \">\n\t\t<div class=\"wpb_wrapper\">\n\t\t\t<p style=\"text-align: center;\">PERFIL PROFESIONAL<\/p>\n<p style=\"text-align: center;\">T\u00c9CNICO SUPERIOR UNIVERSITARIO<\/p>\n<p style=\"text-align: center;\">EN TECNOLOG\u00cdAS DE LA INFORMACI\u00d3N \u00c1REA<\/p>\n<p style=\"text-align: center;\">DESARROLLO DE SOFTWARE MULTIPLATAFORMA<\/p>\n<p style=\"text-align: center;\">Versi\u00f3n Ejecutiva<\/p>\n<p style=\"text-align: center;\"><strong>PRESENTACI\u00d3N<\/strong><\/p>\n<p style=\"text-align: justify;\">El T\u00e9cnico Superior Universitario en Tecnolog\u00edas de la Informaci\u00f3n \u00e1rea Desarrollo de Software Multiplataforma cuenta con las competencias profesionales necesarias para su desempe\u00f1o en el campo laboral, en el \u00e1mbito local, regional, nacional e internacional.<\/p>\n<p style=\"text-align: center;\"><strong>\u00a0COMPETENCIAS PROFESIONALES<\/strong><\/p>\n<p style=\"text-align: justify;\">Las competencias profesionales son las destrezas y actitudes que permiten al T\u00e9cnico Superior Universitario desarrollar actividades en su \u00e1rea profesional, adaptarse a nuevas situaciones, as\u00ed como transferir, si es necesario, sus conocimientos, habilidades y actitudes a \u00e1reas profesionales pr\u00f3ximas.<\/p>\n<p><strong>Competencias Gen\u00e9ricas:<\/strong><\/p>\n<ol>\n<li style=\"text-align: justify;\">Plantear y solucionar problemas con base en los principios y teor\u00edas matem\u00e1ticas, a trav\u00e9s del m\u00e9todo cient\u00edfico para sustentar la toma de decisiones en los \u00e1mbitos cient\u00edfico y tecnol\u00f3gico.<\/li>\n<li style=\"text-align: justify;\">Actuar con valores y actitudes proactivas de excelencia en su desarrollo personal, social y organizacional, en armon\u00eda con su medio ambiente para desarrollar su potencial personal, social, y organizacional.<\/li>\n<li style=\"text-align: justify;\">Comunicar sentimientos, pensamientos, conocimientos, experiencias, ideas, reflexiones, opiniones, a trav\u00e9s de expresiones sencillas y de uso com\u00fan, en forma productiva y receptiva en el idioma ingl\u00e9s de acuerdo al nivel A2, usuario b\u00e1sico, del Marco de Referencia Europeo para contribuir en el desempe\u00f1o de sus funciones en su entorno laboral, social y personal.<\/li>\n<li style=\"text-align: justify;\">Comunicar sentimientos, pensamientos, conocimientos, experiencias, ideas, reflexiones y opiniones, de forma clara y detallada, sobre temas concretos y abstractos en su contexto profesional y sociocultural, de acuerdo al nivel B2, usuario independiente, del Marco de Referencia Europeo, para fundamentar y proponer mejoras en las organizaciones y contribuir responsablemente al desarrollo sociocultural.<\/li>\n<\/ol>\n<p><strong>Competencias Espec\u00edficas: <\/strong><\/p>\n<p style=\"text-align: justify;\">1. Desarrollar soluciones tecnol\u00f3gicas para entornos Web mediante fundamentos de programaci\u00f3n orientada a objetos, base de datos y redes de \u00e1rea local\u00a0que atiendan las necesidades de las organizaciones.<\/p>\n<p style=\"text-align: justify;\">1.1 Desarrollar aplicaciones de software mediante fundamentos de programaci\u00f3n orientadas a objetos y conexi\u00f3n a base de datos, en entornos de desarrollo web para satisfacer las necesidades de las organizaciones<\/p>\n<p style=\"text-align: justify;\">1.2 Implementar servicios de red con esquemas b\u00e1sicos de seguridad mediante la configuraci\u00f3n y soporte de dispositivos de comunicaci\u00f3n para su interconexi\u00f3n en una red corporativa peque\u00f1a.<\/p>\n<p style=\"text-align: justify;\">2. Implementar soluciones multiplataforma, en la nube y software embebido, en entornos seguros mediante la adquisici\u00f3n y administraci\u00f3n de datos e ingenier\u00eda de software para contribuir a la automatizaci\u00f3n de los procesos en las organizaciones.<\/p>\n<p style=\"text-align: justify;\">2.1 Desarrollar sistemas de informaci\u00f3n empleando Frameworks, patrones de dise\u00f1o y arquitecturas de desarrollo para generar soluciones multiplataforma, en la nube y software embebido.<\/p>\n<p>2.2 Administrar informaci\u00f3n mediante gestores de bases de datos relacionales, no relacionales, orientadas a objetos, orientadas a archivos y distribuidas para la implementaci\u00f3n de los sistemas de informaci\u00f3n.<\/p>\n<p style=\"text-align: center;\"><strong>\u00a0ESCENARIOS DE ACTUACI\u00d3N<\/strong><\/p>\n<p style=\"text-align: justify;\">El T\u00e9cnico Superior Universitario en Tecnolog\u00edas de la Informaci\u00f3n \u00e1rea Desarrollo de Software Multiplataforma, podr\u00e1 desenvolverse en:<\/p>\n<ul>\n<li style=\"text-align: justify;\">Organizaciones p\u00fablicas y privadas dedicadas al desarrollo y consultor\u00eda de software.<\/li>\n<li style=\"text-align: justify;\">Organizaciones p\u00fablicas y privadas cuyo fin no sea el desarrollo de software en funciones de an\u00e1lisis, dise\u00f1o, implementaci\u00f3n, evaluaci\u00f3n y venta de Software.<\/li>\n<li style=\"text-align: justify;\">Organizaciones p\u00fablicas y privadas que cuenten con un \u00e1rea o departamento de TI.<\/li>\n<li style=\"text-align: justify;\">En su propia empresa de integraci\u00f3n de soluciones de software.<\/li>\n<li style=\"text-align: justify;\">En los sectores p\u00fablico y social, as\u00ed como de manera independiente en las diferentes ramas productivas que demanden servicios de Tecnolog\u00edas de la informaci\u00f3n preferentemente en desarrollo de software multiplataforma.<\/li>\n<li style=\"text-align: justify;\">En forma independiente mediante consultor\u00edas de bienes y servicios.<\/li>\n<\/ul>\n<p style=\"text-align: center;\"><strong>\u00a0OCUPACIONES PROFESIONALES<\/strong><\/p>\n<p style=\"text-align: justify;\">El T\u00e9cnico Superior Universitario en Tecnolog\u00edas de la Informaci\u00f3n \u00e1rea Desarrollo de Software Multiplataforma podr\u00e1 desempe\u00f1arse como:<\/p>\n<ul>\n<li>Desarrollador de aplicaciones m\u00f3viles.<\/li>\n<li>Desarrollador de aplicaciones para la nube.<\/li>\n<li>Desarrollador de aplicaciones para Internet de las Cosas.<\/li>\n<li>Desarrollador de aplicaciones Web.<\/li>\n<li>Ejecutor de Pruebas.<\/li>\n<li>Analista de Sistemas.<\/li>\n<li>Programador de Sistemas.<\/li>\n<li>Administrador de Base de Datos.<\/li>\n<li>T\u00e9cnico en soporte de Sistemas Inform\u00e1ticos.<\/li>\n<li>Integrador de seguridad en aplicaciones multiplataforma.<\/li>\n<\/ul>\n<div class=\"su-document su-u-responsive-media-yes\"><iframe src=\"\/\/docs.google.com\/viewer?embedded=true&url=https:\/\/www.utzac.edu.mx\/wp-content\/uploads\/2021\/03\/1-Mapa-cuatrimestral-TI-DSM.pdf\" width=\"600\" height=\"400\" class=\"su-document\" title=\"\"><\/iframe><\/div>\n\n\t\t<\/div> \n\t<\/div> \n\t\t\t<\/div> \n\t\t\t<div id=\"tab-1425429817339-2-4\" class=\"wpb_tab ui-tabs-panel wpb_ui-tabs-hide vc_clearfix\">\n\t\t\t\t\n\t<div class=\"wpb_text_column wpb_content_element \">\n\t\t<div class=\"wpb_wrapper\">\n\t\t\t<p style=\"text-align: center;\">PERFIL PROFESIONAL<\/p>\n<p style=\"text-align: center;\">T\u00c9CNICO SUPERIOR UNIVERSITARIO<\/p>\n<p style=\"text-align: center;\">EN TECNOLOG\u00cdAS DE LA INFORMACI\u00d3N \u00c1REA<\/p>\n<p style=\"text-align: center;\">INFRAESTRUCTURA DE REDES DIGITALES<\/p>\n<p style=\"text-align: center;\">Versi\u00f3n Ejecutiva<\/p>\n<p style=\"text-align: center;\"><strong>PRESENTACI\u00d3N<\/strong><\/p>\n<p style=\"text-align: justify;\">El T\u00e9cnico Superior Universitario en Tecnolog\u00edas de la Informaci\u00f3n \u00e1rea Infraestructura de Redes Digitales cuenta con las competencias profesionales necesarias para su desempe\u00f1o en el campo laboral, en el \u00e1mbito local, regional y nacional.<\/p>\n<p style=\"text-align: center;\"><strong>\u00a0COMPETENCIAS PROFESIONALES<\/strong><\/p>\n<p style=\"text-align: justify;\">Las competencias profesionales son las destrezas y actitudes que permiten al T\u00e9cnico Superior Universitario desarrollar actividades en su \u00e1rea profesional, adaptarse a nuevas situaciones, as\u00ed como transferir, si es necesario, sus conocimientos, habilidades y actitudes a \u00e1reas profesionales pr\u00f3ximas.<\/p>\n<p><strong>Competencias Gen\u00e9ricas:<\/strong><\/p>\n<ol>\n<li style=\"text-align: justify;\">Plantear y solucionar problemas con base en los principios y teor\u00edas matem\u00e1ticas, a trav\u00e9s del m\u00e9todo cient\u00edfico para sustentar la toma de decisiones en los \u00e1mbitos cient\u00edfico y tecnol\u00f3gico.<\/li>\n<li style=\"text-align: justify;\">Actuar con valores y actitudes proactivas de excelencia en su desarrollo personal, social y organizacional, en armon\u00eda con su medio ambiente para desarrollar su potencial personal, social, y organizacional.<\/li>\n<li style=\"text-align: justify;\">Comunicar sentimientos, pensamientos, conocimientos, experiencias, ideas, reflexiones,\u00a0 opiniones, a trav\u00e9s de expresiones sencillas y de uso com\u00fan, en forma productiva y receptiva en el idioma ingl\u00e9s de acuerdo al nivel A2, usuario b\u00e1sico, del Marco de Referencia Europeo para contribuir en el desempe\u00f1o de sus funciones en su entorno laboral,\u00a0 social y personal.<\/li>\n<li style=\"text-align: justify;\">Comunicar sentimientos, pensamientos, conocimientos, experiencias, ideas, reflexiones y opiniones, de forma clara y detallada, sobre temas concretos y abstractos en su contexto profesional y sociocultural, de acuerdo al nivel B2, usuario independiente, del Marco de Referencia Europeo, para fundamentar y proponer mejoras en las organizaciones y contribuir responsablemente al desarrollo sociocultural.<\/li>\n<\/ol>\n<p><strong>Competencias Espec\u00edficas: <\/strong><\/p>\n<p style=\"text-align: justify;\">1. Desarrollar soluciones tecnol\u00f3gicas para entornos Web mediante fundamentos de programaci\u00f3n orientada a objetos, base de datos y redes de \u00e1rea local que atiendan las necesidades de las organizaciones.<\/p>\n<p style=\"text-align: justify;\">1.1 Desarrollar aplicaciones de software mediante fundamentos de programaci\u00f3n orientadas a objetos y conexi\u00f3n a base de datos, en entornos de desarrollo web para satisfacer las necesidades de las organizaciones.<\/p>\n<p style=\"text-align: justify;\">1.2 Implementar servicios de red con esquemas b\u00e1sicos de seguridad mediante la configuraci\u00f3n y soporte de dispositivos de comunicaci\u00f3n para su interconexi\u00f3n en una red corporativa peque\u00f1a.<\/p>\n<p style=\"text-align: justify;\">2. Desarrollar soluciones tecnol\u00f3gicas mediante la aplicaci\u00f3n de fundamentos de programaci\u00f3n y redes que atiendan necesidades de las organizaciones.<\/p>\n<p style=\"text-align: justify;\">2.1 Planear la infraestructura de redes digitales a trav\u00e9s de modelos de referencia y metodolog\u00edas de desarrollo para asegurar la integridad de los recursos de la organizaci\u00f3n.<\/p>\n<p style=\"text-align: justify;\">2.2 Implementar la soluci\u00f3n de la infraestructura de redes digitales mediante la configuraci\u00f3n de dispositivos, servicios e integraci\u00f3n de tecnolog\u00edas orientadas a la industria 4.0 para optimizar los procesos de comunicaci\u00f3n de la organizaci\u00f3n.<\/p>\n<p style=\"text-align: justify;\">2.3 Implementar Soluciones de seguridad a trav\u00e9s de t\u00e9cnicas y esquemas especializados para proteger los sistemas de comunicaci\u00f3n de los riesgos, amenazas y vulnerabilidades en la organizaci\u00f3n.<\/p>\n<p style=\"text-align: center;\"><strong>\u00a0ESCENARIOS DE ACTUACI\u00d3N<\/strong><\/p>\n<p style=\"text-align: justify;\">El T\u00e9cnico Superior Universitario en Tecnolog\u00edas de la Informaci\u00f3n \u00e1rea Infraestructura de Redes Digitales, podr\u00e1 desenvolverse en:<\/p>\n<ul>\n<li style=\"text-align: justify;\">Empresas p\u00fablicas y privadas dedicadas al desarrollo y consultor\u00eda de software.<\/li>\n<li style=\"text-align: justify;\">Empresas dedicadas a la venta e integraci\u00f3n de servicios tecnol\u00f3gicos en infraestructura f\u00edsica y l\u00f3gica.<\/li>\n<li style=\"text-align: justify;\">Empresas privadas dedicadas a la proveedur\u00eda de servicios de Internet.<\/li>\n<li style=\"text-align: justify;\">Empresas p\u00fablicas y privadas cuyo fin no solo sea el desarrollo de software en funciones de an\u00e1lisis, dise\u00f1o, implementaci\u00f3n, evaluaci\u00f3n y venta de tecnolog\u00edas de informaci\u00f3n.<\/li>\n<li style=\"text-align: justify;\">En cualquier empresa que requiera de la implementaci\u00f3n y administraci\u00f3n de servicios de red para eficientar sus procesos a partir de una base tecnol\u00f3gica.<\/li>\n<li style=\"text-align: justify;\">En empresas p\u00fablicas y privadas que manejen sistemas de informaci\u00f3n y comunicaciones digitales para eficientar sus procesos.<\/li>\n<li style=\"text-align: justify;\">Empresas p\u00fablicas y privadas en procesos de migraci\u00f3n, evoluci\u00f3n y crecimiento de su infraestructura tecnol\u00f3gica.<\/li>\n<li style=\"text-align: justify;\">Empresas emergentes dedicadas a la innovaci\u00f3n y el desarrollo tecnol\u00f3gico.<\/li>\n<li style=\"text-align: justify;\">De forma independiente mediante consultor\u00edas de bienes y servicios.<\/li>\n<\/ul>\n<p style=\"text-align: center;\"><strong>\u00a0OCUPACIONES PROFESIONALES<\/strong><\/p>\n<p style=\"text-align: justify;\">El T\u00e9cnico Superior Universitario en Tecnolog\u00edas de la Informaci\u00f3n \u00e1rea Infraestructura de Redes Digitales, podr\u00e1 desempe\u00f1arse como:<\/p>\n<ul>\n<li>Administrador de seguridad en infraestructura, datos y aplicaciones.<\/li>\n<li>Administrador, dise\u00f1ador o ingeniero de redes<\/li>\n<li>Analista de seguridad<\/li>\n<li>Personal de respuesta a incidentes y soporte t\u00e9cnico.<\/li>\n<li>Administrador de Servidores en m\u00faltiples plataformas de hardware y software.<\/li>\n<li>Integrador de sistemas e infraestructura<\/li>\n<li>T\u00e9cnico o ingeniero de soporte t\u00e9cnico para usuarios y dispositivos finales.<\/li>\n<li>T\u00e9cnico o ingeniero de soporte t\u00e9cnico en redes<\/li>\n<li>Programador de aplicaciones en hardware abierto.<\/li>\n<\/ul>\n<div class=\"su-document su-u-responsive-media-yes\"><iframe src=\"\/\/docs.google.com\/viewer?embedded=true&url=https:\/\/www.utzac.edu.mx\/wp-content\/uploads\/2021\/03\/1-Mapa-cuatrimestral-TI-IRD-..pdf\" width=\"600\" height=\"400\" class=\"su-document\" title=\"\"><\/iframe><\/div>\n\n\t\t<\/div> \n\t<\/div> \n\t\t\t<\/div> \n\t\t<\/div> \n\t<\/div> \n\t\t<\/div> \n\t<\/div> \n<\/div><div class=\"vc_row-full-width\"><\/div>","protected":false},"excerpt":{"rendered":"Competencias Profesionales Las competencias profesionales son las destrezas y actitudes que permiten al T\u00e9cnico Superior Universitario desarrollar actividades en su \u00e1rea profesional, adaptarse a nuevas situaciones, as\u00ed como transferir, si es necesario, sus conocimientos, habilidades y actitudes a \u00e1reas profesionales pr\u00f3ximas. Competencias gen\u00e9ricas Capacidad de an\u00e1lisis y s\u00edntesis, habilidades para la investigaci\u00f3n b\u00e1sica, las capacidades [...]","protected":false},"author":8,"featured_media":0,"parent":0,"menu_order":0,"comment_status":"closed","ping_status":"open","template":"","meta":{"_eb_attr":""},"_links":{"self":[{"href":"https:\/\/www.utzac.edu.mx\/index.php?rest_route=\/wp\/v2\/pages\/5673"}],"collection":[{"href":"https:\/\/www.utzac.edu.mx\/index.php?rest_route=\/wp\/v2\/pages"}],"about":[{"href":"https:\/\/www.utzac.edu.mx\/index.php?rest_route=\/wp\/v2\/types\/page"}],"author":[{"embeddable":true,"href":"https:\/\/www.utzac.edu.mx\/index.php?rest_route=\/wp\/v2\/users\/8"}],"replies":[{"embeddable":true,"href":"https:\/\/www.utzac.edu.mx\/index.php?rest_route=%2Fwp%2Fv2%2Fcomments&post=5673"}],"version-history":[{"count":0,"href":"https:\/\/www.utzac.edu.mx\/index.php?rest_route=\/wp\/v2\/pages\/5673\/revisions"}],"wp:attachment":[{"href":"https:\/\/www.utzac.edu.mx\/index.php?rest_route=%2Fwp%2Fv2%2Fmedia&parent=5673"}],"curies":[{"name":"wp","href":"https:\/\/api.w.org\/{rel}","templated":true}]}}