{"id":5671,"date":"2015-03-03T15:43:11","date_gmt":"2015-03-03T21:43:11","guid":{"rendered":"http:\/\/www.utzac.edu.mx\/?page_id=5671"},"modified":"2021-03-18T19:47:28","modified_gmt":"2021-03-19T01:47:28","slug":"administracion","status":"publish","type":"page","link":"https:\/\/www.utzac.edu.mx\/?page_id=5671","title":{"rendered":"Administraci\u00f3n: \u00c1rea Recursos Humanos"},"content":{"rendered":"<p style=\"text-align: center;\">\t<div class=\"vc_row wpb_row vc_row-fluid\"  >\n\t<div class=\"vc_col-sm-12 wpb_column vc_column_container \">\n\t\t<div class=\"wpb_wrapper\">\n\t\t\t\n\t<div class=\"wpb_text_column wpb_content_element \">\n\t\t<div class=\"wpb_wrapper\">\n\t\t\t<h4 style=\"text-align: center;\">PERFIL PROFESIONAL<\/h4>\n<h4 style=\"text-align: center;\"><span style=\"font-size: 16px;\">T\u00c9CNICO SUPERIOR UNIVERSITARIO EN <\/span><\/p>\n<p><span style=\"font-size: 16px;\">ADMINISTRACI\u00d3N\u00a0 \u00c1REA CAPITAL HUMANO<\/span><\/p>\n<p><span style=\"font-size: 16px;\">EN COMPETENCIAS PROFESIONALES<\/span><\/p>\n<p>Versi\u00f3n Ejecutiva<\/h4>\n<p style=\"text-align: center;\"><strong>PRESENTACI\u00d3N<\/strong><\/p>\n<p style=\"text-align: justify;\">El T\u00e9cnico Superior Universitario en Administraci\u00f3n\u00a0 \u00e1rea Capital Humano cuenta con las competencias profesionales necesarias para su desempe\u00f1o en el campo laboral, en el \u00e1mbito local, regional y nacional.<\/p>\n<p><strong>\u00a0<\/strong><\/p>\n<p style=\"text-align: center;\"><strong>COMPETENCIAS PROFESIONALES<\/strong><\/p>\n<p style=\"text-align: justify;\"><strong>\u00a0<\/strong>Las competencias profesionales son las destrezas y actitudes que permiten al T\u00e9cnico Superior Universitario desarrollar actividades en su \u00e1rea profesional, adaptarse a nuevas situaciones, as\u00ed como transferir, si es necesario, sus conocimientos, habilidades y actitudes a \u00e1reas profesionales pr\u00f3ximas.<\/p>\n<p>&nbsp;<\/p>\n<p><strong>Competencias Gen\u00e9ricas:<\/strong><\/p>\n<ul>\n<li>Desarrollar y fortalecer las habilidades instrumentales, interpersonales, sist\u00e9micas y gerenciales para comunicarse en un segundo idioma.<\/li>\n<\/ul>\n<p><strong>Competencias Espec\u00edficas: <\/strong><\/p>\n<p><strong>\u00a01.\u00a0<\/strong><strong>Administrar los recursos de las organizaciones, mediante la aplicaci\u00f3n de metodolog\u00edas y herramientas tecnol\u00f3gicas de planeaci\u00f3n estrat\u00e9gica, financieras, mercadotecnia y gesti\u00f3n de calidad para contribuir a su desarrollo econ\u00f3mico, social y ambiental y de su entorno.<\/strong><\/p>\n<p style=\"text-align: justify;\"><strong>1.1\u00a0 <\/strong>Formular la planeaci\u00f3n estrat\u00e9gica organizacional haciendo uso de t\u00e9cnicas de diagn\u00f3stico, aplicaci\u00f3n de los procesos administrativo y mercadol\u00f3gico para la optimizaci\u00f3n de recursos.<\/p>\n<p style=\"text-align: justify;\"><strong>1.2\u00a0<\/strong> Evaluar la informaci\u00f3n financiera integral utilizando t\u00e9cnicas de registro contable y m\u00e9todos de an\u00e1lisis financiero para la toma de decisiones.<\/p>\n<p style=\"text-align: justify;\"><strong>1.3<\/strong>\u00a0 Implementar sistemas de calidad a trav\u00e9s de la aplicaci\u00f3n de normas y est\u00e1ndares nacionales e internacionales, con un enfoque sustentable para el desarrollo de la organizaci\u00f3n y de su entorno.<\/p>\n<p style=\"text-align: justify;\">\u00a0<\/p>\n<p style=\"text-align: justify;\"><strong>2.\u00a0 Administrar el capital humano, mediante los procesos de planeaci\u00f3n, reclutamiento, selecci\u00f3n, desarrollo y evaluaci\u00f3n del factor humano, con apego al marco legal vigente para contribuir al logro de los objetivos organizacionales.<\/strong><\/p>\n<p style=\"text-align: justify;\"><strong>2.1\u00a0<\/strong> Proveer el capital humano competente mediante t\u00e9cnicas y herramientas de planeaci\u00f3n y descripci\u00f3n de puestos, as\u00ed como procesos de reclutamiento, para ocupar los puestos requeridos en la organizaci\u00f3n.<\/p>\n<p style=\"text-align: justify;\"><strong>2.2\u00a0<\/strong> Desarrollar el capital humano de la organizaci\u00f3n mediante el establecimiento de las condiciones laborales, con base en la normatividad vigente, y los procesos de inducci\u00f3n, capacitaci\u00f3n y evaluaci\u00f3n del desempe\u00f1o, para incrementar el sentido de pertenencia y la productividad.<\/p>\n<p><strong>\u00a0<\/strong><\/p>\n<p style=\"text-align: center;\"><strong>ESCENARIOS DE ACTUACI\u00d3N<\/strong><\/p>\n<p><strong>\u00a0<\/strong>El T\u00e9cnico Superior Universitario en Administraci\u00f3n \u00e1rea Capital Humano, podr\u00e1 desenvolverse en:<\/p>\n<ul>\n<li>Empresas p\u00fablicas y privadas<\/li>\n<li>Empresas grandes, medianas y microempresas.<\/li>\n<li>Empresas de consultor\u00eda en materia de capital humano<\/li>\n<li><strong>I<\/strong>nstituciones privadas sin fines de lucro<\/li>\n<li>Instituciones no gubernamentales<\/li>\n<li>Instituciones especializadas en capital humano.<\/li>\n<li>Su propia empresa<\/li>\n<\/ul>\n<p><strong>\u00a0<\/strong><\/p>\n<p style=\"text-align: center;\"><strong>\u00a0<\/strong><strong>OCUPACIONES PROFESIONALES<\/strong><\/p>\n<p><strong>\u00a0<\/strong>El T\u00e9cnico Superior Universitario en Administraci\u00f3n \u00e1rea Capital Humano podr\u00e1 desempe\u00f1arse como:<\/p>\n<ul>\n<li>Coordinador de reclutamiento y selecci\u00f3n.<\/li>\n<li>Coordinador de capacitaci\u00f3n y adiestramiento.<\/li>\n<li>Analista de n\u00f3minas.<\/li>\n<li>Consultor de organizaciones en \u00e1rea capital humano<\/li>\n<li>Coordinador de \u00e1reas de capital humano<\/li>\n<li>Analista de gesti\u00f3n de la calidad<\/li>\n<li>Dise\u00f1ador de puestos de trabajos<\/li>\n<li>Analista de procesos<\/li>\n<li>Coordinador de Procesos de Certificaci\u00f3n laboral<\/li>\n<li>Analista de Sistemas de evaluaci\u00f3n de personal<\/li>\n<li>Coordinador de programas de Seguridad e Higiene<\/li>\n<\/ul>\n<div class=\"su-document su-u-responsive-media-yes\"><iframe src=\"\/\/docs.google.com\/viewer?embedded=true&url=https:\/\/www.utzac.edu.mx\/wp-content\/uploads\/2021\/03\/MAPA-CUATRIMESTRAL-TSU-A.-\u00c1REA-CAPITAL-HUMANO.pdf\" width=\"280\" height=\"280\" class=\"su-document\" title=\"\"><\/iframe><\/div>\n\n\t\t<\/div> \n\t<\/div> \n\t\t<\/div> \n\t<\/div> \n<\/div><div class=\"vc_row-full-width\"><\/div>","protected":false},"excerpt":{"rendered":"PERFIL PROFESIONAL T\u00c9CNICO SUPERIOR UNIVERSITARIO EN ADMINISTRACI\u00d3N\u00a0 \u00c1REA CAPITAL HUMANO EN COMPETENCIAS PROFESIONALES Versi\u00f3n Ejecutiva PRESENTACI\u00d3N El T\u00e9cnico Superior Universitario en Administraci\u00f3n\u00a0 \u00e1rea Capital Humano cuenta con las competencias profesionales necesarias para su desempe\u00f1o en el campo laboral, en el \u00e1mbito local, regional y nacional. \u00a0 COMPETENCIAS PROFESIONALES \u00a0Las competencias profesionales son las destrezas y [...]","protected":false},"author":8,"featured_media":0,"parent":0,"menu_order":0,"comment_status":"closed","ping_status":"open","template":"","meta":[],"_links":{"self":[{"href":"https:\/\/www.utzac.edu.mx\/index.php?rest_route=\/wp\/v2\/pages\/5671"}],"collection":[{"href":"https:\/\/www.utzac.edu.mx\/index.php?rest_route=\/wp\/v2\/pages"}],"about":[{"href":"https:\/\/www.utzac.edu.mx\/index.php?rest_route=\/wp\/v2\/types\/page"}],"author":[{"embeddable":true,"href":"https:\/\/www.utzac.edu.mx\/index.php?rest_route=\/wp\/v2\/users\/8"}],"replies":[{"embeddable":true,"href":"https:\/\/www.utzac.edu.mx\/index.php?rest_route=%2Fwp%2Fv2%2Fcomments&post=5671"}],"version-history":[{"count":0,"href":"https:\/\/www.utzac.edu.mx\/index.php?rest_route=\/wp\/v2\/pages\/5671\/revisions"}],"wp:attachment":[{"href":"https:\/\/www.utzac.edu.mx\/index.php?rest_route=%2Fwp%2Fv2%2Fmedia&parent=5671"}],"curies":[{"name":"wp","href":"https:\/\/api.w.org\/{rel}","templated":true}]}}