{"id":5669,"date":"2015-03-03T15:42:56","date_gmt":"2015-03-03T21:42:56","guid":{"rendered":"http:\/\/www.utzac.edu.mx\/?page_id=5669"},"modified":"2015-06-10T12:58:03","modified_gmt":"2015-06-10T17:58:03","slug":"terapia-fisica","status":"publish","type":"page","link":"https:\/\/www.utzac.edu.mx\/?page_id=5669","title":{"rendered":"Terapia F\u00edsica"},"content":{"rendered":"\t<div class=\"vc_row wpb_row vc_row-fluid\"  >\n\t<div class=\"vc_col-sm-12 wpb_column vc_column_container \">\n\t\t<div class=\"wpb_wrapper\">\n\t\t\t<div class=\"vc_custom_heading\" ><h2 style=\"text-align: left;font-family:Abril Fatface;font-weight:400;font-style:normal\" >Perfil del Egresado<\/h2><\/div>\n\t<div class=\"wpb_text_column wpb_content_element \">\n\t\t<div class=\"wpb_wrapper\">\n\t\t\t<p>El TSU en Terapia F\u00edsica es capaz de :<\/p>\n<ul>\n<ul>\n<li>Integrar el tratamiento terap\u00e9utico a trav\u00e9s de la valoraci\u00f3n, diagn\u00f3stico, historial cl\u00ednico del paciente, aplicando las t\u00e9cnicas de intervenci\u00f3n especializadas, para su rehabilitaci\u00f3n y mejora de su calidad de vida.<\/li>\n<li>Administrar centros de bienestar considerando los recursos humanos, materiales, financieros, as\u00ed como la normatividad aplicable, para\u00a0 contribuir a su rentabilidad\u00a0 y satisfacci\u00f3n del usuario.<\/li>\n<\/ul>\n<\/ul>\n\n\t\t<\/div> \n\t<\/div> <div class=\"vc_custom_heading\" ><h2 style=\"text-align: left;font-family:Abril Fatface;font-weight:400;font-style:normal\" >Desarrollar\u00e1 habilidades como:<\/h2><\/div>\n\t<div class=\"wpb_text_column wpb_content_element \">\n\t\t<div class=\"wpb_wrapper\">\n\t\t\t<ul>\n<li>Identificar est\u00e1ndares de calidad de productos y aparatos utilizados en <strong>SPA\u00b4s<\/strong><\/li>\n<li>Determinar indicaciones terap\u00e9uticas para pacientes con trastornos hemodin\u00e1micos y neurol\u00f3gicos.<\/li>\n<li>Proponer esquemas de procedimientos de terapia f\u00edsica.<\/li>\n<li>Proponer secuencias de rehabilitaci\u00f3n con base en los principio de la biomec\u00e1nica.<\/li>\n<li>Realizar procedimientos de inmovilizaciones y traslados a v\u00edctimas.<\/li>\n<li>Proponer protocolos de t\u00e9cnicas de drenaje linf\u00e1tico.<\/li>\n<\/ul>\n\n\t\t<\/div> \n\t<\/div> <div class=\"vc_custom_heading\" ><h2 style=\"text-align: left;font-family:Abril Fatface;font-weight:400;font-style:normal\" >Ocupaci\u00f3n profesional<\/h2><\/div>\n\t<div class=\"wpb_text_column wpb_content_element \">\n\t\t<div class=\"wpb_wrapper\">\n\t\t\t<p>Podr\u00e1 desempe\u00f1arse en los siguientes puestos y tipos de empresas:<\/p>\n<ul>\n<ul>\n<li>Terapeuta<\/li>\n<li>Coordinador de terapeutas<\/li>\n<li>Administrador de un centro de salud y bienestar,<\/li>\n<li>Centros de educaci\u00f3n<\/li>\n<li>Centros geri\u00e1tricos<\/li>\n<li>Consultorio propio.<\/li>\n<\/ul>\n<\/ul>\n\n\t\t<\/div> \n\t<\/div> \n\t<div class=\"wpb_text_column wpb_content_element \">\n\t\t<div class=\"wpb_wrapper\">\n\t\t\t<div class=\"su-document su-u-responsive-media-yes\"><iframe src=\"\/\/docs.google.com\/viewer?embedded=true&url=https:\/\/www.utzac.edu.mx\/wp-content\/uploads\/2015\/02\/Mapa_Cuatri_TSU_TFrehabilitacion.pdf\" width=\"280\" height=\"280\" class=\"su-document\" title=\"\"><\/iframe><\/div>\n\n\t\t<\/div> \n\t<\/div> \n\t\t<\/div> \n\t<\/div> \n\n\t<div class=\"vc_col-sm-12 wpb_column vc_column_container \">\n\t\t<div class=\"wpb_wrapper\">\n\t\t\t\n\t\t<\/div> \n\t<\/div> \n<\/div><div class=\"vc_row-full-width\"><\/div>\n ","protected":false},"excerpt":{"rendered":"Perfil del Egresado El TSU en Terapia F\u00edsica es capaz de : Integrar el tratamiento terap\u00e9utico a trav\u00e9s de la valoraci\u00f3n, diagn\u00f3stico, historial cl\u00ednico del paciente, aplicando las t\u00e9cnicas de intervenci\u00f3n especializadas, para su rehabilitaci\u00f3n y mejora de su calidad de vida. Administrar centros de bienestar considerando los recursos humanos, materiales, financieros, as\u00ed como la [...]","protected":false},"author":8,"featured_media":0,"parent":0,"menu_order":0,"comment_status":"closed","ping_status":"open","template":"","meta":{"_eb_attr":""},"_links":{"self":[{"href":"https:\/\/www.utzac.edu.mx\/index.php?rest_route=\/wp\/v2\/pages\/5669"}],"collection":[{"href":"https:\/\/www.utzac.edu.mx\/index.php?rest_route=\/wp\/v2\/pages"}],"about":[{"href":"https:\/\/www.utzac.edu.mx\/index.php?rest_route=\/wp\/v2\/types\/page"}],"author":[{"embeddable":true,"href":"https:\/\/www.utzac.edu.mx\/index.php?rest_route=\/wp\/v2\/users\/8"}],"replies":[{"embeddable":true,"href":"https:\/\/www.utzac.edu.mx\/index.php?rest_route=%2Fwp%2Fv2%2Fcomments&post=5669"}],"version-history":[{"count":0,"href":"https:\/\/www.utzac.edu.mx\/index.php?rest_route=\/wp\/v2\/pages\/5669\/revisions"}],"wp:attachment":[{"href":"https:\/\/www.utzac.edu.mx\/index.php?rest_route=%2Fwp%2Fv2%2Fmedia&parent=5669"}],"curies":[{"name":"wp","href":"https:\/\/api.w.org\/{rel}","templated":true}]}}