{"id":5667,"date":"2015-03-03T15:42:40","date_gmt":"2015-03-03T21:42:40","guid":{"rendered":"http:\/\/www.utzac.edu.mx\/?page_id=5667"},"modified":"2016-06-23T12:43:23","modified_gmt":"2016-06-23T17:43:23","slug":"agricultura-sustentable-y-protegida","status":"publish","type":"page","link":"https:\/\/www.utzac.edu.mx\/?page_id=5667","title":{"rendered":"Agricultura Sustentable y Protegida"},"content":{"rendered":"\t<div class=\"vc_row wpb_row vc_row-fluid\"  >\n\t<div class=\"vc_col-sm-12 wpb_column vc_column_container \">\n\t\t<div class=\"wpb_wrapper\">\n\t\t\t\n\t<div class=\"wpb_text_column wpb_content_element \">\n\t\t<div class=\"wpb_wrapper\">\n\t\t\t<p><em><strong><a href=\"https:\/\/www.utzac.edu.mx\/wp-content\/uploads\/2015\/03\/7764f439-f091-44a5-b21b-fa5cd5cbbccf.jpg\"><img decoding=\"async\" loading=\"lazy\" class=\"  wp-image-8603 alignright\" src=\"https:\/\/www.utzac.edu.mx\/wp-content\/uploads\/2015\/03\/7764f439-f091-44a5-b21b-fa5cd5cbbccf-300x209.jpg\" alt=\"7764f439-f091-44a5-b21b-fa5cd5cbbccf\" width=\"268\" height=\"187\" srcset=\"https:\/\/www.utzac.edu.mx\/wp-content\/uploads\/2015\/03\/7764f439-f091-44a5-b21b-fa5cd5cbbccf-300x209.jpg 300w, https:\/\/www.utzac.edu.mx\/wp-content\/uploads\/2015\/03\/7764f439-f091-44a5-b21b-fa5cd5cbbccf-700x489.jpg 700w, https:\/\/www.utzac.edu.mx\/wp-content\/uploads\/2015\/03\/7764f439-f091-44a5-b21b-fa5cd5cbbccf.jpg 749w\" sizes=\"(max-width: 268px) 100vw, 268px\" \/><\/a>Perfil Profesional<\/strong><\/em><\/p>\n<p>El T\u00e9cnico Superior Universitario en Agricultura Sustentable y Protegida cuenta con las competencias profesionales necesarias para tu desempe\u00f1o en el campo laboral, en el \u00e1mbito local, regional y nacional.<\/p>\n<p><strong>COMPETENCIAS PROFESIONALES<\/strong><\/p>\n<p>Las competencias profesionales son las destrezas y actitudes que permiten al T\u00e9cnico Superior Universitario desarrollar actividades en su \u00e1rea profesional, adaptarse a nuevas situaciones, as\u00ed como transferir, si es necesario, sus conocimientos, habilidades y actitudes a \u00e1reas profesionales pr\u00f3ximas.<\/p>\n<p><strong>Competencias Gen\u00e9ricas:<\/strong><\/p>\n<p>Capacidad de an\u00e1lisis y s\u00edntesis, habilidades para la investigaci\u00f3n b\u00e1sica, las capacidades individuales y las destrezas sociales, habilidades gerenciales y las habilidades para comunicarse en un segundo idioma.<\/p>\n<p><strong>Competencias Espec\u00edficas: <\/strong><\/p>\n<ol>\n<li><strong> Desarrollar el proceso de producci\u00f3n agr\u00edcola a trav\u00e9s de t\u00e9cnicas agron\u00f3micas, para garantizar su rentabilidad y contribuir a la sustentabilidad y desarrollo de la regi\u00f3n.<\/strong><\/li>\n<\/ol>\n<p>1.1 Planear el proceso de producci\u00f3n agr\u00edcola sustentable con base en la evaluaci\u00f3n de los recursos disponibles y las condiciones ambientales, para realizar una propuesta tecnol\u00f3gica.<\/p>\n<p>1.2 Dirigir el sistema de producci\u00f3n agr\u00edcola mediante la planeaci\u00f3n y supervisi\u00f3n del manejo agron\u00f3mico y la normatividad aplicable, para lograr las metas de producci\u00f3n.<\/p>\n<ol start=\"2\">\n<li><strong> Estructurar e Implementar sistemas de agricultura protegida, mediante el control y la automatizaci\u00f3n del proceso, para garantizar la productividad y contribuir a la sustentabilidad de los recursos agr\u00edcolas.<\/strong><\/li>\n<\/ol>\n<p>2.1 Desarrollar sistemas de producci\u00f3n agr\u00edcola protegida determinando la infraestructura y el sistema de automatizaci\u00f3n acorde a las necesidades t\u00e9cnicas y a los recursos disponibles, para eficientar la operaci\u00f3n y producci\u00f3n.<\/p>\n<p>2.2 Dirigir la operaci\u00f3n de unidades de producci\u00f3n\u00a0 agr\u00edcola protegida a trav\u00e9s del control de variables y par\u00e1metros de\u00a0 operatividad y mantenimiento para asegurar la producci\u00f3n\u00a0 y contribuir a la rentabilidad de la organizaci\u00f3n.<\/p>\n<p><strong>ESCENARIOS DE ACTUACI\u00d3N<\/strong><\/p>\n<p>El T\u00e9cnico Superior Universitario en Agricultura Sustentable y Protegida, podr\u00e1 desenvolverse en:<\/p>\n<p>&#8211; Empresas p\u00fablicas y privadas dedicadas a la producci\u00f3n y comercializaci\u00f3n de productos agr\u00edcolas.<\/p>\n<p>&#8211; Dependencias p\u00fablicas federales, estatales y municipales.<\/p>\n<p>&#8211; Su propia empresa proporcionando servicios de asesor\u00eda t\u00e9cnica agr\u00edcola y agronegocios.<\/p>\n<p><strong>OCUPACIONES PROFESIONALES<\/strong><\/p>\n<p>El T\u00e9cnico Superior Universitario en Agricultura Sustentable y Protegida podr\u00e1 desempe\u00f1arse como:<\/p>\n<ul>\n<li>Supervisor de Producci\u00f3n Agr\u00edcola.<\/li>\n<li>Consultor y Asesor T\u00e9cnico.<\/li>\n<li>Coordinador de Producci\u00f3n.<\/li>\n<li>T\u00e9cnico Especializado.<\/li>\n<li>Director de producci\u00f3n.<\/li>\n<li>Administrador de la producci\u00f3n en invernaderos y sistemas bajo cubierta.<\/li>\n<li>Jefe del \u00e1rea de producci\u00f3n agr\u00edcola.<\/li>\n<li>Asistente de investigaci\u00f3n.<\/li>\n<li>Jefe de ventas de productos y equipos agr\u00edcolas.<\/li>\n<li>Supervisor de instalaci\u00f3n de infraestructura y equipo agr\u00edcola.<\/li>\n<\/ul>\n<p><em><strong><div class=\"su-document su-u-responsive-media-yes\"><iframe src=\"\/\/docs.google.com\/viewer?embedded=true&url=https:\/\/www.utzac.edu.mx\/wp-content\/uploads\/2015\/02\/MAPA-CUATRIMESTRAL_ASyP.pdf\" width=\"600\" height=\"400\" class=\"su-document\" title=\"\"><\/iframe><\/div><\/strong><\/em><\/p>\n\n\t\t<\/div> \n\t<\/div> \n\t\t<\/div> \n\t<\/div> \n<\/div><div class=\"vc_row-full-width\"><\/div>\n","protected":false},"excerpt":{"rendered":"Perfil Profesional El T\u00e9cnico Superior Universitario en Agricultura Sustentable y Protegida cuenta con las competencias profesionales necesarias para tu desempe\u00f1o en el campo laboral, en el \u00e1mbito local, regional y nacional. COMPETENCIAS PROFESIONALES Las competencias profesionales son las destrezas y actitudes que permiten al T\u00e9cnico Superior Universitario desarrollar actividades en su \u00e1rea profesional, adaptarse a [...]","protected":false},"author":8,"featured_media":0,"parent":0,"menu_order":0,"comment_status":"closed","ping_status":"open","template":"","meta":[],"_links":{"self":[{"href":"https:\/\/www.utzac.edu.mx\/index.php?rest_route=\/wp\/v2\/pages\/5667"}],"collection":[{"href":"https:\/\/www.utzac.edu.mx\/index.php?rest_route=\/wp\/v2\/pages"}],"about":[{"href":"https:\/\/www.utzac.edu.mx\/index.php?rest_route=\/wp\/v2\/types\/page"}],"author":[{"embeddable":true,"href":"https:\/\/www.utzac.edu.mx\/index.php?rest_route=\/wp\/v2\/users\/8"}],"replies":[{"embeddable":true,"href":"https:\/\/www.utzac.edu.mx\/index.php?rest_route=%2Fwp%2Fv2%2Fcomments&post=5667"}],"version-history":[{"count":0,"href":"https:\/\/www.utzac.edu.mx\/index.php?rest_route=\/wp\/v2\/pages\/5667\/revisions"}],"wp:attachment":[{"href":"https:\/\/www.utzac.edu.mx\/index.php?rest_route=%2Fwp%2Fv2%2Fmedia&parent=5667"}],"curies":[{"name":"wp","href":"https:\/\/api.w.org\/{rel}","templated":true}]}}