{"id":5665,"date":"2015-03-03T15:42:10","date_gmt":"2015-03-03T21:42:10","guid":{"rendered":"http:\/\/www.utzac.edu.mx\/?page_id=5665"},"modified":"2015-06-23T12:56:11","modified_gmt":"2015-06-23T17:56:11","slug":"mineria","status":"publish","type":"page","link":"https:\/\/www.utzac.edu.mx\/?page_id=5665","title":{"rendered":"Miner\u00eda"},"content":{"rendered":"\t<div class=\"vc_row wpb_row vc_row-fluid\"  >\n\t<div class=\"vc_col-sm-12 wpb_column vc_column_container \">\n\t\t<div class=\"wpb_wrapper\">\n\t\t\t<div class=\"vc_custom_heading\" ><h2 style=\"text-align: left;font-family:Abril Fatface;font-weight:400;font-style:normal\" >Competencias Espec\u00edficas desarrolladas<\/h2><\/div>\n\t<div class=\"wpb_text_column wpb_content_element \">\n\t\t<div class=\"wpb_wrapper\">\n\t\t\t<ol>\n<li>Dise\u00f1ar y dirigir la operaci\u00f3n minera con base a los estudios de factibilidad, el dise\u00f1o de los proyectos de explotaci\u00f3n y la administraci\u00f3n de la producci\u00f3n conforme a la normatividad establecida para el aprovechamiento sustentable de los recursos naturales no renovables,\u00a0 contribuir a la rentabilidad de la organizaci\u00f3n y al desarrollo econ\u00f3mico de la regi\u00f3n.<\/li>\n<\/ol>\n<p>1.1 Determinar la factibilidad de un proyecto minero a trav\u00e9s de estudios t\u00e9cnico, econ\u00f3mico- financiero, de responsabilidad social e impacto ambiental para\u00a0\u00a0 la\u00a0 toma de decisiones\u00a0 y\u00a0 continuidad del proyecto.<\/p>\n<p>1.2 Dise\u00f1ar proyectos de explotaci\u00f3n minera definiendo el sistema, m\u00e9todo, proceso, recursos y requerimientos con base\u00a0 en los estudios geol\u00f3gicos, topogr\u00e1ficos y de factibilidad\u00a0 para contribuir con el desarrollo de la empresa y su entorno.<\/p>\n<p>1.3 Dirigir la operaci\u00f3n minera a trav\u00e9s de la administraci\u00f3n de los\u00a0 procesos y optimizaci\u00f3n de\u00a0 recursos\u00a0 con un enfoque de mejora continua\u00a0 para el logro de las metas establecidas<\/p>\n<p lang=\"es-MX\" style=\"text-align: left;\" align=\"CENTER\"><strong>ESCENARIOS DE ACTUACI\u00d3N<\/strong><\/p>\n<p align=\"JUSTIFY\"><span lang=\"es-MX\">El\u00a0<\/span><span lang=\"es-MX\">T\u00e9cnico\u00a0<\/span><span lang=\"es-MX\">Superior\u00a0<\/span><span lang=\"es-MX\">Universitario\u00a0<\/span><span lang=\"es-MX\">en\u00a0<\/span><span lang=\"es-MX\">Miner\u00eda,\u00a0<\/span><span lang=\"es-MX\">podr\u00e1\u00a0<\/span><span lang=\"es-MX\">desenvolverse\u00a0<\/span><span lang=\"es-MX\">en:<\/span><\/p>\n<ul>\n<li>\n<p align=\"JUSTIFY\"><span lang=\"es-MX\">Empresas\u00a0<\/span><span lang=\"es-MX\">del\u00a0<\/span><span lang=\"es-MX\">sector\u00a0<\/span><span lang=\"es-MX\">industrial\u00a0<\/span><span lang=\"es-MX\">de\u00a0<\/span><span lang=\"es-MX\">la\u00a0<\/span><span lang=\"es-MX\">extracci\u00f3n.<\/span><\/p>\n<\/li>\n<li>\n<p align=\"JUSTIFY\"><span lang=\"es-MX\">Empresas\u00a0<\/span><span lang=\"es-MX\">del\u00a0<\/span><span lang=\"es-MX\">sector\u00a0<\/span><span lang=\"es-MX\">industrial\u00a0<\/span><span lang=\"es-MX\">de\u00a0<\/span><span lang=\"es-MX\">Servicios.<\/span><\/p>\n<\/li>\n<li>\n<p align=\"JUSTIFY\"><span lang=\"es-MX\">Empresas\u00a0<\/span><span lang=\"es-MX\">del\u00a0<\/span><span lang=\"es-MX\">sector\u00a0<\/span><span lang=\"es-MX\">industrial\u00a0<\/span><span lang=\"es-MX\">de\u00a0<\/span><span lang=\"es-MX\">la\u00a0<\/span><span lang=\"es-MX\">Transformaci\u00f3n.<\/span><\/p>\n<\/li>\n<li>\n<p align=\"JUSTIFY\"><span lang=\"es-MX\">Peque\u00f1as\u00a0<\/span><span lang=\"es-MX\">y\u00a0<\/span><span lang=\"es-MX\">medianas\u00a0<\/span><span lang=\"es-MX\">empresas\u00a0<\/span><span lang=\"es-MX\">industriales.<\/span><\/p>\n<\/li>\n<li>\n<p align=\"JUSTIFY\"><span lang=\"es-MX\">Su\u00a0<\/span><span lang=\"es-MX\">propia\u00a0<\/span><span lang=\"es-MX\">empresa\u00a0<\/span><span lang=\"es-MX\">de\u00a0<\/span><span lang=\"es-MX\">Miner\u00eda.<\/span><\/p>\n<\/li>\n<\/ul>\n<p lang=\"es-MX\" style=\"text-align: left;\" align=\"CENTER\"><strong>OCUPACIONES PROFESIONALES<\/strong><\/p>\n<p align=\"JUSTIFY\"><span lang=\"es-MX\">El\u00a0<\/span><span lang=\"es-MX\">T\u00e9cnico\u00a0<\/span><span lang=\"es-MX\">Superior\u00a0<\/span><span lang=\"es-MX\">Universitario\u00a0<\/span><span lang=\"es-MX\">en\u00a0<\/span><span lang=\"es-MX\">Miner\u00eda\u00a0<\/span><span lang=\"es-MX\">podr\u00e1\u00a0<\/span><span lang=\"es-MX\">desempe\u00f1arse\u00a0<\/span><span lang=\"es-MX\">como:<\/span><\/p>\n<ul>\n<li>\n<p lang=\"es-MX\" align=\"JUSTIFY\">Supervisor de exploraci\u00f3n<\/p>\n<\/li>\n<li>\n<p align=\"JUSTIFY\"><span lang=\"es-MX\">Supervisor<\/span><span lang=\"es-MX\">de<\/span><span lang=\"es-MX\">mina<\/span><\/p>\n<\/li>\n<li>\n<p lang=\"es-MX\">Supervisor en procesos de beneficio<\/p>\n<\/li>\n<li>\n<p lang=\"es-MX\" align=\"JUSTIFY\">Jefe de minas<\/p>\n<\/li>\n<li>\n<p lang=\"es-MX\">Ensayista de materiales<\/p>\n<\/li>\n<li>\n<p lang=\"es-MX\">Coordinador de equipo<\/p>\n<\/li>\n<li>\n<p lang=\"es-MX\">Coordinador de seguridad<\/p>\n<\/li>\n<li>\n<p lang=\"es-MX\">Coordinador de calidad<\/p>\n<\/li>\n<li>\n<p lang=\"es-MX\">Coordinador de log\u00edstica en mina<\/p>\n<\/li>\n<li>\n<p lang=\"es-MX\">Capacitador<\/p>\n<\/li>\n<li>\n<p lang=\"es-MX\">Desarrollador de Proyectos mineros sustentables<\/p>\n<\/li>\n<li>\n<p lang=\"es-MX\">Asesor de procesos de explotaci\u00f3n y beneficio<\/p>\n<\/li>\n<\/ul>\n<div class=\"su-document su-u-responsive-media-yes\"><iframe src=\"\/\/docs.google.com\/viewer?embedded=true&url=https:\/\/www.utzac.edu.mx\/wp-content\/uploads\/2015\/02\/mineria-TSU.pdf\" width=\"280\" height=\"280\" class=\"su-document\" title=\"\"><\/iframe><\/div>\n\n\t\t<\/div> \n\t<\/div> \n\t\t<\/div> \n\t<\/div> \n<\/div><div class=\"vc_row-full-width\"><\/div>\n","protected":false},"excerpt":{"rendered":"Competencias Espec\u00edficas desarrolladas Dise\u00f1ar y dirigir la operaci\u00f3n minera con base a los estudios de factibilidad, el dise\u00f1o de los proyectos de explotaci\u00f3n y la administraci\u00f3n de la producci\u00f3n conforme a la normatividad establecida para el aprovechamiento sustentable de los recursos naturales no renovables,\u00a0 contribuir a la rentabilidad de la organizaci\u00f3n y al desarrollo econ\u00f3mico [...]","protected":false},"author":8,"featured_media":0,"parent":0,"menu_order":0,"comment_status":"closed","ping_status":"open","template":"","meta":[],"_links":{"self":[{"href":"https:\/\/www.utzac.edu.mx\/index.php?rest_route=\/wp\/v2\/pages\/5665"}],"collection":[{"href":"https:\/\/www.utzac.edu.mx\/index.php?rest_route=\/wp\/v2\/pages"}],"about":[{"href":"https:\/\/www.utzac.edu.mx\/index.php?rest_route=\/wp\/v2\/types\/page"}],"author":[{"embeddable":true,"href":"https:\/\/www.utzac.edu.mx\/index.php?rest_route=\/wp\/v2\/users\/8"}],"replies":[{"embeddable":true,"href":"https:\/\/www.utzac.edu.mx\/index.php?rest_route=%2Fwp%2Fv2%2Fcomments&post=5665"}],"version-history":[{"count":0,"href":"https:\/\/www.utzac.edu.mx\/index.php?rest_route=\/wp\/v2\/pages\/5665\/revisions"}],"wp:attachment":[{"href":"https:\/\/www.utzac.edu.mx\/index.php?rest_route=%2Fwp%2Fv2%2Fmedia&parent=5665"}],"curies":[{"name":"wp","href":"https:\/\/api.w.org\/{rel}","templated":true}]}}