{"id":5656,"date":"2015-03-03T15:25:40","date_gmt":"2015-03-03T21:25:40","guid":{"rendered":"http:\/\/www.utzac.edu.mx\/?page_id=5656"},"modified":"2023-09-14T16:26:30","modified_gmt":"2023-09-14T22:26:30","slug":"alumnos","status":"publish","type":"page","link":"https:\/\/www.utzac.edu.mx\/?page_id=5656","title":{"rendered":"Alumnos"},"content":{"rendered":"<div class=\"vc_row wpb_row vc_row-fluid\"  >\n\t<div class=\"vc_col-sm-12 wpb_column vc_column_container \">\n\t\t<div class=\"wpb_wrapper\">\n\t\t\t\n\t<div class=\"wpb_text_column wpb_content_element \">\n\t\t<div class=\"wpb_wrapper\">\n\t\t\t<p>Ent\u00e9rate de los eventos, concursos,nuevos proyectos y otras cosas m\u00e1s que se realizan para los alumnos de nuestra universidad. Forma parte de nosotros y \u00fanete a<\/p>\n\n\t\t<\/div> \n\t<\/div> \n\t\t<\/div> \n\t<\/div> \n<\/div><div class=\"vc_row-full-width\"><\/div>","protected":false},"excerpt":{"rendered":"Ent\u00e9rate de los eventos, concursos,nuevos proyectos y otras cosas m\u00e1s que se realizan para los alumnos de nuestra universidad. Forma parte de nosotros y \u00fanete a","protected":false},"author":8,"featured_media":0,"parent":0,"menu_order":0,"comment_status":"closed","ping_status":"open","template":"template-post-grid.php","meta":[],"_links":{"self":[{"href":"https:\/\/www.utzac.edu.mx\/index.php?rest_route=\/wp\/v2\/pages\/5656"}],"collection":[{"href":"https:\/\/www.utzac.edu.mx\/index.php?rest_route=\/wp\/v2\/pages"}],"about":[{"href":"https:\/\/www.utzac.edu.mx\/index.php?rest_route=\/wp\/v2\/types\/page"}],"author":[{"embeddable":true,"href":"https:\/\/www.utzac.edu.mx\/index.php?rest_route=\/wp\/v2\/users\/8"}],"replies":[{"embeddable":true,"href":"https:\/\/www.utzac.edu.mx\/index.php?rest_route=%2Fwp%2Fv2%2Fcomments&post=5656"}],"version-history":[{"count":0,"href":"https:\/\/www.utzac.edu.mx\/index.php?rest_route=\/wp\/v2\/pages\/5656\/revisions"}],"wp:attachment":[{"href":"https:\/\/www.utzac.edu.mx\/index.php?rest_route=%2Fwp%2Fv2%2Fmedia&parent=5656"}],"curies":[{"name":"wp","href":"https:\/\/api.w.org\/{rel}","templated":true}]}}