{"id":5585,"date":"2015-02-27T22:56:59","date_gmt":"2015-02-28T04:56:59","guid":{"rendered":"http:\/\/www.utzac.edu.mx\/?page_id=5585"},"modified":"2018-08-09T11:10:21","modified_gmt":"2018-08-09T16:10:21","slug":"nuevo-ingreso","status":"publish","type":"page","link":"https:\/\/www.utzac.edu.mx\/?page_id=5585","title":{"rendered":"Nuevo Ingreso"},"content":{"rendered":"\t<div class=\"vc_row wpb_row vc_row-fluid\"  data-vc-full-width=\"true\" >\n\t<div class=\"vc_col-sm-3 wpb_column vc_column_container \">\n\t\t<div class=\"wpb_wrapper\">\n\t\t\t<div class=\"vc_custom_heading\" ><h2 style=\"text-align: left;font-family:Abril Fatface;font-weight:400;font-style:normal\" >Reglamento del estudiante<\/h2><\/div>\n\t<div class=\"wpb_single_image wpb_content_element vc_align_left\">\n\t\t<div class=\"wpb_wrapper\">\n\t\t\t\n\t\t\t<div class=\"vc_single_image-wrapper   vc_box_border_grey\"><img width=\"300\" height=\"267\" src=\"https:\/\/www.utzac.edu.mx\/wp-content\/uploads\/2015\/02\/preinscripciones-300x267.jpg\" class=\"vc_single_image-img attachment-medium\" alt=\"\" decoding=\"async\" srcset=\"https:\/\/www.utzac.edu.mx\/wp-content\/uploads\/2015\/02\/preinscripciones-300x267.jpg 300w, https:\/\/www.utzac.edu.mx\/wp-content\/uploads\/2015\/02\/preinscripciones-700x622.jpg 700w, https:\/\/www.utzac.edu.mx\/wp-content\/uploads\/2015\/02\/preinscripciones.jpg 900w\" sizes=\"(max-width: 300px) 100vw, 300px\" \/><\/div>\n\t\t<\/div> \n\t<\/div> \n\t<div class=\"wpb_text_column wpb_content_element \">\n\t\t<div class=\"wpb_wrapper\">\n\t\t\t<p>Conoce el reglamento del estudiante que establece esta casa de estudios con la finalidad de ofrecerte una mejor educaci\u00f3n. <a title=\"Reglamento del estudiante\" href=\"https:\/\/www.utzac.edu.mx\/?page_id=5762\">M\u00e1s info<\/a><\/p>\n\n\t\t<\/div> \n\t<\/div> \n\t\t<\/div> \n\t<\/div> \n\n\t<div class=\"vc_col-sm-3 wpb_column vc_column_container \">\n\t\t<div class=\"wpb_wrapper\">\n\t\t\t<div class=\"vc_custom_heading\" ><h2 style=\"text-align: left;font-family:Abril Fatface;font-weight:400;font-style:normal\" >Ingreso<\/h2><\/div>\n\t<div class=\"wpb_single_image wpb_content_element vc_align_left\">\n\t\t<div class=\"wpb_wrapper\">\n\t\t\t\n\t\t\t<div class=\"vc_single_image-wrapper   vc_box_border_grey\"><img width=\"300\" height=\"267\" src=\"https:\/\/www.utzac.edu.mx\/wp-content\/uploads\/2015\/02\/ingreso-300x267.jpg\" class=\"vc_single_image-img attachment-medium\" alt=\"\" decoding=\"async\" srcset=\"https:\/\/www.utzac.edu.mx\/wp-content\/uploads\/2015\/02\/ingreso-300x267.jpg 300w, https:\/\/www.utzac.edu.mx\/wp-content\/uploads\/2015\/02\/ingreso-700x622.jpg 700w, https:\/\/www.utzac.edu.mx\/wp-content\/uploads\/2015\/02\/ingreso.jpg 900w\" sizes=\"(max-width: 300px) 100vw, 300px\" \/><\/div>\n\t\t<\/div> \n\t<\/div> \n\t<div class=\"wpb_text_column wpb_content_element \">\n\t\t<div class=\"wpb_wrapper\">\n\t\t\t<p>\u00bfQuieres ser parte de nuestra Comunidad Universitaria? Los requisitos para \u00a0Ingresar a una de nuestras carreras de T\u00e9cnico Superior Universitario (TSU) o Ingenier\u00eda los puedes ver <a href=\"https:\/\/www.utzac.edu.mx\/?page_id=5383\">aqu\u00ed<\/a><\/p>\n\n\t\t<\/div> \n\t<\/div> \n\t\t<\/div> \n\t<\/div> \n\n\t<div class=\"vc_col-sm-3 wpb_column vc_column_container \">\n\t\t<div class=\"wpb_wrapper\">\n\t\t\t<div class=\"vc_custom_heading\" ><h2 style=\"text-align: left;font-family:Abril Fatface;font-weight:400;font-style:normal\" >Inicio de Clases<\/h2><\/div>\n\t<div class=\"wpb_single_image wpb_content_element vc_align_left\">\n\t\t<div class=\"wpb_wrapper\">\n\t\t\t\n\t\t\t<div class=\"vc_single_image-wrapper   vc_box_border_grey\"><img width=\"300\" height=\"267\" src=\"https:\/\/www.utzac.edu.mx\/wp-content\/uploads\/2015\/02\/iniciodeclases-300x267.jpg\" class=\"vc_single_image-img attachment-medium\" alt=\"\" decoding=\"async\" srcset=\"https:\/\/www.utzac.edu.mx\/wp-content\/uploads\/2015\/02\/iniciodeclases-300x267.jpg 300w, https:\/\/www.utzac.edu.mx\/wp-content\/uploads\/2015\/02\/iniciodeclases-700x622.jpg 700w, https:\/\/www.utzac.edu.mx\/wp-content\/uploads\/2015\/02\/iniciodeclases.jpg 900w\" sizes=\"(max-width: 300px) 100vw, 300px\" \/><\/div>\n\t\t<\/div> \n\t<\/div> \n\t<div class=\"wpb_text_column wpb_content_element \">\n\t\t<div class=\"wpb_wrapper\">\n\t\t\t<p>Las clases inician el\u00a03 de septiembre, no olvides pasar por tus libros a la biblioteca .Si a\u00fan no conoces las instalaciones <a title=\"Inicio de Clases\" href=\"https:\/\/www.utzac.edu.mx\/?page_id=5304\">aqu\u00ed<\/a> puedes dar un recorrido<\/p>\n\n\t\t<\/div> \n\t<\/div> \n\t\t<\/div> \n\t<\/div> \n<\/div><div class=\"vc_row-full-width\"><\/div>\t<div class=\"vc_row wpb_row vc_row-fluid\"  >\n\t<div class=\"vc_col-sm-3 wpb_column vc_column_container \">\n\t\t<div class=\"wpb_wrapper\">\n\t\t\t<div class=\"vc_custom_heading\" ><h2 style=\"text-align: left;font-family:Abril Fatface;font-weight:400;font-style:normal\" >Becas<\/h2><\/div>\n\t<div class=\"wpb_single_image wpb_content_element vc_align_left\">\n\t\t<div class=\"wpb_wrapper\">\n\t\t\t\n\t\t\t<div class=\"vc_single_image-wrapper   vc_box_border_grey\"><img width=\"300\" height=\"267\" src=\"https:\/\/www.utzac.edu.mx\/wp-content\/uploads\/2015\/02\/becas-300x267.jpg\" class=\"vc_single_image-img attachment-medium\" alt=\"\" decoding=\"async\" srcset=\"https:\/\/www.utzac.edu.mx\/wp-content\/uploads\/2015\/02\/becas-300x267.jpg 300w, https:\/\/www.utzac.edu.mx\/wp-content\/uploads\/2015\/02\/becas-700x622.jpg 700w, https:\/\/www.utzac.edu.mx\/wp-content\/uploads\/2015\/02\/becas.jpg 900w\" sizes=\"(max-width: 300px) 100vw, 300px\" \/><\/div>\n\t\t<\/div> \n\t<\/div> \n\t<div class=\"wpb_text_column wpb_content_element \">\n\t\t<div class=\"wpb_wrapper\">\n\t\t\t<p>Conoce los distintos programas que tenemos para nuestros estudiantes en la Universidad Tecnol\u00f3gica del Estado de Zacatecas. <a title=\"Becas\" href=\"https:\/\/www.utzac.edu.mx\/?page_id=5385\">Ver info<\/a><\/p>\n\n\t\t<\/div> \n\t<\/div> \n\t\t<\/div> \n\t<\/div> \n\n\t<div class=\"vc_col-sm-3 wpb_column vc_column_container \">\n\t\t<div class=\"wpb_wrapper\">\n\t\t\t<div class=\"vc_custom_heading\" ><h2 style=\"text-align: left;font-family:Abril Fatface;font-weight:400;font-style:normal\" >Servicios Escolares<\/h2><\/div>\n\t<div class=\"wpb_single_image wpb_content_element vc_align_left\">\n\t\t<div class=\"wpb_wrapper\">\n\t\t\t\n\t\t\t<div class=\"vc_single_image-wrapper   vc_box_border_grey\"><img width=\"300\" height=\"267\" src=\"https:\/\/www.utzac.edu.mx\/wp-content\/uploads\/2015\/02\/serviciosalestudiante-300x267.jpg\" class=\"vc_single_image-img attachment-medium\" alt=\"\" decoding=\"async\" srcset=\"https:\/\/www.utzac.edu.mx\/wp-content\/uploads\/2015\/02\/serviciosalestudiante-300x267.jpg 300w, https:\/\/www.utzac.edu.mx\/wp-content\/uploads\/2015\/02\/serviciosalestudiante-700x622.jpg 700w, https:\/\/www.utzac.edu.mx\/wp-content\/uploads\/2015\/02\/serviciosalestudiante.jpg 900w\" sizes=\"(max-width: 300px) 100vw, 300px\" \/><\/div>\n\t\t<\/div> \n\t<\/div> \n\t<div class=\"wpb_text_column wpb_content_element \">\n\t\t<div class=\"wpb_wrapper\">\n\t\t\t<p>Si necesitas entregar documentaci\u00f3n o hacer alg\u00fan tr\u00e1mite, puedes acudir a servicios escolares.\u00a0<a title=\"Servicios Escolares\" href=\"https:\/\/www.utzac.edu.mx\/?page_id=5386\">Ver info<\/a><\/p>\n\n\t\t<\/div> \n\t<\/div> \n\t\t<\/div> \n\t<\/div> \n\n\t<div class=\"vc_col-sm-3 wpb_column vc_column_container \">\n\t\t<div class=\"wpb_wrapper\">\n\t\t\t<div class=\"vc_custom_heading\" ><h2 style=\"text-align: left;font-family:Abril Fatface;font-weight:400;font-style:normal\" >Servicios al estudiante<\/h2><\/div>\n\t<div class=\"wpb_single_image wpb_content_element vc_align_left\">\n\t\t<div class=\"wpb_wrapper\">\n\t\t\t\n\t\t\t<div class=\"vc_single_image-wrapper   vc_box_border_grey\"><img width=\"300\" height=\"267\" src=\"https:\/\/www.utzac.edu.mx\/wp-content\/uploads\/2015\/02\/serviciosescolares-300x267.jpg\" class=\"vc_single_image-img attachment-medium\" alt=\"\" decoding=\"async\" srcset=\"https:\/\/www.utzac.edu.mx\/wp-content\/uploads\/2015\/02\/serviciosescolares-300x267.jpg 300w, https:\/\/www.utzac.edu.mx\/wp-content\/uploads\/2015\/02\/serviciosescolares-700x622.jpg 700w, https:\/\/www.utzac.edu.mx\/wp-content\/uploads\/2015\/02\/serviciosescolares.jpg 900w\" sizes=\"(max-width: 300px) 100vw, 300px\" \/><\/div>\n\t\t<\/div> \n\t<\/div> \n\t<div class=\"wpb_text_column wpb_content_element \">\n\t\t<div class=\"wpb_wrapper\">\n\t\t\t<p>Conoce todos los servicios que est\u00e1n disponibles exclusivamente para ti as\u00ed como transporte y cafeter\u00eda.\u00a0<a title=\"Servicios al estudiante\" href=\"https:\/\/www.utzac.edu.mx\/?page_id=5387\">Ver info<\/a><\/p>\n\n\t\t<\/div> \n\t<\/div> \n\t\t<\/div> \n\t<\/div> \n\n\t<div class=\"vc_col-sm-12 wpb_column vc_column_container \">\n\t\t<div class=\"wpb_wrapper\">\n\t\t\t\n\t\t<\/div> \n\t<\/div> \n\n\t<div class=\"vc_col-sm-12 wpb_column vc_column_container \">\n\t\t<div class=\"wpb_wrapper\">\n\t\t\t\n\t\t<\/div> \n\t<\/div> \n<\/div><div class=\"vc_row-full-width\"><\/div>\n ","protected":false},"excerpt":{"rendered":"Reglamento del estudiante Conoce el reglamento del estudiante que establece esta casa de estudios con la finalidad de ofrecerte una mejor educaci\u00f3n. M\u00e1s info Ingreso \u00bfQuieres ser parte de nuestra Comunidad Universitaria? Los requisitos para \u00a0Ingresar a una de nuestras carreras de T\u00e9cnico Superior Universitario (TSU) o Ingenier\u00eda los puedes ver aqu\u00ed Inicio de Clases [...]","protected":false},"author":8,"featured_media":0,"parent":0,"menu_order":0,"comment_status":"closed","ping_status":"open","template":"","meta":{"_eb_attr":""},"_links":{"self":[{"href":"https:\/\/www.utzac.edu.mx\/index.php?rest_route=\/wp\/v2\/pages\/5585"}],"collection":[{"href":"https:\/\/www.utzac.edu.mx\/index.php?rest_route=\/wp\/v2\/pages"}],"about":[{"href":"https:\/\/www.utzac.edu.mx\/index.php?rest_route=\/wp\/v2\/types\/page"}],"author":[{"embeddable":true,"href":"https:\/\/www.utzac.edu.mx\/index.php?rest_route=\/wp\/v2\/users\/8"}],"replies":[{"embeddable":true,"href":"https:\/\/www.utzac.edu.mx\/index.php?rest_route=%2Fwp%2Fv2%2Fcomments&post=5585"}],"version-history":[{"count":0,"href":"https:\/\/www.utzac.edu.mx\/index.php?rest_route=\/wp\/v2\/pages\/5585\/revisions"}],"wp:attachment":[{"href":"https:\/\/www.utzac.edu.mx\/index.php?rest_route=%2Fwp%2Fv2%2Fmedia&parent=5585"}],"curies":[{"name":"wp","href":"https:\/\/api.w.org\/{rel}","templated":true}]}}