{"id":5437,"date":"2015-02-27T08:09:22","date_gmt":"2015-02-27T14:09:22","guid":{"rendered":"http:\/\/www.utzac.edu.mx\/?page_id=5437"},"modified":"2024-03-07T13:21:50","modified_gmt":"2024-03-07T19:21:50","slug":"cea","status":"publish","type":"page","link":"https:\/\/www.utzac.edu.mx\/?page_id=5437","title":{"rendered":"ECE"},"content":{"rendered":"<div class=\"vc_row wpb_row vc_row-fluid\"  >\n\t<div class=\"vc_col-sm-12 wpb_column vc_column_container \">\n\t\t<div class=\"wpb_wrapper\">\n\t\t\t<div class=\"vc_custom_heading\" ><h2 style=\"text-align: left;font-family:Abril Fatface;font-weight:400;font-style:normal\" >Entidad de Certificaci\u00f3n y Evaluaci\u00f3n<\/h2><\/div>\n\t<div class=\"wpb_text_column wpb_content_element \">\n\t\t<div class=\"wpb_wrapper\">\n\t\t\t<p style=\"text-align: center;\"><a href=\"https:\/\/www.utzac.edu.mx\/wp-content\/uploads\/2015\/02\/LOGO-RED-CONOCER.jpg\"><img decoding=\"async\" loading=\"lazy\" class=\"alignnone size-medium wp-image-6286\" src=\"https:\/\/www.utzac.edu.mx\/wp-content\/uploads\/2015\/02\/LOGO-RED-CONOCER-300x166.jpg\" alt=\"LOGO RED CONOCER\" width=\"300\" height=\"166\" srcset=\"https:\/\/www.utzac.edu.mx\/wp-content\/uploads\/2015\/02\/LOGO-RED-CONOCER-300x166.jpg 300w, https:\/\/www.utzac.edu.mx\/wp-content\/uploads\/2015\/02\/LOGO-RED-CONOCER-1024x566.jpg 1024w, https:\/\/www.utzac.edu.mx\/wp-content\/uploads\/2015\/02\/LOGO-RED-CONOCER-700x387.jpg 700w\" sizes=\"(max-width: 300px) 100vw, 300px\" \/><\/a>\u00a0 \u00a0 \u00a0 \u00a0 \u00a0 \u00a0 \u00a0 \u00a0<a href=\"https:\/\/www.utzac.edu.mx\/wp-content\/uploads\/2015\/02\/file-Converted1.png\"><img decoding=\"async\" loading=\"lazy\" class=\"alignnone wp-image-8233\" src=\"https:\/\/www.utzac.edu.mx\/wp-content\/uploads\/2015\/02\/file-Converted1-164x300.png\" alt=\"file &#091;Converted&#093;1\" width=\"128\" height=\"234\" srcset=\"https:\/\/www.utzac.edu.mx\/wp-content\/uploads\/2015\/02\/file-Converted1-164x300.png 164w, https:\/\/www.utzac.edu.mx\/wp-content\/uploads\/2015\/02\/file-Converted1.png 185w\" sizes=\"(max-width: 128px) 100vw, 128px\" \/><\/a><\/p>\n<p>Contamos con la Acreditaci\u00f3n del Consejo de Normalizaci\u00f3n y Certificaci\u00f3n de Competencias Laborales <strong>(CONOCER) No. ECE 096-12<\/strong> que nos permite capacitar, evaluar y certificar Competencias en los siguientes Est\u00e1ndares de Competencia:<\/p>\n\n\t\t<\/div> \n\t<\/div> \n\t<div class=\"wpb_tour wpb_content_element\" data-interval=\"10\">\n\t\t<div class=\"wpb_wrapper wpb_tour_tabs_wrapper ui-tabs vc_clearfix\">\n\t\t\t<ul class=\"wpb_tabs_nav ui-tabs-nav vc_clearfix\"><li><a href=\"#tab-1459964808441-3-10\">EC0076<\/a><\/li><li><a href=\"#tab-1508525473140-16-5\">EC0200<\/a><\/li><li><a href=\"#tab-1459964868061-6-1\">EC0217.01<\/a><\/li><li><a href=\"#tab-1508525473140-19-5\">EC0248<\/a><\/li><li><a href=\"#tab-1508525473140-19-6\">EC0249<\/a><\/li><li><a href=\"#tab-1459964872568-7-5\">EC0301<\/a><\/li><li><a href=\"#tab-1508525473140-20-5\">EC0306<\/a><\/li><li><a href=\"#tab-1460051855824-9-1\">EC0308<\/a><\/li><li><a href=\"#tab-1508525473140-21-5\">EC0364<\/a><\/li><li><a href=\"#tab-1508525473140-23-5\">EC0366<\/a><\/li><li><a href=\"#tab-1508525473140-24-5\">EC0390<\/a><\/li><li><a href=\"#tab-1459964922261-8-4\">EC0391-01<\/a><\/li><li><a href=\"#tab-1508525473140-30-5\">EC0397.01<\/a><\/li><li><a href=\"#tab-1508526372999-20-1\">EC0435<\/a><\/li><li><a href=\"#tab-1531511023501-16-1\">EC0492<\/a><\/li><li><a href=\"#tab-1460052143125-11-8\">EC0497<\/a><\/li><li><a href=\"#tab-1460052348896-12-10\">EC0539<\/a><\/li><li><a href=\"#tab-1508525473140-34-5\">EC0585<\/a><\/li><li><a href=\"#tab-1508526613373-22-3\">EC0680<\/a><\/li><li><a href=\"#tab-1508526613373-23-3\">EC0894<\/a><\/li><li><a href=\"#tab-1508526613373-24-3\">EC0976<\/a><\/li><li><a href=\"#tab-1508525473140-53-5\">EC1148<\/a><\/li><li><a href=\"#tab-1508525473140-54-5\">EC1189<\/a><\/li><li><a href=\"#tab-1508525473140-55-5\">EC1378<\/a><\/li><li><a href=\"#tab-1508525473140-56-5\">EC1388<\/a><\/li><\/ul>\n\n\t\t\t\n\t\t\t<div id=\"tab-1459964808441-3-10\" class=\"wpb_tab ui-tabs-panel wpb_ui-tabs-hide vc_clearfix\">\n\t\t\t\t\n\t<div class=\"wpb_text_column wpb_content_element \">\n\t\t<div class=\"wpb_wrapper\">\n\t\t\t<h2>Evaluaci\u00f3n de la competencia de candidatos con base en Est\u00e1ndares de Competencia.<\/h2>\n<h3>Est\u00e1 certificado para:<\/h3>\n<ul>\n<li>Preparar la evaluaci\u00f3n de la competencia del candidato.<\/li>\n<li>Recopilar las evidencias de la competencia del candidato.<\/li>\n<li>Emitir juicio de la competencia del candidato.<\/li>\n<li>Presentar los resultados de la evaluaci\u00f3n de la competencia\u00a0del candidato.<\/li>\n<\/ul>\n\n\t\t<\/div> \n\t<\/div> \n\t\t\t<\/div> \n\t\t\t<div id=\"tab-1508525473140-16-5\" class=\"wpb_tab ui-tabs-panel wpb_ui-tabs-hide vc_clearfix\">\n\t\t\t\t\n\t<div class=\"wpb_text_column wpb_content_element \">\n\t\t<div class=\"wpb_wrapper\">\n\t\t\t<h2>Operaci\u00f3n de montacargas horizontal<\/h2>\n\n\t\t<\/div> \n\t<\/div> \n\t\t\t<\/div> \n\t\t\t<div id=\"tab-1459964868061-6-1\" class=\"wpb_tab ui-tabs-panel wpb_ui-tabs-hide vc_clearfix\">\n\t\t\t\t\n\t<div class=\"wpb_text_column wpb_content_element \">\n\t\t<div class=\"wpb_wrapper\">\n\t\t\t<h2>Impartici\u00f3n de cursos de formaci\u00f3n de capital humano de manera presencial grupal V.2.<\/h2>\n\n\t\t<\/div> \n\t<\/div> \n\t\t\t<\/div> \n\t\t\t<div id=\"tab-1508525473140-19-5\" class=\"wpb_tab ui-tabs-panel wpb_ui-tabs-hide vc_clearfix\">\n\t\t\t\t\n\t<div class=\"wpb_text_column wpb_content_element \">\n\t\t<div class=\"wpb_wrapper\">\n\t\t\t<h2>Prestaci\u00f3n de servicios de limpieza y desinfecci\u00f3n de los Servicios de Salud<\/h2>\n\n\t\t<\/div> \n\t<\/div> \n\t\t\t<\/div> \n\t\t\t<div id=\"tab-1508525473140-19-6\" class=\"wpb_tab ui-tabs-panel wpb_ui-tabs-hide vc_clearfix\">\n\t\t\t\t\n\t<div class=\"wpb_text_column wpb_content_element \">\n\t\t<div class=\"wpb_wrapper\">\n\t\t\t<h2>Proporcionar servicios de Consultor\u00eda General<\/h2>\n\n\t\t<\/div> \n\t<\/div> \n\t\t\t<\/div> \n\t\t\t<div id=\"tab-1459964872568-7-5\" class=\"wpb_tab ui-tabs-panel wpb_ui-tabs-hide vc_clearfix\">\n\t\t\t\t\n\t<div class=\"wpb_text_column wpb_content_element \">\n\t\t<div class=\"wpb_wrapper\">\n\t\t\t<h2>Dise\u00f1o de cursos de formaci\u00f3n del capital humano de manera presencial grupal, sus instrumentos de evaluaci\u00f3n y manuales del curso.<\/h2>\n<h3>Est\u00e1 certificado para:<\/h3>\n<ul>\n<li>Dise\u00f1ar cursos de formaci\u00f3n del capital humano de manera\u00a0presencial grupal.<\/li>\n<li>Dise\u00f1ar instrumentos para la evaluaci\u00f3n de cursos de\u00a0formaci\u00f3n del capital humano de manera presencial grupal.<\/li>\n<li>Dise\u00f1ar manuales del curso de formaci\u00f3n del capital humano\u00a0de manera presencial grupal.<\/li>\n<\/ul>\n\n\t\t<\/div> \n\t<\/div> \n\t\t\t<\/div> \n\t\t\t<div id=\"tab-1508525473140-20-5\" class=\"wpb_tab ui-tabs-panel wpb_ui-tabs-hide vc_clearfix\">\n\t\t\t\t\n\t<div class=\"wpb_text_column wpb_content_element \">\n\t\t<div class=\"wpb_wrapper\">\n\t\t\t<h2>Reclutamiento y selecci\u00f3n de personal operativo y administrativo<\/h2>\n\n\t\t<\/div> \n\t<\/div> \n\t\t\t<\/div> \n\t\t\t<div id=\"tab-1460051855824-9-1\" class=\"wpb_tab ui-tabs-panel wpb_ui-tabs-hide vc_clearfix\">\n\t\t\t\t\n\t<div class=\"wpb_text_column wpb_content_element \">\n\t\t<div class=\"wpb_wrapper\">\n\t\t\t<h2>Capacitaci\u00f3n presencial a\u00a0servidoras y servidores\u00a0p\u00fablicos en y desde el\u00a0enfoque de igualdad entre\u00a0mujeres y hombres.<\/h2>\n<h3>Est\u00e1 certificado para:<\/h3>\n<ul>\n<li>Planear la capacitaci\u00f3n presencial b\u00e1sica a servidoras y\u00a0servidores p\u00fablicos en y desde el enfoque de Igualdad entre\u00a0mujeres y hombres.<\/li>\n<li>Desarrollar los contenidos de la capacitaci\u00f3n presencial\u00a0b\u00e1sica a servidoras y servidores p\u00fablicos en y desde el\u00a0enfoque de Igualdad entre mujeres y hombres.<\/li>\n<li>Evaluar el proceso de capacitaci\u00f3n presencial b\u00e1sica a\u00a0servidoras y servidores p\u00fablicos en y desde el enfoque de\u00a0Igualdad entre mujeres y hombres.<\/li>\n<\/ul>\n\n\t\t<\/div> \n\t<\/div> \n\t\t\t<\/div> \n\t\t\t<div id=\"tab-1508525473140-21-5\" class=\"wpb_tab ui-tabs-panel wpb_ui-tabs-hide vc_clearfix\">\n\t\t\t\t\n\t<div class=\"wpb_text_column wpb_content_element \">\n\t\t<div class=\"wpb_wrapper\">\n\t\t\t<h2>Barrenaci\u00f3n con equipo jumbo<\/h2>\n\n\t\t<\/div> \n\t<\/div> \n\t\t\t<\/div> \n\t\t\t<div id=\"tab-1508525473140-23-5\" class=\"wpb_tab ui-tabs-panel wpb_ui-tabs-hide vc_clearfix\">\n\t\t\t\t\n\t<div class=\"wpb_text_column wpb_content_element \">\n\t\t<div class=\"wpb_wrapper\">\n\t\t\t<h2>Desarrollo de cursos de formaci\u00f3n en l\u00ednea<\/h2>\n\n\t\t<\/div> \n\t<\/div> \n\t\t\t<\/div> \n\t\t\t<div id=\"tab-1508525473140-24-5\" class=\"wpb_tab ui-tabs-panel wpb_ui-tabs-hide vc_clearfix\">\n\t\t\t\t\n\t<div class=\"wpb_text_column wpb_content_element \">\n\t\t<div class=\"wpb_wrapper\">\n\t\t\t<h2>Rezagar mineral y tepetate con cargador frontal de bajo perfil<\/h2>\n\n\t\t<\/div> \n\t<\/div> \n\t\t\t<\/div> \n\t\t\t<div id=\"tab-1459964922261-8-4\" class=\"wpb_tab ui-tabs-panel wpb_ui-tabs-hide vc_clearfix\">\n\t\t\t\t\n\t<div class=\"wpb_text_column wpb_content_element \">\n\t\t<div class=\"wpb_wrapper\">\n\t\t\t<h2>Verificaci\u00f3n de las \u00a0condiciones \u00a0de \u00a0Seguridad \u00a0e \u00a0Higiene \u00a0en \u00a0los centros de trabajo.<\/h2>\n<h3>Est\u00e1 certificado para:<\/h3>\n<ul>\n<li>Revisar documentaci\u00f3n para las actividades\u00a0de verificaci\u00f3n de las condiciones de\u00a0seguridad e higiene del centro de trabajo.<\/li>\n<li>Realizar los recorridos de verificaci\u00f3n de las condiciones de\u00a0seguridad e higiene del centro de trabajo.<\/li>\n<li>Elaborar el acta de recorrido de verificaci\u00f3n de las\u00a0condiciones de seguridad e higiene del centro de trabajo.<\/li>\n<\/ul>\n\n\t\t<\/div> \n\t<\/div> \n\t\t\t<\/div> \n\t\t\t<div id=\"tab-1508525473140-30-5\" class=\"wpb_tab ui-tabs-panel wpb_ui-tabs-hide vc_clearfix\">\n\t\t\t\t\n\t<div class=\"wpb_text_column wpb_content_element \">\n\t\t<div class=\"wpb_wrapper\">\n\t\t\t<h2>Vigilancia del cumplimiento de la normatividad en seguridad y salud en el trabajo<\/h2>\n\n\t\t<\/div> \n\t<\/div> \n\t\t\t<\/div> \n\t\t\t<div id=\"tab-1508526372999-20-1\" class=\"wpb_tab ui-tabs-panel wpb_ui-tabs-hide vc_clearfix\">\n\t\t\t\t\n\t<div class=\"wpb_text_column wpb_content_element \">\n\t\t<div class=\"wpb_wrapper\">\n\t\t\t<h2>Prestaci\u00f3n de servicios para la atenci\u00f3n, cuidado y desarrollo integral \u00a0de las ni\u00f1as y ni\u00f1os en Centros de Atenci\u00f3n Infantil.<\/h2>\n\n\t\t<\/div> \n\t<\/div> \n\t\t\t<\/div> \n\t\t\t<div id=\"tab-1531511023501-16-1\" class=\"wpb_tab ui-tabs-panel wpb_ui-tabs-hide vc_clearfix\">\n\t\t\t\t\n\t<div class=\"wpb_text_column wpb_content_element \">\n\t\t<div class=\"wpb_wrapper\">\n\t\t\t<h2>Evaluaci\u00f3n\u00a0 del Aprendizaje con Enfoque en Competencias Profesionales \u00b0 Describir el proceso de trabajo\/proceso productivo de la organizaci\u00f3n<\/h2>\n\n\t\t<\/div> \n\t<\/div> \n\t\t\t<\/div> \n\t\t\t<div id=\"tab-1460052143125-11-8\" class=\"wpb_tab ui-tabs-panel wpb_ui-tabs-hide vc_clearfix\">\n\t\t\t\t\n\t<div class=\"wpb_text_column wpb_content_element \">\n\t\t<div class=\"wpb_wrapper\">\n\t\t\t<h2>Orientaci\u00f3n telef\u00f3nica a\u00a0mujeres v\u00edctimas de la\u00a0violencia basada en el g\u00e9nero.<\/h2>\n<h3>Est\u00e1 certificado para:<\/h3>\n<ul>\n<li>Determinar la problem\u00e1tica de la mujer\/v\u00edctima de la\u00a0violencia basada en el g\u00e9nero.<\/li>\n<li>Asesorar a la mujer\/v\u00edctima de la violencia basada en el\u00a0g\u00e9nero sobre su problem\u00e1tica.<\/li>\n<\/ul>\n\n\t\t<\/div> \n\t<\/div> \n\t\t\t<\/div> \n\t\t\t<div id=\"tab-1460052348896-12-10\" class=\"wpb_tab ui-tabs-panel wpb_ui-tabs-hide vc_clearfix\">\n\t\t\t\t\n\t<div class=\"wpb_text_column wpb_content_element \">\n\t\t<div class=\"wpb_wrapper\">\n\t\t\t<h2>Atenci\u00f3n presencial de primer\u00a0contacto a mujeres v\u00edctimas\u00a0de violencia de g\u00e9nero.<\/h2>\n<h3>Est\u00e1 certificado para:<\/h3>\n<ul>\n<li>Determinar la problem\u00e1tica de la mujer v\u00edctima de violencia\u00a0de g\u00e9nero.<\/li>\n<li>Orientar a la mujer v\u00edctima de la violencia de g\u00e9nero sobre las\u00a0alternativas de servicios especializados.<\/li>\n<\/ul>\n\n\t\t<\/div> \n\t<\/div> \n\t\t\t<\/div> \n\t\t\t<div id=\"tab-1508525473140-34-5\" class=\"wpb_tab ui-tabs-panel wpb_ui-tabs-hide vc_clearfix\">\n\t\t\t\t\n\t<div class=\"wpb_text_column wpb_content_element \">\n\t\t<div class=\"wpb_wrapper\">\n\t\t\t<h2>Atenci\u00f3n de primeros auxilios a la persona afectada\/lesionada<\/h2>\n\n\t\t<\/div> \n\t<\/div> \n\t\t\t<\/div> \n\t\t\t<div id=\"tab-1508526613373-22-3\" class=\"wpb_tab ui-tabs-panel wpb_ui-tabs-hide vc_clearfix\">\n\t\t\t\t\n\t<div class=\"wpb_text_column wpb_content_element \">\n\t\t<div class=\"wpb_wrapper\">\n\t\t\t<h2>Supervisi\u00f3n en seguridad industrial, para l\u00edderes de equipos de trabajo<\/h2>\n\n\t\t<\/div> \n\t<\/div> \n\t\t\t<\/div> \n\t\t\t<div id=\"tab-1508526613373-23-3\" class=\"wpb_tab ui-tabs-panel wpb_ui-tabs-hide vc_clearfix\">\n\t\t\t\t\n\t<div class=\"wpb_text_column wpb_content_element \">\n\t\t<div class=\"wpb_wrapper\">\n\t\t\t<h2>Mantenimiento preventivo mayor\u00a0 y diagn\u00f3stico de fallas en motores di\u00e9sel de equipos de la Industria Minera<\/h2>\n\n\t\t<\/div> \n\t<\/div> \n\t\t\t<\/div> \n\t\t\t<div id=\"tab-1508526613373-24-3\" class=\"wpb_tab ui-tabs-panel wpb_ui-tabs-hide vc_clearfix\">\n\t\t\t\t\n\t<div class=\"wpb_text_column wpb_content_element \">\n\t\t<div class=\"wpb_wrapper\">\n\t\t\t<h2>Voladura de barrenos con explosivos en mina subterranea<\/h2>\n\n\t\t<\/div> \n\t<\/div> \n\t\t\t<\/div> \n\t\t\t<div id=\"tab-1508525473140-53-5\" class=\"wpb_tab ui-tabs-panel wpb_ui-tabs-hide vc_clearfix\">\n\t\t\t\t\n\t<div class=\"wpb_text_column wpb_content_element \">\n\t\t<div class=\"wpb_wrapper\">\n\t\t\t<h2>Supervisi\u00f3n efectiva<\/h2>\n\n\t\t<\/div> \n\t<\/div> \n\t\t\t<\/div> \n\t\t\t<div id=\"tab-1508525473140-54-5\" class=\"wpb_tab ui-tabs-panel wpb_ui-tabs-hide vc_clearfix\">\n\t\t\t\t\n\t<div class=\"wpb_text_column wpb_content_element \">\n\t\t<div class=\"wpb_wrapper\">\n\t\t\t<h2>Manufactura esbelta para mejora continua de procesos<\/h2>\n\n\t\t<\/div> \n\t<\/div> \n\t\t\t<\/div> \n\t\t\t<div id=\"tab-1508525473140-55-5\" class=\"wpb_tab ui-tabs-panel wpb_ui-tabs-hide vc_clearfix\">\n\t\t\t\t\n\t<div class=\"wpb_text_column wpb_content_element \">\n\t\t<div class=\"wpb_wrapper\">\n\t\t\t<h2>Dise\u00f1o del plan de continuidad de los Servicios Educativos ante una condici\u00f3n de emergencia y sus etapas de crisis<\/h2>\n\n\t\t<\/div> \n\t<\/div> \n\t\t\t<\/div> \n\t\t\t<div id=\"tab-1508525473140-56-5\" class=\"wpb_tab ui-tabs-panel wpb_ui-tabs-hide vc_clearfix\">\n\t\t\t\t\n\t<div class=\"wpb_text_column wpb_content_element \">\n\t\t<div class=\"wpb_wrapper\">\n\t\t\t<h2>Rescate minero subterraneo<\/h2>\n\n\t\t<\/div> \n\t<\/div> \n\t\t\t<\/div> \n\t\t\t<div class=\"wpb_tour_next_prev_nav vc_clearfix\"> <span class=\"wpb_prev_slide\"><a href=\"#prev\" title=\"Previous tab\">Previous tab<\/a><\/span> <span class=\"wpb_next_slide\"><a href=\"#next\" title=\"Next tab\">Next tab<\/a><\/span><\/div>\n\t\t<\/div> \n\t<\/div> <div class=\"vc_custom_heading\" ><h2 style=\"text-align: left;font-family:Abril Fatface;font-weight:400;font-style:normal\" >Para mayor informaci\u00f3n, quejas y sugerencias contactar a:<\/h2><\/div>\n\t<div class=\"wpb_text_column wpb_content_element \">\n\t\t<div class=\"wpb_wrapper\">\n\t\t\t<p><strong><em><br \/>\n<\/em><\/strong><em>Coordinaci\u00f3n de Certificaci\u00f3n<\/em><\/p>\n<p><a href=\"mailto:vinculaci\u00f3n@utzac.edu.mx\"><em>mdiaz@utzac.edu.mx<br \/>\n<\/em><\/a><a href=\"mailto:wbernaldez@utzac.edu.mx\"><em>entidaddecertificacion@utzac.edu.mx<\/em><\/a><\/p>\n<p>Horario de atenci\u00f3n de 8:00 a 16:00 hrs<\/p>\n\n\t\t<\/div> \n\t<\/div> \n\t\t<\/div> \n\t<\/div> \n<\/div><div class=\"vc_row-full-width\"><\/div>\t<div class=\"vc_row wpb_row vc_row-fluid\"  >\n\t<div class=\"vc_col-sm-12 wpb_column vc_column_container \">\n\t\t<div class=\"wpb_wrapper\">\n\t\t\t\n\t<div class=\"wpb_text_column wpb_content_element \">\n\t\t<div class=\"wpb_wrapper\">\n\t\t\t\n\t\t<\/div> \n\t<\/div> \n\t\t<\/div> \n\t<\/div> \n<\/div><div class=\"vc_row-full-width\"><\/div>","protected":false},"excerpt":{"rendered":"Entidad de Certificaci\u00f3n y Evaluaci\u00f3n \u00a0 \u00a0 \u00a0 \u00a0 \u00a0 \u00a0 \u00a0 \u00a0 Contamos con la Acreditaci\u00f3n del Consejo de Normalizaci\u00f3n y Certificaci\u00f3n de Competencias Laborales (CONOCER) No. ECE 096-12 que nos permite capacitar, evaluar y certificar Competencias en los siguientes Est\u00e1ndares de Competencia: EC0076EC0200EC0217.01EC0248EC0249EC0301EC0306EC0308EC0364EC0366EC0390EC0391-01EC0397.01EC0435EC0492EC0497EC0539EC0585EC0680EC0894EC0976EC1148EC1189EC1378EC1388 Evaluaci\u00f3n de la competencia de candidatos con base en Est\u00e1ndares [...]","protected":false},"author":8,"featured_media":0,"parent":0,"menu_order":0,"comment_status":"closed","ping_status":"open","template":"","meta":[],"_links":{"self":[{"href":"https:\/\/www.utzac.edu.mx\/index.php?rest_route=\/wp\/v2\/pages\/5437"}],"collection":[{"href":"https:\/\/www.utzac.edu.mx\/index.php?rest_route=\/wp\/v2\/pages"}],"about":[{"href":"https:\/\/www.utzac.edu.mx\/index.php?rest_route=\/wp\/v2\/types\/page"}],"author":[{"embeddable":true,"href":"https:\/\/www.utzac.edu.mx\/index.php?rest_route=\/wp\/v2\/users\/8"}],"replies":[{"embeddable":true,"href":"https:\/\/www.utzac.edu.mx\/index.php?rest_route=%2Fwp%2Fv2%2Fcomments&post=5437"}],"version-history":[{"count":0,"href":"https:\/\/www.utzac.edu.mx\/index.php?rest_route=\/wp\/v2\/pages\/5437\/revisions"}],"wp:attachment":[{"href":"https:\/\/www.utzac.edu.mx\/index.php?rest_route=%2Fwp%2Fv2%2Fmedia&parent=5437"}],"curies":[{"name":"wp","href":"https:\/\/api.w.org\/{rel}","templated":true}]}}