{"id":5433,"date":"2015-02-27T08:08:53","date_gmt":"2015-02-27T14:08:53","guid":{"rendered":"http:\/\/www.utzac.edu.mx\/?page_id=5433"},"modified":"2021-06-19T11:31:06","modified_gmt":"2021-06-19T16:31:06","slug":"tramites","status":"publish","type":"page","link":"https:\/\/www.utzac.edu.mx\/?page_id=5433","title":{"rendered":"\u00bfQu\u00e9 es la Estad\u00eda?"},"content":{"rendered":"<div class=\"vc_row wpb_row vc_row-fluid\"  >\n\t<div class=\"vc_col-sm-12 wpb_column vc_column_container \">\n\t\t<div class=\"wpb_wrapper\">\n\t\t\t\n\t<div class=\"wpb_text_column wpb_content_element \">\n\t\t<div class=\"wpb_wrapper\">\n\t\t\t<p>La Estad\u00eda es la actividad que desempe\u00f1a el alumnado al iniciar el \u00faltimo cuatrimestre de su formaci\u00f3n como T\u00e9cnico Superior Universitario e Ingenier\u00eda para lograr su titulaci\u00f3n mediante el desarrollo de un proyecto dentro de alguna Organizaci\u00f3n y que cumpla caracter\u00edsticas como:<\/p>\n<ul>\n<li>Resolver un problema real<\/li>\n<li>Signifique un valor agregado<\/li>\n<li>Ser acorde al perfil del alumno<\/li>\n<\/ul>\n\n\t\t<\/div> \n\t<\/div> <div class=\"vc_custom_heading\" ><h2 style=\"text-align: left;font-family:Abril Fatface;font-weight:400;font-style:normal\" >Proyecto<\/h2><\/div>\n\t<div class=\"wpb_text_column wpb_content_element \">\n\t\t<div class=\"wpb_wrapper\">\n\t\t\t<p>Son actividades muy espec\u00edficas que se agrupan a manera de proyecto para llevar a cabo seg\u00fan las necesidades de la Organizaci\u00f3n.<\/p>\n<p>El Departamento de Pr\u00e1cticas y Estad\u00edas:<\/p>\n<ul>\n<li>Funge como enlace entre las Organizaciones y la Universidad para designar las estad\u00edas<\/li>\n<li>Gestiona los espacios y proyectos necesarios principalmente en la regi\u00f3n, de acuerdo al n\u00famero de alumnos y perfiles de cada carrera, dos meses antes de comenzar la Estad\u00eda, sensibilizando a alumnos y Organizaciones Receptoras sobre el proceso de la misma.<\/li>\n<\/ul>\n\n\t\t<\/div> \n\t<\/div> <div class=\"vc_custom_heading\" ><h2 style=\"text-align: left;font-family:Abril Fatface;font-weight:400;font-style:normal\" >Objetivo<\/h2><\/div>\n\t<div class=\"wpb_text_column wpb_content_element \">\n\t\t<div class=\"wpb_wrapper\">\n\t\t\t<p>Que el alumno aproveche esta etapa de si formaci\u00f3n, donde la Universidad y las Empresas crean espacios que le permiten consolidar y fortalecer su preparaci\u00f3n profesional, aplicando sus competencias adquiridas.<\/p>\n<p>Los espacios de Estad\u00edas pueden proporcionar una posibilidad de empleo, seg\u00fan sea su desempe\u00f1o profesional.<\/p>\n\n\t\t<\/div> \n\t<\/div> <div class=\"vc_custom_heading\" ><h2 style=\"text-align: left;font-family:Abril Fatface;font-weight:400;font-style:normal\" >Solicitud<\/h2><\/div>\n\t<div class=\"wpb_text_column wpb_content_element \">\n\t\t<div class=\"wpb_wrapper\">\n\t\t\t<p>Cualquier Empresa, Instituci\u00f3n Educativa u \u00d3rgano de Gobierno puede acceder o disponer de los alumnos en Estad\u00eda con nivel T\u00e9cnico Superior Universitario, Ingenier\u00eda e Ingenier\u00eda Profesional.<\/p>\n<p>Deber\u00e1 hacer una solicitud formal al Departamento de Pr\u00e1cticas y Estad\u00edas mediante un formato establecido, y si el proyecto es viable, la Universidad asigna el n\u00famero de alumnos que sea necesario para llevarlo a cabo.<\/p>\n<p>La Empresa debe estar legalmente constituida y asignar un Asesor Empresarial, quien se encargar\u00e1 de promocionar\u00a0 al alumno la informaci\u00f3n, herramientas y espacio f\u00edsico adecuado donde pueda llevar a cabo el proyecto.<\/p>\n<p>Es importante destacar que <strong>la Estad\u00eda no es un Servicio Social<\/strong>, pues en la Estad\u00eda el alumno pone en pr\u00e1ctica todos sus conocimientos te\u00f3rico-pr\u00e1cticos adquiridos durante su formaci\u00f3n acad\u00e9mica y <strong>deber\u00e1 enfocarse exclusivamente al desarrollo del proyecto y no de otras actividades ajenas al mismo<\/strong>, para cumplir con el objetivo establecido; adem\u00e1s de contar con la asignaci\u00f3n de un Asesor Acad\u00e9mico por parte de la Universidad.<\/p>\n\n\t\t<\/div> \n\t<\/div> <div class=\"vc_custom_heading\" ><h2 style=\"text-align: left;font-family:Abril Fatface;font-weight:400;font-style:normal\" >Duraci\u00f3n<\/h2><\/div>\n\t<div class=\"wpb_text_column wpb_content_element \">\n\t\t<div class=\"wpb_wrapper\">\n\t\t\t<p><strong>La duraci\u00f3n de la Estad\u00eda es por un cuatrimestre <\/strong>y el alumno asistir\u00e1 a la Organizaci\u00f3n o Empresa de lunes a viernes en jornadas no mayores a ocho horas, en las cuales \u00fanicamente llevar\u00e1 actividades propias del proyecto.<\/p>\n<p>El alumno deber\u00e1 asistir a la Universidad una vez por semana para recibir asesor\u00eda sobre su proyecto y a eventos que coadyuven a su formaci\u00f3n profesional.<\/p>\n\n\t\t<\/div> \n\t<\/div> <div class=\"vc_custom_heading\" ><h2 style=\"text-align: left;font-family:Abril Fatface;font-weight:400;font-style:normal\" >Liberaci\u00f3n<\/h2><\/div>\n\t<div class=\"wpb_text_column wpb_content_element \">\n\t\t<div class=\"wpb_wrapper\">\n\t\t\t<p>Una vez concluida la Estad\u00eda, la Organizaci\u00f3n o Empresa receptora extiende una Carta de Liberaci\u00f3n, si efectivamente ha concluido el proyecto establecido.<\/p>\n<p>De esta manera, el alumno presenta oficialmente el proyecto desarrollado para obtener el grado acad\u00e9mico de T\u00e9cnico Superior universitario o Ingeniero.<\/p>\n\n\t\t<\/div> \n\t<\/div> <div class=\"vc_custom_heading\" ><h2 style=\"text-align: left;font-family:Abril Fatface;font-weight:400;font-style:normal\" ><br \/>\nContacto: <br \/>\nEmail: practicasyestadias@utzac.edu.mx<br \/>\nTel: (492) 927-6180 al 84 Ext. 114<br \/>\n<\/h2><\/div>\n\t\t<\/div> \n\t<\/div> \n<\/div><div class=\"vc_row-full-width\"><\/div>","protected":false},"excerpt":{"rendered":"La Estad\u00eda es la actividad que desempe\u00f1a el alumnado al iniciar el \u00faltimo cuatrimestre de su formaci\u00f3n como T\u00e9cnico Superior Universitario e Ingenier\u00eda para lograr su titulaci\u00f3n mediante el desarrollo de un proyecto dentro de alguna Organizaci\u00f3n y que cumpla caracter\u00edsticas como: Resolver un problema real Signifique un valor agregado Ser acorde al perfil del [...]","protected":false},"author":8,"featured_media":0,"parent":0,"menu_order":0,"comment_status":"closed","ping_status":"open","template":"","meta":{"_eb_attr":""},"_links":{"self":[{"href":"https:\/\/www.utzac.edu.mx\/index.php?rest_route=\/wp\/v2\/pages\/5433"}],"collection":[{"href":"https:\/\/www.utzac.edu.mx\/index.php?rest_route=\/wp\/v2\/pages"}],"about":[{"href":"https:\/\/www.utzac.edu.mx\/index.php?rest_route=\/wp\/v2\/types\/page"}],"author":[{"embeddable":true,"href":"https:\/\/www.utzac.edu.mx\/index.php?rest_route=\/wp\/v2\/users\/8"}],"replies":[{"embeddable":true,"href":"https:\/\/www.utzac.edu.mx\/index.php?rest_route=%2Fwp%2Fv2%2Fcomments&post=5433"}],"version-history":[{"count":0,"href":"https:\/\/www.utzac.edu.mx\/index.php?rest_route=\/wp\/v2\/pages\/5433\/revisions"}],"wp:attachment":[{"href":"https:\/\/www.utzac.edu.mx\/index.php?rest_route=%2Fwp%2Fv2%2Fmedia&parent=5433"}],"curies":[{"name":"wp","href":"https:\/\/api.w.org\/{rel}","templated":true}]}}