{"id":5419,"date":"2015-02-27T08:07:07","date_gmt":"2015-02-27T14:07:07","guid":{"rendered":"http:\/\/www.utzac.edu.mx\/?page_id=5419"},"modified":"2016-10-05T21:41:35","modified_gmt":"2016-10-06T02:41:35","slug":"deportes-y-cultura","status":"publish","type":"page","link":"https:\/\/www.utzac.edu.mx\/?page_id=5419","title":{"rendered":"Deportes y Cultura"},"content":{"rendered":"\t<div class=\"vc_row wpb_row vc_row-fluid\"  >\n\t<div class=\"vc_col-sm-12 wpb_column vc_column_container \">\n\t\t<div class=\"wpb_wrapper\">\n\t\t\t\n\t<div class=\"wpb_text_column wpb_content_element \">\n\t\t<div class=\"wpb_wrapper\">\n\t\t\t<p>En el Departamento de Actividades Culturales y Deportivas tenemos como objetivo coadyuvar al proceso de formaci\u00f3n integral de los estudiantes de la Universidad Tecnol\u00f3gica, a trav\u00e9s de la participaci\u00f3n de actividades Art\u00edsticas, Culturales, Deportivas y de Salud Preventiva como apoyo para su formaci\u00f3n. Se realizan frecuentemente actividades deportivas al interior de la Universidad y con otras Instituciones, con la finalidad de prepararnos para los Encuentros Deportivos y Culturales que organizan las Universidades Tecnol\u00f3gicas.<\/p>\n\n\t\t<\/div> \n\t<\/div> \n\t\t<\/div> \n\t<\/div> \n<\/div><div class=\"vc_row-full-width\"><\/div>\t<div class=\"vc_row wpb_row vc_row-fluid\"  >\n\t<div class=\"vc_col-sm-6 wpb_column vc_column_container \">\n\t\t<div class=\"wpb_wrapper\">\n\t\t\t\n\t<div class=\"wpb_single_image wpb_content_element vc_align_left\">\n\t\t<div class=\"wpb_wrapper\">\n\t\t\t\n\t\t\t<div class=\"vc_single_image-wrapper   vc_box_border_grey\"><img width=\"385\" height=\"337\" src=\"https:\/\/www.utzac.edu.mx\/wp-content\/uploads\/2015\/02\/NADAR1.jpg\" class=\"vc_single_image-img attachment-large\" alt=\"\" decoding=\"async\" loading=\"lazy\" srcset=\"https:\/\/www.utzac.edu.mx\/wp-content\/uploads\/2015\/02\/NADAR1.jpg 385w, https:\/\/www.utzac.edu.mx\/wp-content\/uploads\/2015\/02\/NADAR1-300x263.jpg 300w\" sizes=\"(max-width: 385px) 100vw, 385px\" \/><\/div>\n\t\t<\/div> \n\t<\/div> \n\t\t<\/div> \n\t<\/div> \n\n\t<div class=\"vc_col-sm-6 wpb_column vc_column_container \">\n\t\t<div class=\"wpb_wrapper\">\n\t\t\t<div class=\"vc_custom_heading\" ><h2 style=\"text-align: left;font-family:Abril Fatface;font-weight:400;font-style:normal\" >Nataci\u00f3n<\/h2><\/div>\n\t<div class=\"wpb_text_column wpb_content_element \">\n\t\t<div class=\"wpb_wrapper\">\n\t\t\t<p>La Universidad (UTZAC) Y el INCUFIDEZ crean un convenio el cual ayuda a la formaci\u00f3n deportiva de alumnos y trabajadores de nuestra Instituci\u00f3n y abre las puertas con \u00a0beneficios y facilidades para que puedan ingresar y tomar clases en el Centro Acu\u00e1tico. \u00a1APROVECHA ESTA OPORTUNIDAD!<\/p>\n\n\t\t<\/div> \n\t<\/div> <a class=\"wpb_button_a\" title=\"Ver m\u00e1s\" href=\"https:\/\/www.utzac.edu.mx\/?p=6202\"><span class=\"wpb_button  wpb_btn-warning wpb_regularsize\">Ver m\u00e1s<\/span><\/a>\n\n\t\t<\/div> \n\t<\/div> \n<\/div><div class=\"vc_row-full-width\"><\/div>\t<div class=\"vc_row wpb_row vc_row-fluid\"  >\n\t<div class=\"vc_col-sm-12 wpb_column vc_column_container \">\n\t\t<div class=\"wpb_wrapper\">\n\t\t\t<div class=\"vc_separator wpb_content_element vc_sep_width_100 vc_separator_no_text vc_sep_color_grey\">\n\t<span class=\"vc_sep_holder vc_sep_holder_l\"><span class=\"vc_sep_line\"><\/span><\/span>\n\t\t<span class=\"vc_sep_holder vc_sep_holder_r\"><span class=\"vc_sep_line\"><\/span><\/span>\n<\/div>\n\n\n\t\t<\/div> \n\t<\/div> \n<\/div><div class=\"vc_row-full-width\"><\/div>\t<div class=\"vc_row wpb_row vc_row-fluid\"  >\n\t<div class=\"vc_col-sm-6 wpb_column vc_column_container \">\n\t\t<div class=\"wpb_wrapper\">\n\t\t\t\n\t<div class=\"wpb_single_image wpb_content_element vc_align_left\">\n\t\t<div class=\"wpb_wrapper\">\n\t\t\t\n\t\t\t<div class=\"vc_single_image-wrapper   vc_box_border_grey\"><img width=\"942\" height=\"1024\" src=\"https:\/\/www.utzac.edu.mx\/wp-content\/uploads\/2015\/02\/561426_433642093392374_155113136_noiksd2-942x1024.jpg\" class=\"vc_single_image-img attachment-large\" alt=\"\" decoding=\"async\" loading=\"lazy\" srcset=\"https:\/\/www.utzac.edu.mx\/wp-content\/uploads\/2015\/02\/561426_433642093392374_155113136_noiksd2-942x1024.jpg 942w, https:\/\/www.utzac.edu.mx\/wp-content\/uploads\/2015\/02\/561426_433642093392374_155113136_noiksd2-276x300.jpg 276w, https:\/\/www.utzac.edu.mx\/wp-content\/uploads\/2015\/02\/561426_433642093392374_155113136_noiksd2-700x761.jpg 700w, https:\/\/www.utzac.edu.mx\/wp-content\/uploads\/2015\/02\/561426_433642093392374_155113136_noiksd2.jpg 1956w\" sizes=\"(max-width: 942px) 100vw, 942px\" \/><\/div>\n\t\t<\/div> \n\t<\/div> \n\t\t<\/div> \n\t<\/div> \n\n\t<div class=\"vc_col-sm-6 wpb_column vc_column_container \">\n\t\t<div class=\"wpb_wrapper\">\n\t\t\t<div class=\"vc_custom_heading\" ><h2 style=\"text-align: left;font-family:Abril Fatface;font-weight:400;font-style:normal\" >Ballet Folcl\u00f3rico<\/h2><\/div>\n\t<div class=\"wpb_text_column wpb_content_element \">\n\t\t<div class=\"wpb_wrapper\">\n\t\t\t<p>\u00danete al grupo de Ballet Folcl\u00f3rico y participa en eventos estatales y nacionales, anualmente la Universidad participa en encuentros Deportivos y \u00a0Culturales en donde podr\u00e1s desempe\u00f1ar y participar en lo que m\u00e1s te gusta y por qu\u00e9 no, en el ballet Folcl\u00f3rico de la UTZAC.<\/p>\n\n\t\t<\/div> \n\t<\/div> \n\t\t<\/div> \n\t<\/div> \n<\/div><div class=\"vc_row-full-width\"><\/div>\t<div class=\"vc_row wpb_row vc_row-fluid\"  >\n\t<div class=\"vc_col-sm-6 wpb_column vc_column_container \">\n\t\t<div class=\"wpb_wrapper\">\n\t\t\t\n\t<div class=\"wpb_single_image wpb_content_element vc_align_left\">\n\t\t<div class=\"wpb_wrapper\">\n\t\t\t\n\t\t\t<div class=\"vc_single_image-wrapper   vc_box_border_grey\"><img width=\"3183\" height=\"2546\" src=\"https:\/\/www.utzac.edu.mx\/wp-content\/uploads\/2015\/02\/DSC00101.jpg\" class=\"vc_single_image-img attachment-full\" alt=\"\" decoding=\"async\" loading=\"lazy\" srcset=\"https:\/\/www.utzac.edu.mx\/wp-content\/uploads\/2015\/02\/DSC00101.jpg 3183w, https:\/\/www.utzac.edu.mx\/wp-content\/uploads\/2015\/02\/DSC00101-300x240.jpg 300w, https:\/\/www.utzac.edu.mx\/wp-content\/uploads\/2015\/02\/DSC00101-1024x819.jpg 1024w, https:\/\/www.utzac.edu.mx\/wp-content\/uploads\/2015\/02\/DSC00101-700x560.jpg 700w\" sizes=\"(max-width: 3183px) 100vw, 3183px\" \/><\/div>\n\t\t<\/div> \n\t<\/div> \n\t\t<\/div> \n\t<\/div> \n\n\t<div class=\"vc_col-sm-6 wpb_column vc_column_container \">\n\t\t<div class=\"wpb_wrapper\">\n\t\t\t<div class=\"vc_custom_heading\" ><h2 style=\"text-align: left;font-family:Abril Fatface;font-weight:400;font-style:normal\" >Banda de Guerra<\/h2><\/div>\n\t<div class=\"wpb_text_column wpb_content_element \">\n\t\t<div class=\"wpb_wrapper\">\n\t\t\t<p>Te invitamos a que seas parte de la Banda de Guerra de la Universidad Tecnol\u00f3gica del Estado de Zacatecas<\/p>\n\n\t\t<\/div> \n\t<\/div> \n\t\t<\/div> \n\t<\/div> \n<\/div><div class=\"vc_row-full-width\"><\/div>\n","protected":false},"excerpt":{"rendered":"En el Departamento de Actividades Culturales y Deportivas tenemos como objetivo coadyuvar al proceso de formaci\u00f3n integral de los estudiantes de la Universidad Tecnol\u00f3gica, a trav\u00e9s de la participaci\u00f3n de actividades Art\u00edsticas, Culturales, Deportivas y de Salud Preventiva como apoyo para su formaci\u00f3n. Se realizan frecuentemente actividades deportivas al interior de la Universidad y con [...]","protected":false},"author":8,"featured_media":0,"parent":0,"menu_order":0,"comment_status":"closed","ping_status":"open","template":"","meta":[],"_links":{"self":[{"href":"https:\/\/www.utzac.edu.mx\/index.php?rest_route=\/wp\/v2\/pages\/5419"}],"collection":[{"href":"https:\/\/www.utzac.edu.mx\/index.php?rest_route=\/wp\/v2\/pages"}],"about":[{"href":"https:\/\/www.utzac.edu.mx\/index.php?rest_route=\/wp\/v2\/types\/page"}],"author":[{"embeddable":true,"href":"https:\/\/www.utzac.edu.mx\/index.php?rest_route=\/wp\/v2\/users\/8"}],"replies":[{"embeddable":true,"href":"https:\/\/www.utzac.edu.mx\/index.php?rest_route=%2Fwp%2Fv2%2Fcomments&post=5419"}],"version-history":[{"count":0,"href":"https:\/\/www.utzac.edu.mx\/index.php?rest_route=\/wp\/v2\/pages\/5419\/revisions"}],"wp:attachment":[{"href":"https:\/\/www.utzac.edu.mx\/index.php?rest_route=%2Fwp%2Fv2%2Fmedia&parent=5419"}],"curies":[{"name":"wp","href":"https:\/\/api.w.org\/{rel}","templated":true}]}}