{"id":5365,"date":"2015-02-27T07:53:02","date_gmt":"2015-02-27T13:53:02","guid":{"rendered":"http:\/\/www.utzac.edu.mx\/?page_id=5365"},"modified":"2015-06-16T10:09:55","modified_gmt":"2015-06-16T15:09:55","slug":"proyectos","status":"publish","type":"page","link":"https:\/\/www.utzac.edu.mx\/?page_id=5365","title":{"rendered":"Visitas y Conferencias"},"content":{"rendered":"\t<div class=\"vc_row wpb_row vc_row-fluid\"  >\n\t<div class=\"vc_col-sm-12 wpb_column vc_column_container \">\n\t\t<div class=\"wpb_wrapper\">\n\t\t\t\n\t<div class=\"wpb_text_column wpb_content_element \">\n\t\t<div class=\"wpb_wrapper\">\n\t\t\t<p><strong>Visitas y Conferencias<\/strong><\/p>\n<p>Es nuestro inter\u00e9s que nuestros alumnos visiten las empresas locales, regionales as\u00ed como las del \u00e1mbito nacional; esta actividad permite adem\u00e1s de incrementar la visi\u00f3n de negocio y ampliar sus conocimientos respecto a la carrera que esta cursando, por otra parte hacemos invitaci\u00f3n para que compartas tu experiencia empresarial a nuestros alumnos a trav\u00e9s de conferencias programadas.<\/p>\n\n\t\t<\/div> \n\t<\/div> \n\t\t<\/div> \n\t<\/div> \n<\/div><div class=\"vc_row-full-width\"><\/div>\n","protected":false},"excerpt":{"rendered":"Visitas y Conferencias Es nuestro inter\u00e9s que nuestros alumnos visiten las empresas locales, regionales as\u00ed como las del \u00e1mbito nacional; esta actividad permite adem\u00e1s de incrementar la visi\u00f3n de negocio y ampliar sus conocimientos respecto a la carrera que esta cursando, por otra parte hacemos invitaci\u00f3n para que compartas tu experiencia empresarial a nuestros alumnos [...]","protected":false},"author":8,"featured_media":0,"parent":0,"menu_order":0,"comment_status":"closed","ping_status":"open","template":"template-blog.php","meta":[],"_links":{"self":[{"href":"https:\/\/www.utzac.edu.mx\/index.php?rest_route=\/wp\/v2\/pages\/5365"}],"collection":[{"href":"https:\/\/www.utzac.edu.mx\/index.php?rest_route=\/wp\/v2\/pages"}],"about":[{"href":"https:\/\/www.utzac.edu.mx\/index.php?rest_route=\/wp\/v2\/types\/page"}],"author":[{"embeddable":true,"href":"https:\/\/www.utzac.edu.mx\/index.php?rest_route=\/wp\/v2\/users\/8"}],"replies":[{"embeddable":true,"href":"https:\/\/www.utzac.edu.mx\/index.php?rest_route=%2Fwp%2Fv2%2Fcomments&post=5365"}],"version-history":[{"count":0,"href":"https:\/\/www.utzac.edu.mx\/index.php?rest_route=\/wp\/v2\/pages\/5365\/revisions"}],"wp:attachment":[{"href":"https:\/\/www.utzac.edu.mx\/index.php?rest_route=%2Fwp%2Fv2%2Fmedia&parent=5365"}],"curies":[{"name":"wp","href":"https:\/\/api.w.org\/{rel}","templated":true}]}}