{"id":5323,"date":"2015-02-27T07:43:13","date_gmt":"2015-02-27T13:43:13","guid":{"rendered":"http:\/\/www.utzac.edu.mx\/?page_id=5323"},"modified":"2015-06-12T09:47:55","modified_gmt":"2015-06-12T14:47:55","slug":"cdcide","status":"publish","type":"page","link":"https:\/\/www.utzac.edu.mx\/?page_id=5323","title":{"rendered":"CDCIDE"},"content":{"rendered":"\t<div class=\"vc_row wpb_row vc_row-fluid\"  >\n\t<div class=\"vc_col-sm-12 wpb_column vc_column_container \">\n\t\t<div class=\"wpb_wrapper\">\n\t\t\t\n\t<div class=\"wpb_text_column wpb_content_element \">\n\t\t<div class=\"wpb_wrapper\">\n\t\t\t<p><a href=\"https:\/\/www.utzac.edu.mx\/wp-content\/uploads\/2015\/02\/CDCIDE.png\"><img decoding=\"async\" class=\" size-medium wp-image-6165 aligncenter\" src=\"https:\/\/www.utzac.edu.mx\/wp-content\/uploads\/2015\/02\/CDCIDE-300x207.png\" alt=\"CDCIDE\" width=\"300\" height=\"207\" srcset=\"https:\/\/www.utzac.edu.mx\/wp-content\/uploads\/2015\/02\/CDCIDE-300x207.png 300w, https:\/\/www.utzac.edu.mx\/wp-content\/uploads\/2015\/02\/CDCIDE.png 420w\" sizes=\"(max-width: 300px) 100vw, 300px\" \/><\/a><\/p>\n<p><strong>La Universidad Tecnol\u00f3gica del Estado de Zacatecas<\/strong> participa como parte del <strong>CONRISUT<\/strong> (Consejo Nacional de la Red de Incubadoras del Subsistema de Universidades Tecnol\u00f3gicas) y tiene como objetivo estimular la capacidad empresarial de los emprendedores en el Estado de Zacatecas para:<\/p>\n<p>El desarrollo y aplicaci\u00f3n de nuevas tecnolog\u00edas.<\/p>\n<p>Crear nuevos productos que se adapten a los cambios del mercado.<\/p>\n<p>Apoyar proyectos de innovaci\u00f3n y desarrollo tecnol\u00f3gico que se orienten a la modernizaci\u00f3n de la planta productiva regional y del pa\u00eds, desde la fase pre comercial hasta la integraci\u00f3n de estas empresas en el mercado formal.<\/p>\n<p>Te ofrecemos Consultor\u00eda y Capacitaci\u00f3n a trav\u00e9s de asesores especializados en las \u00e1reas de<\/p>\n<ul>\n<li><strong>Mercadotecnia<\/strong><\/li>\n<li><strong>Jur\u00eddico y legal<\/strong><\/li>\n<li><strong>Imagen corporativa<\/strong><\/li>\n<li><strong>Procesos productivos<\/strong><\/li>\n<li><strong>Finanzas y fiscal<\/strong><\/li>\n<li><strong>Administraci\u00f3n<\/strong><\/li>\n<\/ul>\n<p>El Centro de Capacitaci\u00f3n, Incubaci\u00f3n y Desarrollo Empresarial (CDCIDE) de la <strong>UTZAC<\/strong> forma parte de la Red de Incubadoras del Subsistema de Universidades Tecnol\u00f3gicas (RISUT) que opera en todo el pa\u00eds dando servicio a micro, peque\u00f1as y medianas empresas.<\/p>\n<p>En la <strong>Universidad Tecnol\u00f3gica del Estado de Zacatecas<\/strong> atendemos a emprendedores de todo el Estado de Zacatecas.<\/p>\n\n\t\t<\/div> \n\t<\/div> <div class=\"vc_custom_heading\" ><h2 style=\"text-align: left;font-family:Abril Fatface;font-weight:400;font-style:normal\" >Para mayor informaci\u00f3n contactar a:<\/h2><\/div>\n\t<div class=\"wpb_text_column wpb_content_element \">\n\t\t<div class=\"wpb_wrapper\">\n\t\t\t<p><strong>Fernando Mauricio Hern\u00e1ndez Le\u00f3n<\/strong><br \/>\n<em>Encargado de \u00e1rea<\/em><\/p>\n<p>fhernandez@utzac.edu.mx<\/p>\n\n\t\t<\/div> \n\t<\/div> \n\t\t<\/div> \n\t<\/div> \n<\/div><div class=\"vc_row-full-width\"><\/div>\n ","protected":false},"excerpt":{"rendered":"La Universidad Tecnol\u00f3gica del Estado de Zacatecas participa como parte del CONRISUT (Consejo Nacional de la Red de Incubadoras del Subsistema de Universidades Tecnol\u00f3gicas) y tiene como objetivo estimular la capacidad empresarial de los emprendedores en el Estado de Zacatecas para: El desarrollo y aplicaci\u00f3n de nuevas tecnolog\u00edas. Crear nuevos productos que se adapten a [...]","protected":false},"author":8,"featured_media":0,"parent":0,"menu_order":0,"comment_status":"closed","ping_status":"open","template":"","meta":{"_eb_attr":""},"_links":{"self":[{"href":"https:\/\/www.utzac.edu.mx\/index.php?rest_route=\/wp\/v2\/pages\/5323"}],"collection":[{"href":"https:\/\/www.utzac.edu.mx\/index.php?rest_route=\/wp\/v2\/pages"}],"about":[{"href":"https:\/\/www.utzac.edu.mx\/index.php?rest_route=\/wp\/v2\/types\/page"}],"author":[{"embeddable":true,"href":"https:\/\/www.utzac.edu.mx\/index.php?rest_route=\/wp\/v2\/users\/8"}],"replies":[{"embeddable":true,"href":"https:\/\/www.utzac.edu.mx\/index.php?rest_route=%2Fwp%2Fv2%2Fcomments&post=5323"}],"version-history":[{"count":0,"href":"https:\/\/www.utzac.edu.mx\/index.php?rest_route=\/wp\/v2\/pages\/5323\/revisions"}],"wp:attachment":[{"href":"https:\/\/www.utzac.edu.mx\/index.php?rest_route=%2Fwp%2Fv2%2Fmedia&parent=5323"}],"curies":[{"name":"wp","href":"https:\/\/api.w.org\/{rel}","templated":true}]}}