{"id":5298,"date":"2015-02-27T07:37:41","date_gmt":"2015-02-27T13:37:41","guid":{"rendered":"http:\/\/www.utzac.edu.mx\/?page_id=5298"},"modified":"2024-01-22T08:07:40","modified_gmt":"2024-01-22T14:07:40","slug":"historia","status":"publish","type":"page","link":"https:\/\/www.utzac.edu.mx\/?page_id=5298","title":{"rendered":"Historia y Filosof\u00eda de Calidad"},"content":{"rendered":"<div class=\"vc_row wpb_row vc_row-fluid\"  >\n\t<div class=\"vc_col-sm-12 wpb_column vc_column_container \">\n\t\t<div class=\"wpb_wrapper\">\n\t\t\t\n\t<div class=\"wpb_text_column wpb_content_element \">\n\t\t<div class=\"wpb_wrapper\">\n\t\t\t<p>En el a\u00f1o de 1989, la Secretar\u00eda de Educaci\u00f3n P\u00fablica puso en marcha el programa de Evaluaci\u00f3n y Mejoramiento de la Educaci\u00f3n Superior, emprendiendo, adem\u00e1s estudios sobre nuevas opciones de educaci\u00f3n superior.<\/p>\n<p>As\u00ed mismo, se analizaron las experiencias de algunos pa\u00edses con un crecimiento econ\u00f3mico mayor, entre ellos Estados Unidos de Am\u00e9rica, Francia, Jap\u00f3n, Alemania y Gran Breta\u00f1a.<\/p>\n<p>Se encontr\u00f3 que la modalidad de educaci\u00f3n superior de los Institutos Universitarios de Tecnolog\u00eda franceses eran los m\u00e1s adecuados, para adaptarlos a M\u00e9xico.<\/p>\n<p>En tal virtud y considerando fundamentalmente la situaci\u00f3n de la educaci\u00f3n superior en M\u00e9xico, as\u00ed como los aspectos socioecon\u00f3micos, laborales y de expectativas educativas en varias regiones del pa\u00eds, se acord\u00f3 el establecimiento de un nuevo modelo educativo a trav\u00e9s de las \u00abUniversidades Tecnol\u00f3gicas\u00bb, el cual, una vez concluidos los estudios de factibilidad correspondientes, se determin\u00f3, llevarla a la pr\u00e1ctica en los estados de Aguascalientes, M\u00e9xico e Hidalgo, con la puesta en marcha de una Instituci\u00f3n de este tipo en cada uno de ellos, en el a\u00f1o 1991.<\/p>\n<p>El modelo Acad\u00e9mico del Sistema de Universidades Tecnol\u00f3gicas demanda una revisi\u00f3n peri\u00f3dica de los contenidos de sus programas que garantice la pertinencia de los mismos, es decir, que correspondan a las necesidades.<\/p>\n<p>La Universidad Tecnol\u00f3gica del Estado de Zacatecas, es fundada en el a\u00f1o de 1998, al no contar a\u00fan con instalaciones propias inicia sus clases en la Universidad Pedag\u00f3gica Nacional (UPN) con una matr\u00edcula inicial de 268 alumnos. \u00a0Y es en el mes de marzo de 1999 cuando estrena su propio edificio en Guadalupe, Zacatecas.<\/p>\n<p>A la fecha, la universidad cuenta con una matr\u00edcula hist\u00f3rica jam\u00e1s obtenida de 1,626 alumnos de los 7 programas educativos que ofrece en los niveles de T\u00e9cnico Superior Universitario e Ingenier\u00eda.<\/p>\n<p>&nbsp;<\/p>\n\n\t\t<\/div> \n\t<\/div> <div class=\"vc_custom_heading\" ><h2 style=\"text-align: left;font-family:Abril Fatface;font-weight:400;font-style:normal\" >Filosof\u00eda de Calidad<\/h2><\/div>\n\t\t<\/div> \n\t<\/div> \n<\/div><div class=\"vc_row-full-width\"><\/div>\t<div class=\"vc_row wpb_row vc_row-fluid\"  >\n\t<div class=\"vc_col-sm-12 wpb_column vc_column_container \">\n\t\t<div class=\"wpb_wrapper\">\n\t\t\t\n\t<div class=\"wpb_accordion wpb_content_element  not-column-inherit\" data-collapsible=\"\" data-vc-disable-keydown=\"false\" data-active-tab=\"1\">\n\t\t<div class=\"wpb_wrapper wpb_accordion_wrapper ui-accordion\">\n\t\t\t\n\t\t\t<div class=\"wpb_accordion_section group\">\n\t\t\t\t<h3 class=\"wpb_accordion_header ui-accordion-header\"><a href=\"#mision\">Misi\u00f3n<\/a><\/h3>\n\t\t\t\t<div class=\"wpb_accordion_content ui-accordion-content vc_clearfix\">\n\t\t\t\t\n\t<div class=\"wpb_text_column wpb_content_element \">\n\t\t<div class=\"wpb_wrapper\">\n\t\t\t<p>\u00a0Formar integralmente capital humano con sentido de equidad e igualdad,\u00a0 bajo un modelo resiliente e inclusivo con programas educativos pertinentes al entorno socioecon\u00f3mico a trav\u00e9s de personal altamente capacitado.<\/p>\n\n\t\t<\/div> \n\t<\/div> \n\t\t\t\t<\/div>\n\t\t\t<\/div> \n\n\t\t\t<div class=\"wpb_accordion_section group\">\n\t\t\t\t<h3 class=\"wpb_accordion_header ui-accordion-header\"><a href=\"#vision\">Visi\u00f3n<\/a><\/h3>\n\t\t\t\t<div class=\"wpb_accordion_content ui-accordion-content vc_clearfix\">\n\t\t\t\t\n\t<div class=\"wpb_text_column wpb_content_element \">\n\t\t<div class=\"wpb_wrapper\">\n\t\t\t<p>\u00a0Ser una Universidad socialmente responsable reconocida por la calidad y pertinencia de sus programas educativos que contribuyan a la innovaci\u00f3n\u00a0e investigaci\u00f3n\u00a0para el desarrollo sostenido y sustentable del entorno.\u00a0<\/p>\n\n\t\t<\/div> \n\t<\/div> \n\t\t\t\t<\/div>\n\t\t\t<\/div> \n\n\t\t\t<div class=\"wpb_accordion_section group\">\n\t\t\t\t<h3 class=\"wpb_accordion_header ui-accordion-header\"><a href=\"#valores\">Valores<\/a><\/h3>\n\t\t\t\t<div class=\"wpb_accordion_content ui-accordion-content vc_clearfix\">\n\t\t\t\t\n\t<div class=\"wpb_text_column wpb_content_element \">\n\t\t<div class=\"wpb_wrapper\">\n\t\t\t<p><strong><span style=\"color: #000000;\">COMPROMISO:<\/span> <\/strong>Convicci\u00f3n en cada integrante de la Comunidad Universitaria para cumplir con sus responsabilidades.<\/p>\n<p><strong><span style=\"color: #000000;\">RESPONSABILIDAD:<\/span><\/strong> Reconocer y cumplir las obligaciones que establece la Normatividad Aplicable.<\/p>\n<p><strong><strong><span style=\"color: #000000;\">SERVICIO: <\/span><\/strong><\/strong>Ofrecer atenci\u00f3n integral a la comunidad de manera oportuna, asertiva y satisfactoria.<\/p>\n<p><strong><span style=\"color: #000000;\">RESPETO:<\/span><\/strong> Ser congruentes y considerados con las personas y su entorno.<\/p>\n<p><span style=\"color: #000000;\"><strong><strong>INCLUSI\u00d3N: <\/strong><\/strong><\/span>Lograr que todos los individuos o grupos sociales puedan tener las mismas oportunidades sin distinci\u00f3n, conscientes de las diferentes maneras de pensar, actuar y sentir de los dem\u00e1s.<\/p>\n<p><strong><span style=\"color: #000000;\">COLABORACI\u00d3N:<\/span> <\/strong>Trabajar de manera conjunta, creativa y din\u00e1mica\u00a0 con la finalidad de lograr objetivos comunes.\u00a0<\/p>\n<h4>\u00a0<\/h4>\n\n\t\t<\/div> \n\t<\/div> \n\t\t\t\t<\/div>\n\t\t\t<\/div> \n\n\t\t\t<div class=\"wpb_accordion_section group\">\n\t\t\t\t<h3 class=\"wpb_accordion_header ui-accordion-header\"><a href=\"#politica-de-calidad\">Pol\u00edtica de Calidad<\/a><\/h3>\n\t\t\t\t<div class=\"wpb_accordion_content ui-accordion-content vc_clearfix\">\n\t\t\t\t\n\t<div class=\"wpb_text_column wpb_content_element \">\n\t\t<div class=\"wpb_wrapper\">\n\t\t\t<p>Cumplir con la formaci\u00f3n integral de los estudiantes de la Universidad Tecnol\u00f3gica del Estado de Zacatecas mediante personal capacitado, programas educativos pertinentes y de calidad, manteniendo procesos acad\u00e9micos, de gesti\u00f3n y vinculaci\u00f3n certificados.<\/p>\n\n\t\t<\/div> \n\t<\/div> \n\t\t\t\t<\/div>\n\t\t\t<\/div> \n\n\t\t\t<div class=\"wpb_accordion_section group\">\n\t\t\t\t<h3 class=\"wpb_accordion_header ui-accordion-header\"><a href=\"#objetivos-de-la-calidad\">Objetivos de la Calidad<\/a><\/h3>\n\t\t\t\t<div class=\"wpb_accordion_content ui-accordion-content vc_clearfix\">\n\t\t\t\t\n\t<div class=\"wpb_text_column wpb_content_element \">\n\t\t<div class=\"wpb_wrapper\">\n\t\t\t<ul>\n<li>Medir el nivel de satisfacci\u00f3n del cliente, respecto a los requisitos ofertados para la mejora continua.<\/li>\n<li>Desarrollar actividades para la formaci\u00f3n integral y emprendimiento.<\/li>\n<li>Contar con programas educativos reconocidos por su calidad y pertinencia.<\/li>\n<\/ul>\n\n\t\t<\/div> \n\t<\/div> \n\t\t\t\t<\/div>\n\t\t\t<\/div> \n\n\t\t\t<div class=\"wpb_accordion_section group\">\n\t\t\t\t<h3 class=\"wpb_accordion_header ui-accordion-header\"><a href=\"#politica-ambiental\">Pol\u00edtica Ambiental<\/a><\/h3>\n\t\t\t\t<div class=\"wpb_accordion_content ui-accordion-content vc_clearfix\">\n\t\t\t\t\n\t<div class=\"wpb_text_column wpb_content_element \">\n\t\t<div class=\"wpb_wrapper\">\n\t\t\t<p>Cumplir con la Formaci\u00f3n Integral de los Estudiantes de la Universidad Tecnol\u00f3gica del Estado de Zacatecas orientados a la conciencia ambiental respetando est\u00e1ndares nacionales e internacionales que apoyan la sustentabilidad.<\/p>\n\n\t\t<\/div> \n\t<\/div> \n\t\t\t\t<\/div>\n\t\t\t<\/div> \n\n\t\t\t<div class=\"wpb_accordion_section group\">\n\t\t\t\t<h3 class=\"wpb_accordion_header ui-accordion-header\"><a href=\"#politica-de-seguridad-y-salud-en-el-trabajo\">Pol\u00edtica de Seguridad y Salud en el Trabajo<\/a><\/h3>\n\t\t\t\t<div class=\"wpb_accordion_content ui-accordion-content vc_clearfix\">\n\t\t\t\t\n\t<div class=\"wpb_text_column wpb_content_element \">\n\t\t<div class=\"wpb_wrapper\">\n\t\t\t<p>Para la Prevenci\u00f3n de Riesgos de Trabajo la Universidad Tecnol\u00f3gica y sus trabajadores deben colaborar en la Instauraci\u00f3n y Operaci\u00f3n de un Sistema de Administraci\u00f3n de Seguridad y Salud en el Trabajo que incluya a nuestros alumnos y fomentar la Cultura de la Autoevaluaci\u00f3n para cumplir con la Normatividad Laboral y propicie un Ambiente Libre de Accidentes y Enfermedades de Trabajo.<\/p>\n\n\t\t<\/div> \n\t<\/div> \n\t\t\t\t<\/div>\n\t\t\t<\/div> \n\n\t\t<\/div> \n\t<\/div> \n\t\t<\/div> \n\t<\/div> \n<\/div><div class=\"vc_row-full-width\"><\/div>","protected":false},"excerpt":{"rendered":"En el a\u00f1o de 1989, la Secretar\u00eda de Educaci\u00f3n P\u00fablica puso en marcha el programa de Evaluaci\u00f3n y Mejoramiento de la Educaci\u00f3n Superior, emprendiendo, adem\u00e1s estudios sobre nuevas opciones de educaci\u00f3n superior. As\u00ed mismo, se analizaron las experiencias de algunos pa\u00edses con un crecimiento econ\u00f3mico mayor, entre ellos Estados Unidos de Am\u00e9rica, Francia, Jap\u00f3n, Alemania [...]","protected":false},"author":8,"featured_media":0,"parent":0,"menu_order":0,"comment_status":"closed","ping_status":"open","template":"","meta":{"_eb_attr":""},"_links":{"self":[{"href":"https:\/\/www.utzac.edu.mx\/index.php?rest_route=\/wp\/v2\/pages\/5298"}],"collection":[{"href":"https:\/\/www.utzac.edu.mx\/index.php?rest_route=\/wp\/v2\/pages"}],"about":[{"href":"https:\/\/www.utzac.edu.mx\/index.php?rest_route=\/wp\/v2\/types\/page"}],"author":[{"embeddable":true,"href":"https:\/\/www.utzac.edu.mx\/index.php?rest_route=\/wp\/v2\/users\/8"}],"replies":[{"embeddable":true,"href":"https:\/\/www.utzac.edu.mx\/index.php?rest_route=%2Fwp%2Fv2%2Fcomments&post=5298"}],"version-history":[{"count":0,"href":"https:\/\/www.utzac.edu.mx\/index.php?rest_route=\/wp\/v2\/pages\/5298\/revisions"}],"wp:attachment":[{"href":"https:\/\/www.utzac.edu.mx\/index.php?rest_route=%2Fwp%2Fv2%2Fmedia&parent=5298"}],"curies":[{"name":"wp","href":"https:\/\/api.w.org\/{rel}","templated":true}]}}