{"id":5295,"date":"2015-02-27T07:14:17","date_gmt":"2015-02-27T13:14:17","guid":{"rendered":"http:\/\/www.utzac.edu.mx\/?page_id=5295"},"modified":"2026-04-09T14:57:08","modified_gmt":"2026-04-09T20:57:08","slug":"contacto","status":"publish","type":"page","link":"https:\/\/www.utzac.edu.mx\/?page_id=5295","title":{"rendered":"Contacto"},"content":{"rendered":"<div class=\"vc_row wpb_row vc_row-fluid\"  >\n\t<div class=\"vc_col-sm-12 wpb_column vc_column_container \">\n\t\t<div class=\"wpb_wrapper\">\n\t\t\t\n\t<div class=\"wpb_text_column wpb_content_element \">\n\t\t<div class=\"wpb_wrapper\">\n\t\t\t<p><strong>Para la Universidad Tecnol\u00f3gica del Estado de Zacatecas es importante\u00a0conocer tu opini\u00f3n e inquietudes. Si quieres ponerte en contacto con nosotros env\u00edanos\u00a0un correo\u00a0o vis\u00edtanos en:<\/strong><\/p>\n\n\t\t<\/div> \n\t<\/div> \n\t\t<\/div> \n\t<\/div> \n<\/div><div class=\"vc_row-full-width\"><\/div>\t<div class=\"vc_row wpb_row vc_row-fluid\"  >\n\t<div class=\"vc_col-sm-6 wpb_column vc_column_container \">\n\t\t<div class=\"wpb_wrapper\">\n\t\t\t\n\t<div class=\"wpb_text_column wpb_content_element \">\n\t\t<div class=\"wpb_wrapper\">\n\t\t\t<h2>Campus Guadalupe<\/h2>\n<p><strong>Carretera Zacatecas, Cd Cuauht\u00e9moc km. 5<\/strong><br \/>\n<strong>Ejido Cieneguitas, Guadalupe, Zac C.P 98601<\/strong><br \/>\n<strong>Tel. 492 9276180 al 84 ext 106<br \/>\nprensa@utzac.edu.mx<\/strong><\/p>\n<h2>\u00a0<\/h2>\n\n\t\t<\/div> \n\t<\/div> <div class=\"vc_separator wpb_content_element vc_sep_width_100 vc_sep_pos_align_center vc_separator_no_text vc_sep_color_grey\">\n\t<span class=\"vc_sep_holder vc_sep_holder_l\"><span class=\"vc_sep_line\"><\/span><\/span>\n\t\t<span class=\"vc_sep_holder vc_sep_holder_r\"><span class=\"vc_sep_line\"><\/span><\/span>\n<\/div>\n\n<div role=\"form\" class=\"wpcf7\" id=\"wpcf7-f5-o1\" lang=\"es-ES\" dir=\"ltr\">\n<div class=\"screen-reader-response\"><\/div>\n<form action=\"\/index.php?rest_route=%2Fwp%2Fv2%2Fpages%2F5295#wpcf7-f5-o1\" method=\"post\" class=\"wpcf7-form\" novalidate=\"novalidate\">\n<div style=\"display: none;\">\n<input type=\"hidden\" name=\"_wpcf7\" value=\"5\" \/>\n<input type=\"hidden\" name=\"_wpcf7_version\" value=\"5.1.1\" \/>\n<input type=\"hidden\" name=\"_wpcf7_locale\" value=\"es_ES\" \/>\n<input type=\"hidden\" name=\"_wpcf7_unit_tag\" value=\"wpcf7-f5-o1\" \/>\n<input type=\"hidden\" name=\"_wpcf7_container_post\" value=\"0\" \/>\n<input type=\"hidden\" name=\"g-recaptcha-response\" value=\"\" \/>\n<\/div>\n<p>Su nombre (requerido)<br \/>\n    <span class=\"wpcf7-form-control-wrap your-name\"><input type=\"text\" name=\"your-name\" value=\"\" size=\"40\" class=\"wpcf7-form-control wpcf7-text wpcf7-validates-as-required\" aria-required=\"true\" aria-invalid=\"false\" \/><\/span> <\/p>\n<p>Su e-mail (requerido)<br \/>\n    <span class=\"wpcf7-form-control-wrap your-email\"><input type=\"email\" name=\"your-email\" value=\"\" size=\"40\" class=\"wpcf7-form-control wpcf7-text wpcf7-email wpcf7-validates-as-required wpcf7-validates-as-email\" aria-required=\"true\" aria-invalid=\"false\" \/><\/span> <\/p>\n<p>Asunto<br \/>\n    <span class=\"wpcf7-form-control-wrap your-subject\"><input type=\"text\" name=\"your-subject\" value=\"\" size=\"40\" class=\"wpcf7-form-control wpcf7-text\" aria-invalid=\"false\" \/><\/span> <\/p>\n<p>Su mensaje<br \/>\n    <span class=\"wpcf7-form-control-wrap your-message\"><textarea name=\"your-message\" cols=\"40\" rows=\"10\" class=\"wpcf7-form-control wpcf7-textarea\" aria-invalid=\"false\"><\/textarea><\/span> <\/p>\n<p><input type=\"submit\" value=\"Enviar\" class=\"wpcf7-form-control wpcf7-submit\" \/><\/p>\n<div class=\"wpcf7-response-output wpcf7-display-none\"><\/div><\/form><\/div>\n\t<div class=\"wpb_text_column wpb_content_element \">\n\t\t<div class=\"wpb_wrapper\">\n\t\t\t\n\t\t<\/div> \n\t<\/div> \n\t<div class=\"wpb_text_column wpb_content_element \">\n\t\t<div class=\"wpb_wrapper\">\n\t\t\t<h1>DIRECTORIO DE CARRERAS<\/h1>\n\n\t\t<\/div> \n\t<\/div> \n\t\t<\/div> \n\t<\/div> \n\n\t<div class=\"vc_col-sm-6 wpb_column vc_column_container \">\n\t\t<div class=\"wpb_wrapper\">\n\t\t\t\n\t<div class=\"wpb_text_column wpb_content_element \">\n\t\t<div class=\"wpb_wrapper\">\n\t\t\t<h2>Unidad Acad\u00e9mica de Pinos<\/h2>\n<p><strong>Calle Ayuntamiento s\/n, esquina con calle Col\u00f3n,\u00a0Col. G<\/strong><strong>uadalupe, Pinos, Zacatecas.\u00a0 \u00a0 \u00a0 \u00a0 \u00a0 \u00a0 \u00a0 \u00a0 \u00a0 T<\/strong><strong>el. 496\u00a0864-0215<br \/>\nuap@utzac.edu.mx<\/strong><\/p>\n\n\t\t<\/div> \n\t<\/div> \n\t\t<\/div> \n\t<\/div> \n<\/div><div class=\"vc_row-full-width\"><\/div>\t<div class=\"vc_row wpb_row vc_row-fluid\"  >\n\t<div class=\"vc_col-sm-6 wpb_column vc_column_container \">\n\t\t<div class=\"wpb_wrapper\">\n\t\t\t\n\t<div class=\"wpb_text_column wpb_content_element \">\n\t\t<div class=\"wpb_wrapper\">\n\t\t\t<h3>Desarrollo de Negocios<br \/>\nAdministraci\u00f3n \u00e1rea Capital Humano<\/h3>\n<p>Director<br \/>\n<strong>Tirzo Noel Pacheco Delgado<\/strong><br \/>\nTel. 492 9276180 al 84 ext. 124<br \/>\ntpacheco@utzac.edu.mx<\/p>\n<p>Secretaria<br \/>\nZaira Roberta S\u00e1nchez de Loera<br \/>\nTel. 492 9276180 al 84 ext. 110<br \/>\nzsanchez@utzac.edu.mx <\/p>\n\n\t\t<\/div> \n\t<\/div> \n\t\t<\/div> \n\t<\/div> \n\n\t<div class=\"vc_col-sm-6 wpb_column vc_column_container \">\n\t\t<div class=\"wpb_wrapper\">\n\t\t\t\n\t<div class=\"wpb_text_column wpb_content_element \">\n\t\t<div class=\"wpb_wrapper\">\n\t\t\t<h3>Tecnolog\u00edas de de la Informaci\u00f3n y Comunicaci\u00f3n<br \/>\nEnerg\u00edas Renovables<br \/>\nMecatr\u00f3nica<\/h3>\n<p>Director<br \/>\n<strong>Abubeker Gamboa Rosales<\/strong><br \/>\nTel. 492 9276180 al 84 ext. 118<br \/>\nagamboa@utzac.edu.mx<\/p>\n<p>Secretaria<br \/>\n<span class=\"SViKve OLQ4of\"><span class=\"zf5Qv\">Luz Anahi Ruiz Segovia<\/span><\/span><br \/>\nTel. 492 9276180 al 84 ext. 118<br \/>\nlruiz@utzac.edu.mx<\/p>\n\n\t\t<\/div> \n\t<\/div> \n\t\t<\/div> \n\t<\/div> \n<\/div><div class=\"vc_row-full-width\"><\/div>\t<div class=\"vc_row wpb_row vc_row-fluid\"  >\n\t<div class=\"vc_col-sm-6 wpb_column vc_column_container \">\n\t\t<div class=\"wpb_wrapper\">\n\t\t\t\n\t<div class=\"wpb_text_column wpb_content_element \">\n\t\t<div class=\"wpb_wrapper\">\n\t\t\t<h3 style=\"text-align: left;\">Agricultura Sustentable y Protegida<\/h3>\n<h3 style=\"text-align: left;\">Miner\u00eda<\/h3>\n<p>Director<br \/>\n<strong>Jos\u00e9 Francisco Hern\u00e1ndez Serrano<\/strong>\u00a0<br \/>\nTel. 492 9276180 al 84 ext. 138<br \/>\njserrano@utzac.edu.mx<\/p>\n<p>Secretaria<br \/>\nBeatriz Adriana Rodr\u00edguez Due\u00f1as<br \/>\nTel. 492 9276180 al 84 ext. 130<br \/>\nbrodriguez@utzac.edu.mx<\/p>\n\n\t\t<\/div> \n\t<\/div> \n\t\t<\/div> \n\t<\/div> \n\n\t<div class=\"vc_col-sm-6 wpb_column vc_column_container \">\n\t\t<div class=\"wpb_wrapper\">\n\t\t\t\n\t<div class=\"wpb_text_column wpb_content_element \">\n\t\t<div class=\"wpb_wrapper\">\n\t\t\t<h3>Mantenimiento Industrial<br \/>\nProcesos y Operaciones Industriales<\/h3>\n<p>Director<br \/>\n<strong>Blanca Cecilia Pinedo Lozano<\/strong><br \/>\nTel. 492 9276180 al 84 ext. 303<br \/>\nbpinedo@utzac.edu.mx<\/p>\n<p>Secretaria<br \/>\nDaisy Zaida L\u00f3pez Parga<br \/>\nTel. 492 9276180 al 84 ext. 126<br \/>\ndlopez@utzac.edu.mx<\/p>\n\n\t\t<\/div> \n\t<\/div> \n\t\t<\/div> \n\t<\/div> \n<\/div><div class=\"vc_row-full-width\"><\/div>\t<div class=\"vc_row wpb_row vc_row-fluid\"  >\n\t<div class=\"vc_col-sm-4 wpb_column vc_column_container \">\n\t\t<div class=\"wpb_wrapper\">\n\t\t\t\n\t<div class=\"wpb_text_column wpb_content_element \">\n\t\t<div class=\"wpb_wrapper\">\n\t\t\t<h3>Terapia F\u00edsica\u00a0<\/h3>\n<p>Directora<\/p>\n<p>Tel. 492 9276180 al 84 ext. 109<br \/>\n@utzac.edu.mx<\/p>\n<p>Secretaria<br \/>\nYohana Gabriela Barrera Campos<br \/>\nTel. 492 9276180 al 84 ext. 109<br \/>\nybarrera@utzac.edu.mx<\/p>\n\n\t\t<\/div> \n\t<\/div> \n\t\t<\/div> \n\t<\/div> \n<\/div><div class=\"vc_row-full-width\"><\/div>\t<div class=\"vc_row wpb_row vc_row-fluid\"  >\n\t<div class=\"vc_col-sm-4 wpb_column vc_column_container \">\n\t\t<div class=\"wpb_wrapper\">\n\t\t\t\n\t<div class=\"wpb_text_column wpb_content_element \">\n\t\t<div class=\"wpb_wrapper\">\n\t\t\t<h2>Rector\u00eda<\/h2>\n<p><strong>Mtra. Violeta Cerrillo Ortiz<\/strong><\/p>\n<p>Tel. 492 9276180 al 84 ext. 100<br \/>\nrectoria@utzac.edu.mx<\/p>\n<p>Secretaria<br \/>\n<strong><span class=\"SViKve OLQ4of\"><span class=\"zf5Qv\">Maria de Lourdes Oliva<\/span><\/span>\u00a0 \u00a0 <\/strong>Tel. 492 9276180 al 84 ext.\u00a0100<br \/>\nmoliva@utzac.edu.mx<\/p>\n\n\t\t<\/div> \n\t<\/div> \n\t<div class=\"wpb_text_column wpb_content_element \">\n\t\t<div class=\"wpb_wrapper\">\n\t\t\t<h2>Sistema de Gesti\u00f3n de Calidad y Medio Ambiente<\/h2>\n<p>&nbsp;<\/p>\n<p>Tel. 492 9276180 al 84 ext. 115<br \/>\n@utzac.edu.mx<\/p>\n<p>Secretaria<br \/>\nMa de Jes\u00fas Ponce Hern\u00e1ndez<br \/>\nTel. 492 9276180 al 84 ext.\u00a0136<br \/>\nmponce@utzac.edu.mx<\/p>\n\n\t\t<\/div> \n\t<\/div> \n\t<div class=\"wpb_text_column wpb_content_element \">\n\t\t<div class=\"wpb_wrapper\">\n\t\t\t<h2>Contralor\u00eda\u00a0<\/h2>\n<p><strong>\u00a0Ignacio Becerra Chavez<\/strong><strong>\u00a0<\/strong><\/p>\n<p>Tel. 492 9276180 al 84 ext. 103<br \/>\nibecerra@utzac.edu.mx<\/p>\n<p>&nbsp;<\/p>\n<h2>Depto. de Pr\u00e1cticas y Estad\u00edas<\/h2>\n<p>&nbsp;<\/p>\n<p>Tel. 492 9276180 al 84 ext.\u00a0114<br \/>\npracticasyestadias@utzac.edu.mx<\/p>\n<p>Secretaria<br \/>\n<strong>\u00a0\u00a0\u00a0 <\/strong><br \/>\nTel. 492 9276180 al 84 ext. 127<br \/>\n\u00a0\u00a0\u00a0\u00a0\u00a0\u00a0\u00a0\u00a0\u00a0\u00a0\u00a0\u00a0\u00a0\u00a0\u00a0\u00a0\u00a0 @utzac.edu.mx<\/p>\n\n\t\t<\/div> \n\t<\/div> \n\t<div class=\"wpb_text_column wpb_content_element \">\n\t\t<div class=\"wpb_wrapper\">\n\t\t\t<h2>Depto. de Recursos Materiales<\/h2>\n<p>Juan Carlos Anaya Garay<\/p>\n<p>Tel. 492 9276180 al 84 ext. 111<br \/>\njanaya@utzac.edu.mx<\/p>\n<p>Secretaria<br \/>\nLaura Elena Saucedo Garcia<br \/>\nTel. 492 9276180 al 84 ext.\u00a0\u00a0122\u00a0\u00a0\u00a0\u00a0\u00a0\u00a0\u00a0\u00a0\u00a0\u00a0\u00a0\u00a0\u00a0\u00a0\u00a0\u00a0\u00a0\u00a0\u00a0\u00a0\u00a0\u00a0\u00a0\u00a0\u00a0\u00a0 \u00a0 lloera@utzac.edu.mx<\/p>\n\n\t\t<\/div> \n\t<\/div> \n\t<div class=\"wpb_text_column wpb_content_element \">\n\t\t<div class=\"wpb_wrapper\">\n\t\t\t<h2>CIME<\/h2>\n<p>Carolina Ch\u00e1vez Guti\u00e9rrez<\/p>\n<p>Tel. 492 9276180 al 84 ext. 134<br \/>\ncchavez@utzac.edu.mx<\/p>\n\n\t\t<\/div> \n\t<\/div> \n\t\t<\/div> \n\t<\/div> \n\n\t<div class=\"vc_col-sm-4 wpb_column vc_column_container \">\n\t\t<div class=\"wpb_wrapper\">\n\t\t\t\n\t<div class=\"wpb_text_column wpb_content_element \">\n\t\t<div class=\"wpb_wrapper\">\n\t\t\t<h2>Abogado General<\/h2>\n<p><strong>\u00a0 \u00a0 \u00a0<\/strong><\/p>\n<p>Tel. 492 9276180 al 84 ext. 103<br \/>\n\u00a0 \u00a0 \u00a0 \u00a0 \u00a0@utzac.edu.mx<\/p>\n<p>Secretaria<br \/>\n<b>\u00a0 \u00a0 \u00a0 \u00a0 \u00a0 \u00a0 \u00a0 \u00a0 \u00a0 \u00a0 \u00a0 \u00a0 \u00a0 \u00a0 \u00a0 \u00a0 \u00a0 \u00a0 \u00a0 \u00a0 \u00a0 \u00a0 \u00a0 \u00a0 \u00a0 \u00a0 \u00a0 \u00a0 \u00a0\u00a0<\/b><\/p>\n\n\t\t<\/div> \n\t<\/div> \n\t<div class=\"wpb_text_column wpb_content_element \">\n\t\t<div class=\"wpb_wrapper\">\n\t\t\t<h2>Soporte T\u00e9cnico<\/h2>\n<p><strong>Luis Manuel Rivera Aranda<\/strong><\/p>\n<p>Tel. 492 9276180 al 84 ext. 141<br \/>\nlrivera@utzac.edu.mx<\/p>\n\n\t\t<\/div> \n\t<\/div> \n\t<div class=\"wpb_text_column wpb_content_element \">\n\t\t<div class=\"wpb_wrapper\">\n\t\t\t<h2>Biblioteca<\/h2>\n<p><strong>\u00a0Marcelino Zamora P\u00e9rez\u00a0<\/strong><\/p>\n<p>Tel. 492 9276180 al 84 ext.\u00a0151<br \/>\n\u00a0mzamora@utzac.edu.mx<\/p>\n\n\t\t<\/div> \n\t<\/div> \n\t<div class=\"wpb_text_column wpb_content_element \">\n\t\t<div class=\"wpb_wrapper\">\n\t\t\t<h2>Direcci\u00f3n de Administraci\u00f3n y Finanzas<\/h2>\n<p>&nbsp;<\/p>\n<p>Tel. 492 9276180 al 84 ext.\u00a0123<br \/>\n@utzac.edu.mx<\/p>\n<p>Secretaria<br \/>\n<strong>Mar\u00eda Teresa Gonz\u00e1lez Rodr\u00edguez<\/strong><br \/>\nTel. 492 9276180 al 84 ext. 146<br \/>\nmrodriguez@utzac.edu.mx<\/p>\n\n\t\t<\/div> \n\t<\/div> \n\t<div class=\"wpb_text_column wpb_content_element \">\n\t\t<div class=\"wpb_wrapper\">\n\t\t\t<h2>Depto. de Servicios Escolares<\/h2>\n<p><strong>Jos\u00e9 de Jes\u00fas Mart\u00ednez Fern\u00e1ndez\u00a0<\/strong><\/p>\n<p>Tel. 492 9276180 al 84 ext.\u00a0132<br \/>\njfernandez@utzac.edu.mx<\/p>\n<p>Secretaria<br \/>\n<strong>Karla del Roc\u00edo Gonz\u00e1lez Rodr\u00edguez<\/strong><br \/>\nTel. 492 9276180 al 84 ext.\u00a0321 Y 153<br \/>\nkgonzalez@utzac.edu.mx<\/p>\n\n\t\t<\/div> \n\t<\/div> \n\t\t<\/div> \n\t<\/div> \n\n\t<div class=\"vc_col-sm-4 wpb_column vc_column_container \">\n\t\t<div class=\"wpb_wrapper\">\n\t\t\t\n\t<div class=\"wpb_text_column wpb_content_element \">\n\t\t<div class=\"wpb_wrapper\">\n\t\t\t<h2>Secretar\u00eda Acad\u00e9mica<\/h2>\n<p><strong>Nora Edith Alcala Flores<\/strong><\/p>\n<p>Tel. 492 9276180 al 84 ext. 108<br \/>\nnalcala@utzac.edu.mx<\/p>\n<p>Secretario<br \/>\n<strong>Laura Alicia Collazo Rosas\u00a0<\/strong><br \/>\nTel. 492 9276180 al 84 ext.139<br \/>\nlcollazo@utzac.edu.m x<\/p>\n\n\t\t<\/div> \n\t<\/div> \n\t<div class=\"wpb_text_column wpb_content_element \">\n\t\t<div class=\"wpb_wrapper\">\n\t\t\t<h2>Direcci\u00f3n de Vinculaci\u00f3n<\/h2>\n<p><strong>Felipe Salazar Correa<\/strong><\/p>\n<p style=\"text-align: justify;\">Tel. 492 9276180 al 84 ext. 301<\/p>\n<p style=\"text-align: justify;\">fsalazar@utzac.edu.mx<\/p>\n<p>Secretaria<br \/>\n<strong>Gloria Elizabeth Jimenez Onorato<\/strong><br \/>\nTel. 492 9276180 al 84 ext. 125<br \/>\ngjimenez@utzac.edu.mx<\/p>\n\n\t\t<\/div> \n\t<\/div> \n\t<div class=\"wpb_text_column wpb_content_element \">\n\t\t<div class=\"wpb_wrapper\">\n\t\t\t<h2>Depto. de Planeaci\u00f3n<\/h2>\n<p>&nbsp;<\/p>\n<p style=\"text-align: justify;\">Tel. 492 9276180 al 84 ext. 322<\/p>\n<p style=\"text-align: justify;\">@utzac.edu.mx<\/p>\n<p>Secretaria<br \/>\n<strong>Ma. de Jes\u00fas Ponce Hern\u00e1ndez<\/strong><br \/>\nTel. 492 9276180 al 84 ext. 129<br \/>\nmponce@utzac.edu.mx<\/p>\n\n\t\t<\/div> \n\t<\/div> \n\t<div class=\"wpb_text_column wpb_content_element \">\n\t\t<div class=\"wpb_wrapper\">\n\t\t\t<h2>Depto. de Actividades Culturales y Deportivas<\/h2>\n<p>Assad Alejandro Zarco Escobar<\/p>\n<p>Tel. 492 9276180 al 84 ext. 125<br \/>\nazarco@utzac.edu.mx<\/p>\n<p>Tel. 492 9276180 al 84 ext. 117<br \/>\n@utzac.edu.mx<\/p>\n\n\t\t<\/div> \n\t<\/div> \n\t<div class=\"wpb_text_column wpb_content_element \">\n\t\t<div class=\"wpb_wrapper\">\n\t\t\t<h2>Depto. de Recursos Humanos<\/h2>\n<p><strong>Ricardo Antonio Avalos Reveles<\/strong><\/p>\n<p>Tel. 492 9276180 al 84 ext.\u00a0112<br \/>\nravalos@utzac.edu.mx<\/p>\n<p><strong>Delia Michel Ontiveros Juarez<\/strong><br \/>\nTel. 492 9276180 al 84 ext. 107<br \/>\ndontiveros@utzac.edu.mx<\/p>\n\n\t\t<\/div> \n\t<\/div> \n\t\t<\/div> \n\t<\/div> \n<\/div><div class=\"vc_row-full-width\"><\/div>\t<div class=\"vc_row wpb_row vc_row-fluid\"  >\n\t<div class=\"vc_col-sm-12 wpb_column vc_column_container \">\n\t\t<div class=\"wpb_wrapper\">\n\t\t\t<div class=\"vc_separator wpb_content_element vc_sep_width_100 vc_sep_pos_align_center vc_separator_no_text vc_sep_color_grey\">\n\t<span class=\"vc_sep_holder vc_sep_holder_l\"><span class=\"vc_sep_line\"><\/span><\/span>\n\t\t<span class=\"vc_sep_holder vc_sep_holder_r\"><span class=\"vc_sep_line\"><\/span><\/span>\n<\/div>\n\n\n\t\t<\/div> \n\t<\/div> \n<\/div><div class=\"vc_row-full-width\"><\/div>\t<div class=\"vc_row wpb_row vc_row-fluid\"  >\n\t<div class=\"vc_col-sm-12 wpb_column vc_column_container \">\n\t\t<div class=\"wpb_wrapper\">\n\t\t\t\n\t<div class=\"wpb_text_column wpb_content_element \">\n\t\t<div class=\"wpb_wrapper\">\n\t\t\t\n\t\t<\/div> \n\t<\/div> \n\t\t<\/div> \n\t<\/div> \n<\/div><div class=\"vc_row-full-width\"><\/div>","protected":false},"excerpt":{"rendered":"Para la Universidad Tecnol\u00f3gica del Estado de Zacatecas es importante\u00a0conocer tu opini\u00f3n e inquietudes. Si quieres ponerte en contacto con nosotros env\u00edanos\u00a0un correo\u00a0o vis\u00edtanos en: Campus Guadalupe Carretera Zacatecas, Cd Cuauht\u00e9moc km. 5 Ejido Cieneguitas, Guadalupe, Zac C.P 98601 Tel. 492 9276180 al 84 ext 106 prensa@utzac.edu.mx \u00a0 Su nombre (requerido) Su e-mail (requerido) Asunto [...]","protected":false},"author":8,"featured_media":5787,"parent":0,"menu_order":0,"comment_status":"closed","ping_status":"open","template":"","meta":{"_eb_attr":""},"_links":{"self":[{"href":"https:\/\/www.utzac.edu.mx\/index.php?rest_route=\/wp\/v2\/pages\/5295"}],"collection":[{"href":"https:\/\/www.utzac.edu.mx\/index.php?rest_route=\/wp\/v2\/pages"}],"about":[{"href":"https:\/\/www.utzac.edu.mx\/index.php?rest_route=\/wp\/v2\/types\/page"}],"author":[{"embeddable":true,"href":"https:\/\/www.utzac.edu.mx\/index.php?rest_route=\/wp\/v2\/users\/8"}],"replies":[{"embeddable":true,"href":"https:\/\/www.utzac.edu.mx\/index.php?rest_route=%2Fwp%2Fv2%2Fcomments&post=5295"}],"version-history":[{"count":1,"href":"https:\/\/www.utzac.edu.mx\/index.php?rest_route=\/wp\/v2\/pages\/5295\/revisions"}],"predecessor-version":[{"id":15094,"href":"https:\/\/www.utzac.edu.mx\/index.php?rest_route=\/wp\/v2\/pages\/5295\/revisions\/15094"}],"wp:featuredmedia":[{"embeddable":true,"href":"https:\/\/www.utzac.edu.mx\/index.php?rest_route=\/wp\/v2\/media\/5787"}],"wp:attachment":[{"href":"https:\/\/www.utzac.edu.mx\/index.php?rest_route=%2Fwp%2Fv2%2Fmedia&parent=5295"}],"curies":[{"name":"wp","href":"https:\/\/api.w.org\/{rel}","templated":true}]}}