{"id":14584,"date":"2024-10-28T13:38:09","date_gmt":"2024-10-28T19:38:09","guid":{"rendered":"https:\/\/www.utzac.edu.mx\/?page_id=14584"},"modified":"2025-01-14T13:31:50","modified_gmt":"2025-01-14T19:31:50","slug":"programa-presupuestario-u006","status":"publish","type":"page","link":"https:\/\/www.utzac.edu.mx\/?page_id=14584","title":{"rendered":"Programa Presupuestario U006"},"content":{"rendered":"<div class=\"vc_row wpb_row vc_row-fluid\"  >\n\t<div class=\"vc_col-sm-12 wpb_column vc_column_container \">\n\t\t<div class=\"wpb_wrapper\">\n\t\t\t\n\t<div class=\"wpb_text_column wpb_content_element \">\n\t\t<div class=\"wpb_wrapper\">\n\t\t\t\n\t\t<\/div> \n\t<\/div> <img decoding=\"async\" class=\"size-medium wp-image-14137 aligncenter\" src=\"https:\/\/www.utzac.edu.mx\/wp-content\/uploads\/2023\/10\/image-300x175.png\" alt=\"\" width=\"300\" height=\"175\" srcset=\"https:\/\/www.utzac.edu.mx\/wp-content\/uploads\/2023\/10\/image-300x175.png 300w, https:\/\/www.utzac.edu.mx\/wp-content\/uploads\/2023\/10\/image-600x351.png 600w, https:\/\/www.utzac.edu.mx\/wp-content\/uploads\/2023\/10\/image.png 650w\" sizes=\"(max-width: 300px) 100vw, 300px\" \/><\/p>\n<p>&nbsp;<\/p>\n<div>\n<h2 style=\"text-align: center;\"><strong>CONTRALOR\u00cdA SOCIAL DE LA INSTANCIA<\/strong><\/h2>\n<h2 style=\"text-align: center;\"><strong>EJECUTORA, 2024<\/strong><\/h2>\n<h2 style=\"text-align: center;\"><strong>PROGRAMA SUBSIDIOS PARA ORGANISMOS DESENTRALIZADOS ESTATALES<\/strong><\/h2>\n<h2 style=\"text-align: center;\">Programa Presupuestario U006<\/h2>\n<p style=\"text-align: justify;\"><span style=\"font-size: 20px;\">Conforme a lo dispuesto por la Ley General de Desarrollo Social, la Contralor\u00eda Social constituye una pr\u00e1ctica de transparencia, de rendici\u00f3n de cuentas y se convierte en un mecanismo para los beneficiarios, para que de manera organizada verifiquen el cumplimiento de las metas y la correcta aplicaci\u00f3n de los recursos p\u00fablicos asignados a diferentes Programas Federales.<\/span><\/p>\n<p>Enlace de la contralor\u00eda Social PFCE<\/p>\n<p>Dr. Tirzo Noel Pacheco Delgado<\/p>\n<p>Director de PE en Desarrollo de Negocios<\/p>\n<p>Director de PE en Administraci\u00f3n<\/p>\n<p>Tel. (492)9276180 al 84 ext. 110<\/p>\n<p>&nbsp;<\/p>\n<p>\u00abEste programa es p\u00fablico ajeno a cualquier partido pol\u00edtico. Queda prohibido el uso para fines distintos a los establecidos en el programa. Quien haga uso indebido de los recursos de este programa deber\u00e1 ser denunciado y sancionado con la ley aplicable y ante la autoridad competente\u00bb.<\/p>\n<\/div>\n<div class=\"vc_toggle vc_toggle_arrow vc_toggle_color_Default  vc_toggle_size_md\">\n\t<div class=\"vc_toggle_title\"><h4>2024<\/h4><i class=\"vc_toggle_icon\"><\/i><\/div>\n\t<div class=\"vc_toggle_content\"><ol style=\"list-style-type: upper-roman;\">\n<li>\u2192 Documentos<\/li>\n<\/ol>\n<ol>\n<li><a href=\"https:\/\/www.utzac.edu.mx\/wp-content\/uploads\/2024\/10\/Esquema-de-Contraloria-Social-U006.pdf\" target=\"_blank\" rel=\"noopener\">Esquema de Contralor\u00eda Social<\/a><\/li>\n<li><a href=\"https:\/\/www.utzac.edu.mx\/wp-content\/uploads\/2024\/10\/Guia-Operativa-U006.pdf\" target=\"_blank\" rel=\"noopener\">Gu\u00eda Operativa<\/a><\/li>\n<li><a href=\"https:\/\/www.utzac.edu.mx\/wp-content\/uploads\/2024\/10\/PATCS-U006.pdf\" target=\"_blank\" rel=\"noopener\">Programa Anual de Trabajo de Contralor\u00eda Social (PATCS)<\/a><\/li>\n<li><a href=\"https:\/\/www.utzac.edu.mx\/wp-content\/uploads\/2024\/10\/PTIE-U006-UTZAC.pdf\" target=\"_blank\" rel=\"noopener\">Programa Institucional de Trabajo de Contralor\u00eda Social (PITCS)<\/a><\/li>\n<\/ol>\n<p>&nbsp;<\/p>\n<p>II\u2192 Formatos<\/p>\n<ol>\n<li><a href=\"https:\/\/www.utzac.edu.mx\/wp-content\/uploads\/2025\/01\/reunion-1-constitucion-del-comite-U006-UTZAC.pdf\" target=\"_blank\" rel=\"noopener\">Minuta de Reuni\u00f3n<\/a><\/li>\n<li><a href=\"https:\/\/www.utzac.edu.mx\/wp-content\/uploads\/2025\/01\/reunion-3-vigilancia-U006-UTZAC.pdf\" target=\"_blank\" rel=\"noopener\">Reunion 3 vigilancia U006 UTZAC<\/a><\/li>\n<li><a href=\"https:\/\/www.utzac.edu.mx\/wp-content\/uploads\/2025\/01\/reunion-4-informe-U006-UTZAC.pdf\" target=\"_blank\" rel=\"noopener\">Reunion 4 informe U006 UTZAC<\/a><\/li>\n<li><a href=\"https:\/\/www.utzac.edu.mx\/wp-content\/uploads\/2024\/10\/2-Acta-de-Registro-de-CCS-Anexo-1-.docx\" target=\"_blank\" rel=\"noopener\">Acta Registro de CCS<\/a><\/li>\n<li><a href=\"https:\/\/www.utzac.edu.mx\/wp-content\/uploads\/2024\/10\/3-Acta-de-Sustitucion-de-un-integrante-de-CCS-Anexo-2.docx\" target=\"_blank\" rel=\"noopener\">Acta de sustituci\u00f3n de Integrante de CCS<\/a><\/li>\n<li><a href=\"https:\/\/www.utzac.edu.mx\/wp-content\/uploads\/2025\/01\/informe-U006-UTZAC.pdf\" target=\"_blank\" rel=\"noopener\">Informe de Comit\u00e9 de CS<\/a><\/li>\n<li><a href=\"https:\/\/www.utzac.edu.mx\/wp-content\/uploads\/2024\/10\/5-Cedula-de-quejas-y-denuncias.docx\" target=\"_blank\" rel=\"noopener\">C\u00e9dula de quejas y Denuncias<\/a><\/li>\n<li><a href=\"https:\/\/www.utzac.edu.mx\/wp-content\/uploads\/2024\/10\/6-Control-de-Quejas-y-Denuncias.docx\" target=\"_blank\" rel=\"noopener\">Control Quejas y Denuncias<\/a><\/li>\n<\/ol>\n<p>III\u2192 Normatividad<\/p>\n<ol>\n<li>Reglas de Operaci\u00f3n<\/li>\n<li>Lineamientos para la promoci\u00f3n y operaci\u00f3n de la Contralor\u00eda Social en los programas federales de desarrollo social, emitidos por la Secretar\u00eda de la Funci\u00f3n P\u00fablica (SFP), el 11 de octubre de 2023<\/li>\n<li><a href=\"https:\/\/www.utzac.edu.mx\/wp-content\/uploads\/2024\/10\/4-LGDS.pdf\">LGDS<\/a><\/li>\n<li><a href=\"https:\/\/www.utzac.edu.mx\/wp-content\/uploads\/2024\/10\/3-CRITERIOS-GENERALES-PARA-LA-DISTR-DEL-PPU006.pdf\">CRITERIOS GENERALES PARA LA DISTR DEL PPU006<\/a><\/li>\n<li><a href=\"https:\/\/www.utzac.edu.mx\/wp-content\/uploads\/2024\/10\/2-LINEAMIENTOS-PARA-LA-PROOPYSEG-DE-CS-2023.pdf\">LINEAMIENTOS PARA LA PROOPYSEG DE CS 2023<\/a><\/li>\n<li><a href=\"https:\/\/www.utzac.edu.mx\/wp-content\/uploads\/2024\/10\/1-Reg_LGDS.pdf\">Reg_LGDS<\/a><\/li>\n<\/ol>\n<p>IV\u2192 Material de Difusi\u00f3n<\/p>\n<ol>\n<li><a href=\"https:\/\/www.utzac.edu.mx\/wp-content\/uploads\/2024\/10\/DGUTyP-U006-CS.pdf\" target=\"_blank\" rel=\"noopener\">Instancia Normativa<\/a><\/li>\n<li>Instancia Ejecutora<\/li>\n<li><a href=\"https:\/\/www.utzac.edu.mx\/wp-content\/uploads\/2024\/10\/Convocatoria-CS-U006-2024.pdf\">Convocatoria CS U006 2024<\/a><\/li>\n<li><a href=\"https:\/\/www.utzac.edu.mx\/wp-content\/uploads\/2024\/10\/TRIPTICO-CS-U006-24.pdf\">TRIPTICO CS U006 24<\/a><\/li>\n<li><a href=\"https:\/\/www.utzac.edu.mx\/wp-content\/uploads\/2024\/10\/triptico-u006.pdf\">triptico u006<\/a><\/li>\n<li><a href=\"https:\/\/www.utzac.edu.mx\/wp-content\/uploads\/2024\/10\/triptico-u006-2.pdf\">triptico u006-2<\/a><\/li>\n<\/ol>\n<p>V\u2192 Material de Capacitaci\u00f3n<\/p>\n<ol>\n<li>Una presentaci\u00f3n de la Instancia Normativa<\/li>\n<li>Presentaci\u00f3n de la Instancia Ejecutora<\/li>\n<li><a href=\"https:\/\/www.utzac.edu.mx\/wp-content\/uploads\/2024\/10\/Presentaci\u00a2n-Formatos.pdf\">Presentaci\u00f3n Formatos<\/a><\/li>\n<li><a href=\"https:\/\/www.utzac.edu.mx\/wp-content\/uploads\/2024\/10\/Presentaci\u00a2n-Normatividad-U006.pdf\">Presentaci\u00f3n Normatividad U006<\/a><\/li>\n<li><a href=\"https:\/\/www.utzac.edu.mx\/wp-content\/uploads\/2024\/10\/Presentaci\u00a2n-Uso-del-Sistema-Inform\u2020tico-de-CS.pdf\">Presentaci\u00f3n Uso del Sistema Inform\u00e1tico de CS<\/a><\/li>\n<li><a href=\"https:\/\/www.utzac.edu.mx\/wp-content\/uploads\/2024\/10\/U006-UTZAC-material-de-capacitacion.pdf\">U006-UTZAC-material de capacitaci\u00f3n<\/a><\/li>\n<li><a href=\"https:\/\/www.utzac.edu.mx\/wp-content\/uploads\/2025\/01\/reunion-2-capacitacion-Comite-U006-UTZAC.pdf\" target=\"_blank\" rel=\"noopener\">Reuni\u00f3n 2 capacitacio\u0301n Comite U006 UTZAC<\/a><\/li>\n<\/ol>\n<p>VI\u2192 Directorio<\/p>\n<ol>\n<li><a href=\"https:\/\/www.utzac.edu.mx\/wp-content\/uploads\/2024\/10\/DGUTyP-U006-CS.pdf\" target=\"_blank\" rel=\"noopener\">Instancia Normativa<\/a><\/li>\n<li>Instancia Ejecutora<\/li>\n<li>Responsable de la Contralor\u00eda Social<\/li>\n<\/ol>\n<p>VII\u2192 Atenci\u00f3n a Quejas y Denuncias<\/p>\n<ol>\n<li><a href=\"https:\/\/www.utzac.edu.mx\/wp-content\/uploads\/2024\/10\/ATENCION-CIUDADANA-SFP-U006-CS.pdf\" target=\"_blank\" rel=\"noopener\">Atenci\u00f3n Ciudadana de la SFP<\/a><\/li>\n<li><a href=\"https:\/\/www.utzac.edu.mx\/wp-content\/uploads\/2024\/10\/DGUTyP-CS-QyD.pdf\" target=\"_blank\" rel=\"noopener\">Atenci\u00f3n de la Instancia Normativa<\/a><\/li>\n<\/ol>\n<p>&nbsp;<\/p>\n<p>&nbsp;<\/p>\n<p>&nbsp;<\/p>\n<\/div>\n<\/div>\n\t\t<\/div> \n\t<\/div> \n<\/div><div class=\"vc_row-full-width\"><\/div>\t<div class=\"vc_row wpb_row vc_row-fluid\"  >\n\t<div class=\"vc_col-sm-12 wpb_column vc_column_container \">\n\t\t<div class=\"wpb_wrapper\">\n\t\t\t\n\t<div class=\"wpb_text_column wpb_content_element \">\n\t\t<div class=\"wpb_wrapper\">\n\t\t\t<p>&nbsp;<\/p>\n\n\t\t<\/div> \n\t<\/div> \n\t\t<\/div> \n\t<\/div> \n<\/div><div class=\"vc_row-full-width\"><\/div>","protected":false},"excerpt":{"rendered":"&nbsp; CONTRALOR\u00cdA SOCIAL DE LA INSTANCIA EJECUTORA, 2024 PROGRAMA SUBSIDIOS PARA ORGANISMOS DESENTRALIZADOS ESTATALES Programa Presupuestario U006 Conforme a lo dispuesto por la Ley General de Desarrollo Social, la Contralor\u00eda Social constituye una pr\u00e1ctica de transparencia, de rendici\u00f3n de cuentas y se convierte en un mecanismo para los beneficiarios, para que de manera organizada verifiquen [...]","protected":false},"author":8,"featured_media":0,"parent":0,"menu_order":0,"comment_status":"closed","ping_status":"closed","template":"","meta":{"_eb_attr":""},"_links":{"self":[{"href":"https:\/\/www.utzac.edu.mx\/index.php?rest_route=\/wp\/v2\/pages\/14584"}],"collection":[{"href":"https:\/\/www.utzac.edu.mx\/index.php?rest_route=\/wp\/v2\/pages"}],"about":[{"href":"https:\/\/www.utzac.edu.mx\/index.php?rest_route=\/wp\/v2\/types\/page"}],"author":[{"embeddable":true,"href":"https:\/\/www.utzac.edu.mx\/index.php?rest_route=\/wp\/v2\/users\/8"}],"replies":[{"embeddable":true,"href":"https:\/\/www.utzac.edu.mx\/index.php?rest_route=%2Fwp%2Fv2%2Fcomments&post=14584"}],"version-history":[{"count":0,"href":"https:\/\/www.utzac.edu.mx\/index.php?rest_route=\/wp\/v2\/pages\/14584\/revisions"}],"wp:attachment":[{"href":"https:\/\/www.utzac.edu.mx\/index.php?rest_route=%2Fwp%2Fv2%2Fmedia&parent=14584"}],"curies":[{"name":"wp","href":"https:\/\/api.w.org\/{rel}","templated":true}]}}