{"id":12249,"date":"2021-07-05T17:02:43","date_gmt":"2021-07-05T22:02:43","guid":{"rendered":"http:\/\/www.utzac.edu.mx\/?page_id=12249"},"modified":"2021-07-08T11:54:21","modified_gmt":"2021-07-08T16:54:21","slug":"noticias","status":"publish","type":"page","link":"https:\/\/www.utzac.edu.mx\/?page_id=12249","title":{"rendered":"Noticias"},"content":{"rendered":"<p style=\"text-align: center;\">Aprende franc\u00e9s y trabaja en Canad\u00e1<\/p>\n<p><a href=\"https:\/\/www.utzac.edu.mx\/wp-content\/uploads\/2021\/07\/Estudia-franc\u00e9s.jpeg\"><img decoding=\"async\" loading=\"lazy\" class=\"aligncenter size-medium wp-image-12282\" src=\"https:\/\/www.utzac.edu.mx\/wp-content\/uploads\/2021\/07\/Estudia-franc\u00e9s-300x300.jpeg\" alt=\"\" width=\"300\" height=\"300\" srcset=\"https:\/\/www.utzac.edu.mx\/wp-content\/uploads\/2021\/07\/Estudia-franc\u00e9s-300x300.jpeg 300w, https:\/\/www.utzac.edu.mx\/wp-content\/uploads\/2021\/07\/Estudia-franc\u00e9s-150x150.jpeg 150w, https:\/\/www.utzac.edu.mx\/wp-content\/uploads\/2021\/07\/Estudia-franc\u00e9s-768x768.jpeg 768w, https:\/\/www.utzac.edu.mx\/wp-content\/uploads\/2021\/07\/Estudia-franc\u00e9s-1024x1024.jpeg 1024w, https:\/\/www.utzac.edu.mx\/wp-content\/uploads\/2021\/07\/Estudia-franc\u00e9s-700x700.jpeg 700w, https:\/\/www.utzac.edu.mx\/wp-content\/uploads\/2021\/07\/Estudia-franc\u00e9s-45x45.jpeg 45w, https:\/\/www.utzac.edu.mx\/wp-content\/uploads\/2021\/07\/Estudia-franc\u00e9s-600x600.jpeg 600w, https:\/\/www.utzac.edu.mx\/wp-content\/uploads\/2021\/07\/Estudia-franc\u00e9s-100x100.jpeg 100w, https:\/\/www.utzac.edu.mx\/wp-content\/uploads\/2021\/07\/Estudia-franc\u00e9s.jpeg 1280w\" sizes=\"(max-width: 300px) 100vw, 300px\" \/><\/a><\/p>\n<p>&nbsp;<\/p>\n<p>&nbsp;<\/p>\n<p>&nbsp;<\/p>\n<hr \/>\n<p style=\"text-align: center;\">\u00bfTe gustar\u00eda estudiar en Australia?<\/p>\n<p><a href=\"https:\/\/www.utzac.edu.mx\/wp-content\/uploads\/2021\/07\/WhatsApp-Image-2021-07-07-at-4.37.17-PM.jpeg\"><img decoding=\"async\" loading=\"lazy\" class=\"size-medium wp-image-12278 alignleft\" src=\"https:\/\/www.utzac.edu.mx\/wp-content\/uploads\/2021\/07\/WhatsApp-Image-2021-07-07-at-4.37.17-PM-300x300.jpeg\" alt=\"\" width=\"300\" height=\"300\" srcset=\"https:\/\/www.utzac.edu.mx\/wp-content\/uploads\/2021\/07\/WhatsApp-Image-2021-07-07-at-4.37.17-PM-300x300.jpeg 300w, https:\/\/www.utzac.edu.mx\/wp-content\/uploads\/2021\/07\/WhatsApp-Image-2021-07-07-at-4.37.17-PM-150x150.jpeg 150w, https:\/\/www.utzac.edu.mx\/wp-content\/uploads\/2021\/07\/WhatsApp-Image-2021-07-07-at-4.37.17-PM-768x768.jpeg 768w, https:\/\/www.utzac.edu.mx\/wp-content\/uploads\/2021\/07\/WhatsApp-Image-2021-07-07-at-4.37.17-PM-1024x1024.jpeg 1024w, https:\/\/www.utzac.edu.mx\/wp-content\/uploads\/2021\/07\/WhatsApp-Image-2021-07-07-at-4.37.17-PM-700x700.jpeg 700w, https:\/\/www.utzac.edu.mx\/wp-content\/uploads\/2021\/07\/WhatsApp-Image-2021-07-07-at-4.37.17-PM-45x45.jpeg 45w, https:\/\/www.utzac.edu.mx\/wp-content\/uploads\/2021\/07\/WhatsApp-Image-2021-07-07-at-4.37.17-PM-600x600.jpeg 600w, https:\/\/www.utzac.edu.mx\/wp-content\/uploads\/2021\/07\/WhatsApp-Image-2021-07-07-at-4.37.17-PM-100x100.jpeg 100w, https:\/\/www.utzac.edu.mx\/wp-content\/uploads\/2021\/07\/WhatsApp-Image-2021-07-07-at-4.37.17-PM.jpeg 1280w\" sizes=\"(max-width: 300px) 100vw, 300px\" \/><\/a>Es tiempo de empezar a planearlo. Para eso te ser\u00e1 super \u00fatil participar en la feria de educaci\u00f3n que se llevara a cabo en formato digital este mi\u00e9rcoles &#8211; (tiempo del centro de Mexico). Representantes de trece instituciones australianas y del Gobierno de Australia podr\u00e1n orientarte. Reg\u00edstrate en este <a href=\"https:\/\/www.eventbrite.com\/e\/feria-educativa-destino-australia-y-nueva-zelandia-tickets-161139054249\">link https:\/\/lnkd.in\/euyNXav #australia #studyinaustralia<\/a><\/p>\n<p>&nbsp;<\/p>\n<p>&nbsp;<\/p>\n<p>&nbsp;<\/p>\n<p>&nbsp;<\/p>\n<p>&nbsp;<\/p>\n<p>&nbsp;<\/p>\n<p>&nbsp;<\/p>\n<hr \/>\n<p style=\"text-align: center;\">La UTZAC sede de la Reuni\u00f3n Nacional de Directores de Administraci\u00f3n<\/p>\n<p style=\"text-align: justify;\">El pasado viernes 25 de junio, la Universidad Tecnol\u00f3gica del Estado de Zacatecas fue sede de la Reuni\u00f3n Nacional de Directores de las carreras de Administraci\u00f3n. Evento realizado de manera virtual y en el que participaron 55 instituciones del subsistema de Universidades Tecnol\u00f3gicas.<\/p>\n<p style=\"text-align: justify;\">La bienvenida corri\u00f3 a cargo de la Rectora de la UTZAC, M.E.\u00a0 Patricia del Carmen Bernal Larralde, as\u00ed como la Coordinadora Nacional de la familia de carreras de Administraci\u00f3n, M.A. Karina Silva Herrera, de la Universidad Tecnol\u00f3gica de Parral; quienes destacaron la importancia de compartir experiencias en beneficio de los estudiantes.<\/p>\n<p style=\"text-align: justify;\">Los temas nodales de la reuni\u00f3n fueron el XVII Congreso Nacional de Administraci\u00f3n, as\u00ed como las pr\u00e1cticas de retorno seguro a clases presenciales. Trabajos con lo que directoras y directores de esta carrera preparan de manera compartida el regreso a las aulas, as\u00ed como la participaci\u00f3n de los estudiantes en eventos de relevancia nacional.\u00a0<\/p>\n<p>&nbsp;<\/p>\n<p style=\"text-align: right;\">Guadalupe, Zacatecas; a 2 de julio de 2021.<\/p>\n<p style=\"text-align: right;\">COM-105<\/p>\n<p>&nbsp;<\/p>\n<p>&nbsp;<\/p>\n<hr \/>\n<p style=\"text-align: center;\"><strong>Apoya UTZAC al deporte en Guadalupe <\/strong><\/p>\n<p style=\"text-align: justify;\">Como parte de su compromiso social, este fin de semana la Universidad Tecnol\u00f3gica del Estado de Zacatecas instal\u00f3 puntos de hidrataci\u00f3n en la carrera pedestre y de ciclismo de monta\u00f1a.<\/p>\n<p style=\"text-align: justify;\">El s\u00e1bado por la tarde se realiz\u00f3 la carrera a pie de 5 kil\u00f3metros \u201cSue\u00f1o Ol\u00edmpico\u201d, organizada por el Ayuntamiento de Zacatecas y como despedida de la marchista Ilse Guerrero quien a partir de hoy inicia su concentraci\u00f3n rumbo a Juegos Ol\u00edmpicos.<\/p>\n<p style=\"text-align: justify;\">Mientras que el domingo por la ma\u00f1ana tuvo lugar la carrera de ciclismo de monta\u00f1a organizada por el Club Gal\u00e1pagos que arranc\u00f3 en la laguna de La Zacatecana para un recorrido de 45 kil\u00f3metros, donde adem\u00e1s de la hidrataci\u00f3n se instal\u00f3 una carpa de rehabilitaci\u00f3n f\u00edsica, operada por una egresada de esta carrera, as\u00ed como 6 estudiantes en periodo de estad\u00eda.<\/p>\n<p style=\"text-align: justify;\">Refrendando as\u00ed el compromiso de trabajar m\u00e1s all\u00e1 de sus muros para estar cerca de la ciudadan\u00eda en actividades de beneficio social. Somos linces. Mente sana en cuerpo sano.\u00a0\u00a0\u00a0\u00a0<\/p>\n<p>&nbsp;<\/p>\n<p style=\"text-align: right;\">Guadalupe, Zacatecas; a 5 de julio de 2021.<\/p>\n<p style=\"text-align: right;\">COM-106<\/p>\n<p><a href=\"https:\/\/www.utzac.edu.mx\/wp-content\/uploads\/2021\/07\/UTZAC-MTB-2.jpeg\"><img decoding=\"async\" loading=\"lazy\" class=\"size-medium wp-image-12252 alignleft\" src=\"https:\/\/www.utzac.edu.mx\/wp-content\/uploads\/2021\/07\/UTZAC-MTB-2-300x169.jpeg\" alt=\"\" width=\"300\" height=\"169\" srcset=\"https:\/\/www.utzac.edu.mx\/wp-content\/uploads\/2021\/07\/UTZAC-MTB-2-300x169.jpeg 300w, https:\/\/www.utzac.edu.mx\/wp-content\/uploads\/2021\/07\/UTZAC-MTB-2-768x432.jpeg 768w, https:\/\/www.utzac.edu.mx\/wp-content\/uploads\/2021\/07\/UTZAC-MTB-2-1024x576.jpeg 1024w, https:\/\/www.utzac.edu.mx\/wp-content\/uploads\/2021\/07\/UTZAC-MTB-2-700x394.jpeg 700w, https:\/\/www.utzac.edu.mx\/wp-content\/uploads\/2021\/07\/UTZAC-MTB-2-600x338.jpeg 600w, https:\/\/www.utzac.edu.mx\/wp-content\/uploads\/2021\/07\/UTZAC-MTB-2.jpeg 1600w\" sizes=\"(max-width: 300px) 100vw, 300px\" \/><\/a> <a href=\"https:\/\/www.utzac.edu.mx\/wp-content\/uploads\/2021\/07\/UTZAC-MTB-3.jpeg\"><img decoding=\"async\" loading=\"lazy\" class=\"size-medium wp-image-12253 alignleft\" src=\"https:\/\/www.utzac.edu.mx\/wp-content\/uploads\/2021\/07\/UTZAC-MTB-3-300x169.jpeg\" alt=\"\" width=\"300\" height=\"169\" srcset=\"https:\/\/www.utzac.edu.mx\/wp-content\/uploads\/2021\/07\/UTZAC-MTB-3-300x169.jpeg 300w, https:\/\/www.utzac.edu.mx\/wp-content\/uploads\/2021\/07\/UTZAC-MTB-3-768x432.jpeg 768w, https:\/\/www.utzac.edu.mx\/wp-content\/uploads\/2021\/07\/UTZAC-MTB-3-1024x576.jpeg 1024w, https:\/\/www.utzac.edu.mx\/wp-content\/uploads\/2021\/07\/UTZAC-MTB-3-700x394.jpeg 700w, https:\/\/www.utzac.edu.mx\/wp-content\/uploads\/2021\/07\/UTZAC-MTB-3-600x338.jpeg 600w, https:\/\/www.utzac.edu.mx\/wp-content\/uploads\/2021\/07\/UTZAC-MTB-3.jpeg 1600w\" sizes=\"(max-width: 300px) 100vw, 300px\" \/><\/a> <a href=\"https:\/\/www.utzac.edu.mx\/wp-content\/uploads\/2021\/07\/UTZAC-MTB-6.jpeg\"><img decoding=\"async\" loading=\"lazy\" class=\"size-medium wp-image-12254 alignleft\" src=\"https:\/\/www.utzac.edu.mx\/wp-content\/uploads\/2021\/07\/UTZAC-MTB-6-300x169.jpeg\" alt=\"\" width=\"300\" height=\"169\" srcset=\"https:\/\/www.utzac.edu.mx\/wp-content\/uploads\/2021\/07\/UTZAC-MTB-6-300x169.jpeg 300w, https:\/\/www.utzac.edu.mx\/wp-content\/uploads\/2021\/07\/UTZAC-MTB-6-768x432.jpeg 768w, https:\/\/www.utzac.edu.mx\/wp-content\/uploads\/2021\/07\/UTZAC-MTB-6-1024x576.jpeg 1024w, https:\/\/www.utzac.edu.mx\/wp-content\/uploads\/2021\/07\/UTZAC-MTB-6-700x394.jpeg 700w, https:\/\/www.utzac.edu.mx\/wp-content\/uploads\/2021\/07\/UTZAC-MTB-6-600x338.jpeg 600w, https:\/\/www.utzac.edu.mx\/wp-content\/uploads\/2021\/07\/UTZAC-MTB-6.jpeg 1600w\" sizes=\"(max-width: 300px) 100vw, 300px\" \/><\/a> <a href=\"https:\/\/www.utzac.edu.mx\/wp-content\/uploads\/2021\/07\/UTZAC-MTB-1.jpeg\"><img decoding=\"async\" loading=\"lazy\" class=\"size-medium wp-image-12255 alignleft\" src=\"https:\/\/www.utzac.edu.mx\/wp-content\/uploads\/2021\/07\/UTZAC-MTB-1-300x169.jpeg\" alt=\"\" width=\"300\" height=\"169\" srcset=\"https:\/\/www.utzac.edu.mx\/wp-content\/uploads\/2021\/07\/UTZAC-MTB-1-300x169.jpeg 300w, https:\/\/www.utzac.edu.mx\/wp-content\/uploads\/2021\/07\/UTZAC-MTB-1-768x432.jpeg 768w, https:\/\/www.utzac.edu.mx\/wp-content\/uploads\/2021\/07\/UTZAC-MTB-1-1024x576.jpeg 1024w, https:\/\/www.utzac.edu.mx\/wp-content\/uploads\/2021\/07\/UTZAC-MTB-1-700x394.jpeg 700w, https:\/\/www.utzac.edu.mx\/wp-content\/uploads\/2021\/07\/UTZAC-MTB-1-600x338.jpeg 600w, https:\/\/www.utzac.edu.mx\/wp-content\/uploads\/2021\/07\/UTZAC-MTB-1.jpeg 1600w\" sizes=\"(max-width: 300px) 100vw, 300px\" \/><\/a> <a href=\"https:\/\/www.utzac.edu.mx\/wp-content\/uploads\/2021\/07\/UTZAC-MTB-9.jpeg\"><img decoding=\"async\" loading=\"lazy\" class=\"size-medium wp-image-12256 alignleft\" src=\"https:\/\/www.utzac.edu.mx\/wp-content\/uploads\/2021\/07\/UTZAC-MTB-9-300x225.jpeg\" alt=\"\" width=\"300\" height=\"225\" srcset=\"https:\/\/www.utzac.edu.mx\/wp-content\/uploads\/2021\/07\/UTZAC-MTB-9-300x225.jpeg 300w, https:\/\/www.utzac.edu.mx\/wp-content\/uploads\/2021\/07\/UTZAC-MTB-9-768x576.jpeg 768w, https:\/\/www.utzac.edu.mx\/wp-content\/uploads\/2021\/07\/UTZAC-MTB-9.jpeg 1024w, https:\/\/www.utzac.edu.mx\/wp-content\/uploads\/2021\/07\/UTZAC-MTB-9-700x525.jpeg 700w, https:\/\/www.utzac.edu.mx\/wp-content\/uploads\/2021\/07\/UTZAC-MTB-9-600x450.jpeg 600w\" sizes=\"(max-width: 300px) 100vw, 300px\" \/><\/a> <a href=\"https:\/\/www.utzac.edu.mx\/wp-content\/uploads\/2021\/07\/SO-4.jpeg\"><img decoding=\"async\" loading=\"lazy\" class=\"size-medium wp-image-12257 alignleft\" src=\"https:\/\/www.utzac.edu.mx\/wp-content\/uploads\/2021\/07\/SO-4-300x169.jpeg\" alt=\"\" width=\"300\" height=\"169\" srcset=\"https:\/\/www.utzac.edu.mx\/wp-content\/uploads\/2021\/07\/SO-4-300x169.jpeg 300w, https:\/\/www.utzac.edu.mx\/wp-content\/uploads\/2021\/07\/SO-4-768x432.jpeg 768w, https:\/\/www.utzac.edu.mx\/wp-content\/uploads\/2021\/07\/SO-4-1024x576.jpeg 1024w, https:\/\/www.utzac.edu.mx\/wp-content\/uploads\/2021\/07\/SO-4-700x394.jpeg 700w, https:\/\/www.utzac.edu.mx\/wp-content\/uploads\/2021\/07\/SO-4-600x338.jpeg 600w, https:\/\/www.utzac.edu.mx\/wp-content\/uploads\/2021\/07\/SO-4.jpeg 1600w\" sizes=\"(max-width: 300px) 100vw, 300px\" \/><\/a><\/p>\n<p>&nbsp;<\/p>\n<p>&nbsp;<\/p>\n<p>&nbsp;<\/p>\n<p>&nbsp;<\/p>\n<p>&nbsp;<\/p>\n<p>&nbsp;<\/p>\n<p>&nbsp;<\/p>\n<p>&nbsp;<\/p>\n<p>&nbsp;<\/p>\n<p>&nbsp;<\/p>\n<p>&nbsp;<\/p>\n<hr \/>\n<p>&nbsp;<\/p>\n<p>&nbsp;<\/p>\n<p style=\"text-align: center;\"><strong>Ofrece Canacintra vinculaci\u00f3n empresarial para estudiantes universitarios<\/strong><\/p>\n<p style=\"text-align: justify;\">Al reconocer que los mejores logros econ\u00f3micos y sociales son, y han sido posibles, a partir de la alianza entre el sector educativo y el sector empresarial, integrantes de la C\u00e1mara Nacional de la Industria de la Transformaci\u00f3n realizaron la primera reuni\u00f3n de acercamiento con el sector educativo superior del Estado de Zacatecas, en el que estuvo presente la Universidad Tecnol\u00f3gica del Estado de Zacatecas.\u00a0<\/p>\n<p style=\"text-align: justify;\">Reuni\u00f3n de trabajo que fue encabezada por la Presidenta de Canacintra Zacatecas, Sara Abigail Hern\u00e1ndez Urenda y liderada por la Titular del Comit\u00e9 de Vinculaci\u00f3n Educativa de la C\u00e1mara, Susana Ram\u00edrez Fermat, a la cual acudi\u00f3 la Subdirectora Acad\u00e9mica \u00a0de la UTZAC, Lilia Bautista Santiago, en representaci\u00f3n de nuestra Universidad, para conocer la propuesta de trabajo que se llevar\u00e1 a cabo para vincular de manera productiva a los estudiantes con el sector empresarial.<\/p>\n<p>&nbsp;<\/p>\n<p style=\"text-align: right;\">Guadalupe, Zacatecas; a 5 de julio de 2021.<\/p>\n<p style=\"text-align: right;\">COM-107<\/p>\n<p><a href=\"https:\/\/www.utzac.edu.mx\/wp-content\/uploads\/2021\/07\/Canacintra-1.jpg\"><img decoding=\"async\" loading=\"lazy\" class=\"size-medium wp-image-12266 alignleft\" src=\"https:\/\/www.utzac.edu.mx\/wp-content\/uploads\/2021\/07\/Canacintra-1-300x200.jpg\" alt=\"\" width=\"300\" height=\"200\" srcset=\"https:\/\/www.utzac.edu.mx\/wp-content\/uploads\/2021\/07\/Canacintra-1-300x200.jpg 300w, https:\/\/www.utzac.edu.mx\/wp-content\/uploads\/2021\/07\/Canacintra-1-768x512.jpg 768w, https:\/\/www.utzac.edu.mx\/wp-content\/uploads\/2021\/07\/Canacintra-1-1024x683.jpg 1024w, https:\/\/www.utzac.edu.mx\/wp-content\/uploads\/2021\/07\/Canacintra-1-700x467.jpg 700w, https:\/\/www.utzac.edu.mx\/wp-content\/uploads\/2021\/07\/Canacintra-1-600x400.jpg 600w, https:\/\/www.utzac.edu.mx\/wp-content\/uploads\/2021\/07\/Canacintra-1.jpg 1790w\" sizes=\"(max-width: 300px) 100vw, 300px\" \/><\/a> <a href=\"https:\/\/www.utzac.edu.mx\/wp-content\/uploads\/2021\/07\/Canacintra-3.jpg\"><img decoding=\"async\" loading=\"lazy\" class=\"size-medium wp-image-12265 alignleft\" src=\"https:\/\/www.utzac.edu.mx\/wp-content\/uploads\/2021\/07\/Canacintra-3-300x200.jpg\" alt=\"\" width=\"300\" height=\"200\" srcset=\"https:\/\/www.utzac.edu.mx\/wp-content\/uploads\/2021\/07\/Canacintra-3-300x200.jpg 300w, https:\/\/www.utzac.edu.mx\/wp-content\/uploads\/2021\/07\/Canacintra-3-768x512.jpg 768w, https:\/\/www.utzac.edu.mx\/wp-content\/uploads\/2021\/07\/Canacintra-3-1024x683.jpg 1024w, https:\/\/www.utzac.edu.mx\/wp-content\/uploads\/2021\/07\/Canacintra-3-700x467.jpg 700w, https:\/\/www.utzac.edu.mx\/wp-content\/uploads\/2021\/07\/Canacintra-3-600x400.jpg 600w, https:\/\/www.utzac.edu.mx\/wp-content\/uploads\/2021\/07\/Canacintra-3.jpg 1808w\" sizes=\"(max-width: 300px) 100vw, 300px\" \/><\/a> <a href=\"https:\/\/www.utzac.edu.mx\/wp-content\/uploads\/2021\/07\/Canacintra-2.jpg\"><img decoding=\"async\" loading=\"lazy\" class=\"size-medium wp-image-12264 alignleft\" src=\"https:\/\/www.utzac.edu.mx\/wp-content\/uploads\/2021\/07\/Canacintra-2-300x200.jpg\" alt=\"\" width=\"300\" height=\"200\" srcset=\"https:\/\/www.utzac.edu.mx\/wp-content\/uploads\/2021\/07\/Canacintra-2-300x200.jpg 300w, https:\/\/www.utzac.edu.mx\/wp-content\/uploads\/2021\/07\/Canacintra-2-768x512.jpg 768w, https:\/\/www.utzac.edu.mx\/wp-content\/uploads\/2021\/07\/Canacintra-2-1024x683.jpg 1024w, https:\/\/www.utzac.edu.mx\/wp-content\/uploads\/2021\/07\/Canacintra-2-700x467.jpg 700w, https:\/\/www.utzac.edu.mx\/wp-content\/uploads\/2021\/07\/Canacintra-2-600x400.jpg 600w, https:\/\/www.utzac.edu.mx\/wp-content\/uploads\/2021\/07\/Canacintra-2.jpg 1632w\" sizes=\"(max-width: 300px) 100vw, 300px\" \/><\/a><\/p>\n<p>&nbsp;<\/p>\n<p>&nbsp;<\/p>\n<p>&nbsp;<\/p>\n<p>&nbsp;<\/p>\n<p><a href=\"https:\/\/www.utzac.edu.mx\/wp-content\/uploads\/2021\/07\/Canacintra-2.jpg\">\u00a0<\/a><\/p>\n<p>&nbsp;<\/p>\n<p>&nbsp;<\/p>\n<hr \/>\n<p>&nbsp;<\/p>\n<p style=\"text-align: center;\">\u00bfNecesitas apoyo psicopedag\u00f3gico? Ac\u00e9rcate con nosotros<\/p>\n<p><a href=\"https:\/\/www.utzac.edu.mx\/wp-content\/uploads\/2021\/07\/Ficha-descriptiva_\u00c1REA-DE-APOYO-PSICOPEDAG\u00d3GICO_UTZAC.jpg\"><img decoding=\"async\" loading=\"lazy\" class=\"aligncenter wp-image-12270 size-large\" src=\"https:\/\/www.utzac.edu.mx\/wp-content\/uploads\/2021\/07\/Ficha-descriptiva_\u00c1REA-DE-APOYO-PSICOPEDAG\u00d3GICO_UTZAC-791x1024.jpg\" alt=\"\" width=\"791\" height=\"1024\" srcset=\"https:\/\/www.utzac.edu.mx\/wp-content\/uploads\/2021\/07\/Ficha-descriptiva_\u00c1REA-DE-APOYO-PSICOPEDAG\u00d3GICO_UTZAC-791x1024.jpg 791w, https:\/\/www.utzac.edu.mx\/wp-content\/uploads\/2021\/07\/Ficha-descriptiva_\u00c1REA-DE-APOYO-PSICOPEDAG\u00d3GICO_UTZAC-232x300.jpg 232w, https:\/\/www.utzac.edu.mx\/wp-content\/uploads\/2021\/07\/Ficha-descriptiva_\u00c1REA-DE-APOYO-PSICOPEDAG\u00d3GICO_UTZAC-768x994.jpg 768w, https:\/\/www.utzac.edu.mx\/wp-content\/uploads\/2021\/07\/Ficha-descriptiva_\u00c1REA-DE-APOYO-PSICOPEDAG\u00d3GICO_UTZAC-700x906.jpg 700w, https:\/\/www.utzac.edu.mx\/wp-content\/uploads\/2021\/07\/Ficha-descriptiva_\u00c1REA-DE-APOYO-PSICOPEDAG\u00d3GICO_UTZAC-600x776.jpg 600w, https:\/\/www.utzac.edu.mx\/wp-content\/uploads\/2021\/07\/Ficha-descriptiva_\u00c1REA-DE-APOYO-PSICOPEDAG\u00d3GICO_UTZAC.jpg 1275w\" sizes=\"(max-width: 791px) 100vw, 791px\" \/><\/a><\/p>\n<hr \/>\n<p>&nbsp;<\/p>\n<p>&nbsp;<\/p>\n<p>&nbsp;<\/p>","protected":false},"excerpt":{"rendered":"<p>Aprende franc\u00e9s y trabaja en Canad\u00e1 &nbsp; &nbsp; &nbsp; \u00bfTe gustar\u00eda estudiar en Australia? Es tiempo de empezar a planearlo. Para eso te ser\u00e1 super \u00fatil participar en la feria de educaci\u00f3n que se llevara a cabo en formato digital este mi\u00e9rcoles &#8211; (tiempo del centro de Mexico). Representantes de trece instituciones australianas y del [&hellip;]<\/p>\n","protected":false},"author":8,"featured_media":0,"parent":0,"menu_order":0,"comment_status":"closed","ping_status":"closed","template":"","meta":[],"_links":{"self":[{"href":"https:\/\/www.utzac.edu.mx\/index.php?rest_route=\/wp\/v2\/pages\/12249"}],"collection":[{"href":"https:\/\/www.utzac.edu.mx\/index.php?rest_route=\/wp\/v2\/pages"}],"about":[{"href":"https:\/\/www.utzac.edu.mx\/index.php?rest_route=\/wp\/v2\/types\/page"}],"author":[{"embeddable":true,"href":"https:\/\/www.utzac.edu.mx\/index.php?rest_route=\/wp\/v2\/users\/8"}],"replies":[{"embeddable":true,"href":"https:\/\/www.utzac.edu.mx\/index.php?rest_route=%2Fwp%2Fv2%2Fcomments&post=12249"}],"version-history":[{"count":0,"href":"https:\/\/www.utzac.edu.mx\/index.php?rest_route=\/wp\/v2\/pages\/12249\/revisions"}],"wp:attachment":[{"href":"https:\/\/www.utzac.edu.mx\/index.php?rest_route=%2Fwp%2Fv2%2Fmedia&parent=12249"}],"curies":[{"name":"wp","href":"https:\/\/api.w.org\/{rel}","templated":true}]}}