{"id":12095,"date":"2021-03-24T13:24:24","date_gmt":"2021-03-24T19:24:24","guid":{"rendered":"http:\/\/www.utzac.edu.mx\/?page_id=12095"},"modified":"2021-03-24T13:24:24","modified_gmt":"2021-03-24T19:24:24","slug":"gestion-del-capital-humano","status":"publish","type":"page","link":"https:\/\/www.utzac.edu.mx\/?page_id=12095","title":{"rendered":"Gesti\u00f3n del Capital Humano"},"content":{"rendered":"<h5 style=\"text-align: center;\">PERFIL PROFESIONAL<\/h5>\n<h5 style=\"text-align: center;\">LICENCIATURA EN GESTI\u00d3N DEL CAPITAL HUMANO<\/h5>\n<p style=\"text-align: center;\">EN COMPETENCIAS PROFESIONALES<\/p>\n<p style=\"text-align: center;\">Versi\u00f3n Ejecutiva<\/p>\n<p style=\"text-align: center;\"><strong>PRESENTACI\u00d3N<\/strong><\/p>\n<p style=\"text-align: justify;\"><strong>\u00a0<\/strong>El Licenciado en Gesti\u00f3n del Capital Humano cuenta con las competencias profesionales necesarias para su desempe\u00f1o en el campo laboral, en el \u00e1mbito local, regional y nacional.<\/p>\n<p style=\"text-align: center;\"><strong>\u00a0<\/strong><strong>COMPETENCIAS PROFESIONALES<\/strong><\/p>\n<p style=\"text-align: justify;\">Las competencias profesionales son las destrezas y actitudes que permiten al Licenciado desarrollar actividades en su \u00e1rea profesional, adaptarse a nuevas situaciones, as\u00ed como transferir, si es necesario, sus conocimientos, habilidades y actitudes a \u00e1reas profesionales pr\u00f3ximas.<\/p>\n<p><strong>Competencias Gen\u00e9ricas:<\/strong><\/p>\n<p style=\"text-align: justify;\">Capacidad de an\u00e1lisis y s\u00edntesis, habilidades para la investigaci\u00f3n b\u00e1sica, las capacidades individuales y las destrezas sociales; las habilidades gerenciales y las habilidades para comunicarse en un segundo idioma.<\/p>\n<p><strong>Competencia Espec\u00edfica: <\/strong><\/p>\n<p style=\"text-align: justify;\"><strong>1. <\/strong><strong>Dirigir y gestionar el capital humano a trav\u00e9s de estrategias de desarrollo organizacional, modelos de trabajo, servicios de consultor\u00eda, administraci\u00f3n de sistemas de calidad y buenas pr\u00e1cticas organizacionales conforme al marco normativo vigente, \u00e9tica y valores, para contribuir al bienestar del personal y al incremento de la productividad de la organizaci\u00f3n.<\/strong><\/p>\n<p style=\"text-align: justify;\">1.1 Potenciar el capital humano\u00a0\u00a0\u00a0\u00a0\u00a0 mediante la implementaci\u00f3n de t\u00e9cnicas y herramientas de coaching, inteligencia emocional, an\u00e1lisis de brecha etaria, modelos de consultor\u00eda, gesti\u00f3n de personas, para contribuir al equilibrio entre el trabajo y vida personal en las organizaciones.<\/p>\n<p style=\"text-align: justify;\">1.2 Desarrollar cursos de capacitaci\u00f3n tomando en cuenta los est\u00e1ndares aplicables de competencias laborales y metodolog\u00edas de la ense\u00f1anza, para fortalecer la competitividad del capital humano en las organizaciones.<\/p>\n<p style=\"text-align: justify;\">1.3 Coordinar sistemas de gesti\u00f3n de la calidad a trav\u00e9s del dise\u00f1o de indicadores, control de registros, proceso de auditor\u00eda y uso de herramientas tecnol\u00f3gicas, con base en la normatividad aplicable, para la mejora continua de la organizaci\u00f3n<strong>.<\/strong><\/p>\n<p style=\"text-align: center;\"><strong>\u00a0<\/strong><strong>ESCENARIOS DE ACTUACI\u00d3N<\/strong><\/p>\n<p><strong>\u00a0<\/strong>El Licenciado en Gesti\u00f3n del Capital Humano podr\u00e1 desenvolverse en:<\/p>\n<ul>\n<li>Empresas p\u00fablicas y privadas<\/li>\n<li>Empresas peque\u00f1as, medianas, grandes y microempresas<\/li>\n<li>Empresas de consultor\u00eda en materia de capital humano<\/li>\n<li>Instituciones privadas sin fines de lucro<\/li>\n<li>Instituciones no gubernamentales<\/li>\n<li>Instituciones especializadas en capital humano<\/li>\n<li>Su propia empresa<\/li>\n<\/ul>\n<p style=\"text-align: center;\"><strong>\u00a0<\/strong><strong>OCUPACIONES PROFESIONALES<\/strong><\/p>\n<p><strong>\u00a0<\/strong>El Licenciado en Gesti\u00f3n del Capital Humano, podr\u00e1 desempe\u00f1arse como:<\/p>\n<ul>\n<li>Jefe de reclutamiento y selecci\u00f3n<\/li>\n<li>Jefe de capacitaci\u00f3n y adiestramiento<\/li>\n<li>Jefe de n\u00f3mina<\/li>\n<li>Consultor de organizaciones en el \u00e1rea de capital humano<\/li>\n<li>Generalista de capital humano<\/li>\n<li>Coordinador de gesti\u00f3n de calidad<\/li>\n<li>Gerente<\/li>\n<\/ul>\n<div class=\"su-document su-u-responsive-media-yes\"><iframe src=\"\/\/docs.google.com\/viewer?embedded=true&url=https:\/\/www.utzac.edu.mx\/wp-content\/uploads\/2021\/03\/MAPA-CUATRIMESTRAL-LGCH.pdf\" width=\"600\" height=\"400\" class=\"su-document\" title=\"\"><\/iframe><\/div>\n<p>&nbsp;<\/p>","protected":false},"excerpt":{"rendered":"<p>PERFIL PROFESIONAL LICENCIATURA EN GESTI\u00d3N DEL CAPITAL HUMANO EN COMPETENCIAS PROFESIONALES Versi\u00f3n Ejecutiva PRESENTACI\u00d3N \u00a0El Licenciado en Gesti\u00f3n del Capital Humano cuenta con las competencias profesionales necesarias para su desempe\u00f1o en el campo laboral, en el \u00e1mbito local, regional y nacional. \u00a0COMPETENCIAS PROFESIONALES Las competencias profesionales son las destrezas y actitudes que permiten al Licenciado [&hellip;]<\/p>\n","protected":false},"author":8,"featured_media":0,"parent":0,"menu_order":0,"comment_status":"closed","ping_status":"closed","template":"","meta":[],"_links":{"self":[{"href":"https:\/\/www.utzac.edu.mx\/index.php?rest_route=\/wp\/v2\/pages\/12095"}],"collection":[{"href":"https:\/\/www.utzac.edu.mx\/index.php?rest_route=\/wp\/v2\/pages"}],"about":[{"href":"https:\/\/www.utzac.edu.mx\/index.php?rest_route=\/wp\/v2\/types\/page"}],"author":[{"embeddable":true,"href":"https:\/\/www.utzac.edu.mx\/index.php?rest_route=\/wp\/v2\/users\/8"}],"replies":[{"embeddable":true,"href":"https:\/\/www.utzac.edu.mx\/index.php?rest_route=%2Fwp%2Fv2%2Fcomments&post=12095"}],"version-history":[{"count":0,"href":"https:\/\/www.utzac.edu.mx\/index.php?rest_route=\/wp\/v2\/pages\/12095\/revisions"}],"wp:attachment":[{"href":"https:\/\/www.utzac.edu.mx\/index.php?rest_route=%2Fwp%2Fv2%2Fmedia&parent=12095"}],"curies":[{"name":"wp","href":"https:\/\/api.w.org\/{rel}","templated":true}]}}