{"id":11998,"date":"2021-03-03T14:37:34","date_gmt":"2021-03-03T20:37:34","guid":{"rendered":"http:\/\/www.utzac.edu.mx\/?page_id=11998"},"modified":"2021-03-03T14:37:34","modified_gmt":"2021-03-03T20:37:34","slug":"profexce-2020","status":"publish","type":"page","link":"https:\/\/www.utzac.edu.mx\/?page_id=11998","title":{"rendered":"PROFEXCE 2020"},"content":{"rendered":"<div class=\"vc_row wpb_row vc_row-fluid\"  >\n\t<div class=\"vc_col-sm-12 wpb_column vc_column_container \">\n\t\t<div class=\"wpb_wrapper\">\n\t\t\t\n\t<div class=\"wpb_text_column wpb_content_element \">\n\t\t<div class=\"wpb_wrapper\">\n\t\t\t\n\t\t<\/div> \n\t<\/div> \r\n<p><a href=\"https:\/\/www.utzac.edu.mx\/wp-content\/uploads\/2019\/08\/logo-contralor\u00eda-social.jpg\"><img decoding=\"async\" loading=\"lazy\" class=\"aligncenter  wp-image-10897\" src=\"https:\/\/www.utzac.edu.mx\/wp-content\/uploads\/2019\/08\/logo-contralor\u00eda-social-300x75.jpg\" alt=\"\" width=\"500\" height=\"125\" srcset=\"https:\/\/www.utzac.edu.mx\/wp-content\/uploads\/2019\/08\/logo-contralor\u00eda-social-300x75.jpg 300w, https:\/\/www.utzac.edu.mx\/wp-content\/uploads\/2019\/08\/logo-contralor\u00eda-social-750x189.jpg 750w, https:\/\/www.utzac.edu.mx\/wp-content\/uploads\/2019\/08\/logo-contralor\u00eda-social-700x175.jpg 700w, https:\/\/www.utzac.edu.mx\/wp-content\/uploads\/2019\/08\/logo-contralor\u00eda-social-600x150.jpg 600w, https:\/\/www.utzac.edu.mx\/wp-content\/uploads\/2019\/08\/logo-contralor\u00eda-social.jpg 756w\" sizes=\"(max-width: 500px) 100vw, 500px\" \/><\/a><\/p>\r\n<div>\r\n<h2 style=\"text-align: center;\"><strong>CONTRALOR\u00cdA SOCIAL DE LA INSTANCIA<\/strong><\/h2>\r\n<h2 style=\"text-align: center;\"><strong>EJECUTORA, 2020<\/strong><\/h2>\r\n<h2 style=\"text-align: center;\"><strong>PROGRAMA DE FORTALECIMIENTO DE LA CALIDAD EDUCATIVA<\/strong><\/h2>\r\n<h2 style=\"text-align: center;\"><strong>(PROFEXCE) 2020<\/strong><\/h2>\r\n<p style=\"text-align: justify;\"><span style=\"font-size: 20px;\">Conforme a lo dispuesto por la Ley General de Desarrollo Social, la Contralor\u00eda Social constituye una pr\u00e1ctica de transparencia, de rendici\u00f3n de cuentas y se convierte en un mecanismo para los beneficiarios, para que de manera organizada verifiquen el cumplimiento de las metas y la correcta aplicaci\u00f3n de los recursos p\u00fablicos asignados a diferentes Programas Federales.<\/span><\/p>\r\n<p>Enlace de la contralor\u00eda Social PFCE<\/p>\r\n<p>Dr. Tirzo Noel Pacheco Delgado<\/p>\r\n<p>Director de PE en Desarrollo de Negocios<\/p>\r\n<p>Director de PE en Administraci\u00f3n<\/p>\r\n<p>Tel. (492)9276180 al 84 ext. 110<\/p>\r\n<p>&nbsp;<\/p>\r\n<p>\u00abEste programa es p\u00fablico ajeno a cualquier partido pol\u00edtico. Queda prohibido el uso para fines distintos a los establecidos en el programa. Quien haga uso indebido de los recursos de este programa deber\u00e1 ser denunciado y sancionado con la ley aplicable y ante la autoridad competente\u00bb.<\/p>\r\n<\/div>\r\n<div class=\"vc_toggle vc_toggle_arrow vc_toggle_color_Default  vc_toggle_size_md\">\n\t<div class=\"vc_toggle_title\"><h4>2020<\/h4><i class=\"vc_toggle_icon\"><\/i><\/div>\n\t<div class=\"vc_toggle_content\"><p>\u2192 Documentos<\/p>\n<ol>\n<li><a href=\"https:\/\/www.utzac.edu.mx\/wp-content\/uploads\/2021\/03\/ESQ-PROFEXCE-CS-2020.pdf\" target=\"_blank\" rel=\"noopener\">Esquema de CS<\/a><\/li>\n<li><a href=\"https:\/\/www.utzac.edu.mx\/wp-content\/uploads\/2021\/03\/G-OP-PROFEXCE-CS-2020.pdf\" target=\"_blank\" rel=\"noopener\">Gu\u00eda Operativa de Contralor\u00eda Social 2020<\/a><\/li>\n<li><a href=\"https:\/\/www.utzac.edu.mx\/wp-content\/uploads\/2021\/03\/PATCS-PROFEXCE-2020.pdf\">Programa Anual de Trabajo de Contralor\u00eda Social (PATCS) y su Seguimiento 2020<\/a><\/li>\n<li><a href=\"https:\/\/www.utzac.edu.mx\/wp-content\/uploads\/2021\/03\/PITCS-PROFEXCE-UTZAC.pdf\" target=\"_blank\" rel=\"noopener\">Programa Institucional de Trabajo de Contralor\u00eda Social (PITCS) y su Seguimiento 2020<\/a><\/li>\n<\/ol>\n<p>\u2192 Formatos<\/p>\n<ol>\n<li><a href=\"https:\/\/www.utzac.edu.mx\/wp-content\/uploads\/2021\/03\/A3-Min-Reun-PROFE.pdf\" target=\"_blank\" rel=\"noopener\">Anexo 3 Minuta\u00a0de\u00a0Reuni\u00f3n<\/a><\/li>\n<li><a href=\"https:\/\/www.utzac.edu.mx\/wp-content\/uploads\/2021\/03\/A3A-lista-de-asistencia-PROFE.pdf\">Anexo 3A Lista de Asistencia<\/a><\/li>\n<li><a href=\"https:\/\/www.utzac.edu.mx\/wp-content\/uploads\/2021\/03\/A4-Acta-Reg-CCS-PROFE.pdf\" target=\"_blank\" rel=\"noopener\">Anexo 4 Acta Registro CCS<\/a><\/li>\n<li><a href=\"https:\/\/www.utzac.edu.mx\/wp-content\/uploads\/2021\/03\/A5-Acta-Sust-de-Integr-PROFE.pdf\" target=\"_blank\" rel=\"noopener\">Anexo 5 Acta de sustituci\u00f3n de Integrante<\/a><\/li>\n<li><a href=\"https:\/\/www.utzac.edu.mx\/wp-content\/uploads\/2021\/03\/A6-Solic-de-Inf-PROFE.pdf\" target=\"_blank\" rel=\"noopener\">Anexo 6 Solicitud de Informaci\u00f3n<\/a><\/li>\n<li><a href=\"https:\/\/www.utzac.edu.mx\/wp-content\/uploads\/2021\/03\/A7-Informe-del-CCS-PROFE.pdf\" target=\"_blank\" rel=\"noopener\">Anexo 7 Informe del CCS<\/a><\/li>\n<li><a href=\"https:\/\/www.utzac.edu.mx\/wp-content\/uploads\/2021\/03\/A8-Quejas-y-Denuncias-PROFE-CAPACITACION.pdf\" target=\"_blank\" rel=\"noopener\">Anexo 8 Quejas y Denuncias Capacitaci\u00f3n<\/a><\/li>\n<li><a href=\"https:\/\/www.utzac.edu.mx\/wp-content\/uploads\/2021\/03\/A8-Quejas-y-Denuncias-PROFE.pdf\">Anexo 8 Quejas y Denuncias<\/a><\/li>\n<li><a href=\"https:\/\/www.utzac.edu.mx\/wp-content\/uploads\/2021\/03\/A9-Control-Quej-y-Den-PROFEXCE-2020.pdf\">Anexo 9 Control Quejas y Denuncias<\/a><\/li>\n<li><a href=\"https:\/\/www.utzac.edu.mx\/wp-content\/uploads\/2021\/03\/Ced-ID-E-CS-PROF-2020.pdf\">C\u00e9dula de Identificaci\u00f3n de Datos del Responsable de la CS del PROFEXCE 2020<\/a><\/li>\n<\/ol>\n<p>\u2192 Manuales<\/p>\n<ol>\n<li><a href=\"https:\/\/www.utzac.edu.mx\/wp-content\/uploads\/2021\/03\/Manual-SICS-IE-2020.pdf\" target=\"_blank\" rel=\"noopener\">Manual de Usuario del Sistema Inform\u00e1tico de Contralor\u00eda Social (SICS) para Instancias Ejecutoras<\/a><\/li>\n<\/ol>\n<p>\u2192 Marco Normativo<\/p>\n<ol>\n<li><a href=\"https:\/\/www.utzac.edu.mx\/wp-content\/uploads\/2019\/09\/ley-general-de-desarrollo-social.pdf\" target=\"_blank\" rel=\"noopener\">Ley general de Desarrollo Social<\/a><\/li>\n<li><a href=\"https:\/\/www.utzac.edu.mx\/wp-content\/uploads\/2019\/09\/reglamento-de-la-ley-general-de-desarrollo-social.pdf\" target=\"_blank\" rel=\"noopener\">Reglamento de la Ley General de Desarrollo Social<\/a><\/li>\n<li><a href=\"https:\/\/www.utzac.edu.mx\/wp-content\/uploads\/2019\/09\/Lineamientos-para-la-promocion-y-operacion-de-la-Contralor\u00eda-Social.pdf\" target=\"_blank\" rel=\"noopener\">Lineamientos Para la Promoci\u00f3n y Operaci\u00f3n de la Contralor\u00eda Social\u00a0en\u00a0los\u00a0Programas\u00a0Federales\u00a0de\u00a0Desarrollo\u00a0Social,\u00a028-Octubre-2016<\/a><\/li>\n<li><a href=\"https:\/\/www.utzac.edu.mx\/wp-content\/uploads\/2021\/03\/RO PROFEXCE_2020.pdf\" target=\"_blank\" rel=\"noopener\">Reglas de Operaci\u00f3n del\u00a0PFCE 2018,\u00a0diciembre\u00a0de\u00a02017<\/a><\/li>\n<\/ol>\n<p>\u2192 Difusi\u00f3n<\/p>\n<ol>\n<li><a href=\"https:\/\/www.utzac.edu.mx\/wp-content\/uploads\/2021\/03\/material-de-difusion-CS.pdf\" target=\"_blank\" rel=\"noopener\">Material de Difusi\u00f3n CS<\/a><\/li>\n<li><a href=\"https:\/\/www.utzac.edu.mx\/wp-content\/uploads\/2021\/03\/mcapacitacion-profexce-2020.pdf\" target=\"_blank\" rel=\"noopener\">M Capacitaci\u00f3n PROFEXCE 2020<\/a><\/li>\n<li><a href=\"https:\/\/www.utzac.edu.mx\/wp-content\/uploads\/2021\/03\/TRIPTICO-CS-PROFEXCE-2020.pdf\" target=\"_blank\" rel=\"noopener\">Tr\u00edptico CS PROFEXCE 2020<\/a><\/li>\n<\/ol>\n<p>\u2192 Presentaciones<\/p>\n<ol>\n<li><a href=\"https:\/\/www.utzac.edu.mx\/wp-content\/uploads\/2021\/03\/ACTS-CS-2020.pdf\" target=\"_blank\" rel=\"noopener\">ACTS CS 2020<\/a><\/li>\n<li><a href=\"https:\/\/www.utzac.edu.mx\/wp-content\/uploads\/2021\/03\/COMS-Y-RECS-CS-OCT-2020.pdf\" target=\"_blank\" rel=\"noopener\">COMS Y RECS CS OCT 2020<\/a><\/li>\n<li><a href=\"https:\/\/www.utzac.edu.mx\/wp-content\/uploads\/2021\/03\/mcapacitacion-profexce-2020-1.pdf\" target=\"_blank\" rel=\"noopener\">MCAPACITACI\u00d3N PROFEXCE 2020<\/a><\/li>\n<li><a href=\"https:\/\/www.utzac.edu.mx\/wp-content\/uploads\/2021\/03\/NORMATIVIDAD-CS-2020.pdf\" target=\"_blank\" rel=\"noopener\">NORMATIVIDAD CS 2020<\/a><\/li>\n<li><a href=\"https:\/\/www.utzac.edu.mx\/wp-content\/uploads\/2021\/03\/TALLER-CS-VFINAL-2020.pdf\" target=\"_blank\" rel=\"noopener\">TALLER CS VFINAL 2020<\/a><\/li>\n<\/ol>\n<p>\u2192 Quejas y Denuncias<\/p>\n<ol>\n<li><a href=\"https:\/\/www.utzac.edu.mx\/wp-content\/uploads\/2021\/03\/AT-SFP-2020.pdf\" target=\"_blank\" rel=\"noopener\">Atenci\u00f3n Ciudadana de la Secretaria de la Funci\u00f3n P\u00fablica (SFP)<\/a><\/li>\n<li><a href=\"https:\/\/www.utzac.edu.mx\/wp-content\/uploads\/2021\/03\/AT-CGUTyP-PROFEXCE-2020.pdf\" target=\"_blank\" rel=\"noopener\">Atenci\u00f3n de la CGUTyP<\/a><\/li>\n<\/ol>\n<p>\u2192 Informes<\/p>\n<p>\u2192 Directorios<\/p>\n<ol>\n<li><a href=\"https:\/\/www.utzac.edu.mx\/wp-content\/uploads\/2021\/03\/DIR-RCS-CGUTyP-2020.pdf\" target=\"_blank\" rel=\"noopener\">DIR RCS CGUTyP 2020<\/a><\/li>\n<li><a href=\"https:\/\/www.utzac.edu.mx\/wp-content\/uploads\/2021\/03\/DIR-RCS-OEC-SFP-2020.pdf\" target=\"_blank\" rel=\"noopener\">DIR RCS OEC SFP 2020<\/a><\/li>\n<li><a href=\"https:\/\/www.utzac.edu.mx\/wp-content\/uploads\/2021\/03\/DIR-RCS-PROFEXCE-2020.pdf\" target=\"_blank\" rel=\"noopener\">DIR RCS PROFEXCE 2020<\/a><\/li>\n<\/ol>\n<p>&nbsp;<\/p>\n<p>&nbsp;<\/p>\n<p>&nbsp;<\/p>\n<\/div>\n<\/div>\n\t\t<\/div> \n\t<\/div> \n<\/div><div class=\"vc_row-full-width\"><\/div>\t<div class=\"vc_row wpb_row vc_row-fluid\"  >\n\t<div class=\"vc_col-sm-12 wpb_column vc_column_container \">\n\t\t<div class=\"wpb_wrapper\">\n\t\t\t\n\t<div class=\"wpb_text_column wpb_content_element \">\n\t\t<div class=\"wpb_wrapper\">\n\t\t\t<p>&nbsp;<\/p>\n\n\t\t<\/div> \n\t<\/div> \n\t\t<\/div> \n\t<\/div> \n<\/div><div class=\"vc_row-full-width\"><\/div>\r\n<p><\/p>\r\n<p>&nbsp;<\/p>","protected":false},"excerpt":{"rendered":"<p>&nbsp;<\/p>\n","protected":false},"author":8,"featured_media":0,"parent":0,"menu_order":0,"comment_status":"closed","ping_status":"closed","template":"","meta":[],"_links":{"self":[{"href":"https:\/\/www.utzac.edu.mx\/index.php?rest_route=\/wp\/v2\/pages\/11998"}],"collection":[{"href":"https:\/\/www.utzac.edu.mx\/index.php?rest_route=\/wp\/v2\/pages"}],"about":[{"href":"https:\/\/www.utzac.edu.mx\/index.php?rest_route=\/wp\/v2\/types\/page"}],"author":[{"embeddable":true,"href":"https:\/\/www.utzac.edu.mx\/index.php?rest_route=\/wp\/v2\/users\/8"}],"replies":[{"embeddable":true,"href":"https:\/\/www.utzac.edu.mx\/index.php?rest_route=%2Fwp%2Fv2%2Fcomments&post=11998"}],"version-history":[{"count":0,"href":"https:\/\/www.utzac.edu.mx\/index.php?rest_route=\/wp\/v2\/pages\/11998\/revisions"}],"wp:attachment":[{"href":"https:\/\/www.utzac.edu.mx\/index.php?rest_route=%2Fwp%2Fv2%2Fmedia&parent=11998"}],"curies":[{"name":"wp","href":"https:\/\/api.w.org\/{rel}","templated":true}]}}