{"id":11265,"date":"2020-02-18T15:24:07","date_gmt":"2020-02-18T21:24:07","guid":{"rendered":"http:\/\/www.utzac.edu.mx\/?page_id=11265"},"modified":"2025-04-17T11:40:03","modified_gmt":"2025-04-17T17:40:03","slug":"comite-de-adquisiciones","status":"publish","type":"page","link":"https:\/\/www.utzac.edu.mx\/?page_id=11265","title":{"rendered":"Comit\u00e9 de adquisiciones"},"content":{"rendered":"<p><a href=\"https:\/\/www.utzac.edu.mx\/wp-content\/uploads\/2021\/10\/Manual-de-Adquisicones-Arrendamiento-y-Servicos-de-la-UTZAC.pdf\">Manual de Adquisiciones Arrendamiento y Servicios de la UTZAC<\/a><\/p>\n<div class=\"su-accordion su-u-trim\"><div class=\"su-spoiler su-spoiler-style-default su-spoiler-icon-plus su-spoiler-closed\" data-scroll-offset=\"0\" data-anchor-in-url=\"no\"><div class=\"su-spoiler-title\" tabindex=\"0\" role=\"button\"><span class=\"su-spoiler-icon\"><\/span>Ejercicio 2019<\/div><div class=\"su-spoiler-content su-u-clearfix su-u-trim\">\n<p><a href=\"https:\/\/www.utzac.edu.mx\/wp-content\/uploads\/2021\/10\/Convocatoria-de-Adquisicion-de-Poliza-de-Seguro-de-Acidentes-2019.pdf\">Convocatoria de Adquisici\u00f3n de P\u00f3liza de Seguro de Accidentes 2019<\/a><\/p>\n<p><a href=\"https:\/\/www.utzac.edu.mx\/wp-content\/uploads\/2021\/10\/Convocatoria-de-Adquisicion-de-Poliza-de-Seguro-de-Vida-2019.pdf\">Convocatoria de Adquisici\u00f3n de P\u00f3liza de Seguro de Vida 2019<\/a><\/p>\n<p><a href=\"https:\/\/www.utzac.edu.mx\/wp-content\/uploads\/2021\/10\/Convocatoria-de-Cursos-Ofertados-por-la-UTZAC-2019.pdf\">Convocatoria de Cursos Ofertados por la UTZAC 2019<\/a><\/p>\n<p><a href=\"https:\/\/www.utzac.edu.mx\/wp-content\/uploads\/2021\/10\/Convocatoria-Imparticion-de-Cursos-de-Hidraulica-2019.pdf\">Convocatoria Impartici\u00f3n de Cursos de Hidr\u00e1ulica 2019<\/a><\/p>\n<p><a href=\"https:\/\/www.utzac.edu.mx\/wp-content\/uploads\/2021\/10\/Convocatoria-Imparticion-de-Cursos-de-Mantenimiento-Mecanico-2019.pdf\">Convocatoria Impartici\u00f3n de Cursos de Mantenimiento Mec\u00e1nico 2019<\/a><\/p>\n<p><a href=\"https:\/\/www.utzac.edu.mx\/wp-content\/uploads\/2021\/10\/Convocatoria-Imparticion-de-Cursos-de-Neumatica-2019.pdf\">Convocatoria Impartici\u00f3n de Cursos de Neum\u00e1tica 2019<\/a><\/p>\n<p><a href=\"https:\/\/www.utzac.edu.mx\/wp-content\/uploads\/2021\/10\/Acta-de-Fallo-ServiCIO-de-Limpieza-2019.pdf\">Acta de Fallo Servicio de Limpieza 2019<\/a><\/p>\n<p><a href=\"https:\/\/www.utzac.edu.mx\/wp-content\/uploads\/2021\/10\/Acta-de-Propuestas-Tecnicas-y-Economicas-del-Servicio-de-Limpieza-2019.pdf\">Acta de Propuestas T\u00e9cnicas y Econ\u00f3micas del Servicio de Limpieza 2019<\/a><\/p>\n<p><a href=\"https:\/\/www.utzac.edu.mx\/wp-content\/uploads\/2021\/10\/Bases-del-Proceso-de-Seguridad-de-Invitacion-Cuando-Menos-Tres-Personas-2019.pdf\">Bases del Proceso de Seguridad de Invitaci\u00f3n Cuando Menos Tres Personas 2019<\/a><\/p>\n<p><a href=\"https:\/\/www.utzac.edu.mx\/wp-content\/uploads\/2021\/10\/Bases-del-Proceso-del-Servicio-de-Limpieza-de-Invitacion-Cuando-Menos-Tres-Personas-2019.pdf\">Bases del Proceso del Servicio de Limpieza de Invitaci\u00f3n Cuando Menos Tres Personas 2019<\/a><\/p>\n<p><a href=\"https:\/\/www.utzac.edu.mx\/wp-content\/uploads\/2021\/10\/Bases-Segunda-Vuelta-del-Proceso-de-Seguridad-de-Invitacion-Cuando-Menos-Tres-Personas-2019.pdf\">Bases Segunda Vuelta del Proceso de Seguridad de Invitaci\u00f3n Cuando Menos Tres Personas 2019<\/a><\/p>\n<\/div><\/div>\n<div class=\"su-spoiler su-spoiler-style-default su-spoiler-icon-plus su-spoiler-closed\" data-scroll-offset=\"0\" data-anchor-in-url=\"no\"><div class=\"su-spoiler-title\" tabindex=\"0\" role=\"button\"><span class=\"su-spoiler-icon\"><\/span>Ejercicio 2020<\/div><div class=\"su-spoiler-content su-u-clearfix su-u-trim\">\n<p><a href=\"https:\/\/www.utzac.edu.mx\/wp-content\/uploads\/2021\/10\/Primera-Sesion-Extraordinaria-del-CAAS-2020.pdf\">Primera Sesi\u00f3n Extraordinaria del CAAS 2020<\/a><\/p>\n<p><a href=\"https:\/\/www.utzac.edu.mx\/wp-content\/uploads\/2021\/10\/Primera-Sesion-Oridnaria-del-CAAS-2020.pdf\">Primera Sesi\u00f3n Ordinaria del CAAS 2020<\/a><\/p>\n<p><a href=\"https:\/\/www.utzac.edu.mx\/wp-content\/uploads\/2021\/10\/Programa-Anual-de-Adquisiciones-Arrendamiejtos-y-Servicios-PAAAS-2020.pdf\">Programa Anual de Adquisiciones Arrendamientos y Servicios PAAAS 2020<\/a><\/p>\n<\/div><\/div>\n<div class=\"su-spoiler su-spoiler-style-default su-spoiler-icon-plus su-spoiler-closed\" data-scroll-offset=\"0\" data-anchor-in-url=\"no\"><div class=\"su-spoiler-title\" tabindex=\"0\" role=\"button\"><span class=\"su-spoiler-icon\"><\/span>Ejercicio 2021<\/div><div class=\"su-spoiler-content su-u-clearfix su-u-trim\">\n<p><a href=\"https:\/\/www.utzac.edu.mx\/wp-content\/uploads\/2021\/10\/Acta-de-Fallo-Resolutivo-Funcion-Publica-Servicio-de-Seguridad-2021.pdf\">Acta de Fallo Resolutivo Funci\u00f3n P\u00fablica Servicio de Seguridad 2021<\/a><\/p>\n<p><a href=\"https:\/\/www.utzac.edu.mx\/wp-content\/uploads\/2021\/10\/Acta-de-Fallo-Servicio-de-Seguridad-2021.pdf\">Acta de Fallo Servicio de Seguridad 2021<\/a><\/p>\n<p><a href=\"https:\/\/www.utzac.edu.mx\/wp-content\/uploads\/2021\/10\/Acta-de-Presentaciony-Apertura-de-Propuestas-Servicio-de-Seguridad-2021.pdf\">Acta de Presentaci\u00f3n y Apertura de Propuestas Servicio de Seguridad 2021<\/a><\/p>\n<p><a href=\"https:\/\/www.utzac.edu.mx\/wp-content\/uploads\/2021\/10\/Acta-de-Junta-de-Aclaraciones-de-bases-de-Seguridad-2021.pdf\">Acta-de-Junta-de-Aclaraciones-de-bases-de-Seguridad-2021<\/a><\/p>\n<p><a href=\"https:\/\/www.utzac.edu.mx\/wp-content\/uploads\/2021\/10\/Bases-de-Seguridad-Invitacion-Cuando-Menos-Tres-Personal-2021.pdf\">Bases de Seguridad Invitaci\u00f3n Cuando Menos Tres Personas 2021<\/a><\/p>\n<p><a href=\"https:\/\/www.utzac.edu.mx\/wp-content\/uploads\/2021\/10\/Convocatoria-Seguro-de-Accidentes-Ejercicio-2021.pdf\">Convocatoria Seguro de Accidentes Ejercicio 2021<\/a><\/p>\n<p><a href=\"https:\/\/www.utzac.edu.mx\/wp-content\/uploads\/2021\/10\/Convocatoria-Seguro-de-Vida-2021.pdf\">Convocatoria Seguro de Vida 2021<\/a><\/p>\n<p><a href=\"https:\/\/www.utzac.edu.mx\/wp-content\/uploads\/2021\/10\/Cuarta-Sesion-Extraordinaria-del-CAAS-2021.pdf\">Cuarta Sesi\u00f3n Extraordinaria del CAAS 2021<\/a><\/p>\n<p><a href=\"https:\/\/www.utzac.edu.mx\/wp-content\/uploads\/2021\/10\/Dictamen-Tecnico-Economico-Servicio-de-Seguridad-2021.pdf\">Dictamen T\u00e9cnico Econ\u00f3mico Servicio de Seguridad 2021<\/a><\/p>\n<p><a href=\"https:\/\/www.utzac.edu.mx\/wp-content\/uploads\/2021\/10\/Dictamen-tecnico-economico-resolutivo-funcion-publica-servicio-de-seguridad-2021.pdf\">Dictamen T\u00e9cnico-Econ\u00f3mico Resolutivo Funci\u00f3n P\u00fablica Servicio de Seguridad 2021<\/a><\/p>\n<p><a href=\"https:\/\/www.utzac.edu.mx\/wp-content\/uploads\/2021\/10\/Octava-sesion-extraordinaria-del-CAAS-2021.pdf\">Octava Sesi\u00f3n Extraordinaria del CAAS 2021<\/a><\/p>\n<p><a href=\"https:\/\/www.utzac.edu.mx\/wp-content\/uploads\/2021\/10\/Primera-Sesion-Extraordinaria-del-CAAS-2021.pdf\">Primera Sesi\u00f3n Extraordinaria del CAAS 2021<\/a><\/p>\n<p><a href=\"https:\/\/www.utzac.edu.mx\/wp-content\/uploads\/2021\/10\/Primera-Sesion-Ordinaria-del-CAAS-del-2021.pdf\">Primera Sesi\u00f3n Ordinaria del CAAS del 2021<\/a><\/p>\n<p><a href=\"https:\/\/www.utzac.edu.mx\/wp-content\/uploads\/2021\/10\/Programa-Anual-de-Adquisiciones-Arrendamientos-y-Servicios-PAAAS-2021.pdf\">Programa Anual de Adquisiciones Arrendamientos y Servicios PAAAS-2021<\/a><\/p>\n<p><a href=\"https:\/\/www.utzac.edu.mx\/wp-content\/uploads\/2021\/10\/Quinta-sesion-Extraordinaria-del-CAAS-2021.pdf\">Quinta Sesi\u00f3n Extraordinaria del CAAS 2021<\/a><\/p>\n<p><a href=\"https:\/\/www.utzac.edu.mx\/wp-content\/uploads\/2021\/10\/Segunda-Sesion-Extraordinaria-del-CAAS-2021.pdf\">Segunda Sesi\u00f3n Extraordinaria del CAAS 2021<\/a><\/p>\n<p><a href=\"https:\/\/www.utzac.edu.mx\/wp-content\/uploads\/2021\/10\/Septima-sesion-extraordinaria-del-CAAS-2021.pdf\">S\u00e9ptima Sesi\u00f3n Extraordinaria del CAAS 2021<\/a><\/p>\n<p><a href=\"https:\/\/www.utzac.edu.mx\/wp-content\/uploads\/2021\/10\/Sexta-Sesion-Extraordinaria-del-CAAS-2021.pdf\">Sexta Sesi\u00f3n Extraordinaria del CAAS 2021<\/a><\/p>\n<p><a href=\"https:\/\/www.utzac.edu.mx\/wp-content\/uploads\/2021\/10\/Tercera-sesion-extraordinaria-del-CAAS-2021.pdf\">Tercera Sesi\u00f3n Extraordinaria del CAAS 2021<\/a><\/p>\n<p><a href=\"https:\/\/www.utzac.edu.mx\/wp-content\/uploads\/2021\/12\/Segunda-sesion-ordinaria-CAAS-2021.pdf\">Segunda Sesi\u00f3n Ordinaria CAAS 2021<\/a><\/p>\n<p><a href=\"https:\/\/www.utzac.edu.mx\/wp-content\/uploads\/2022\/01\/Novena-Sesion-extraordinaria-2021.pdf\">Novena Sesi\u00f3n Extraordinaria 2021<\/a><\/p>\n<\/div><\/div>\n<div class=\"su-spoiler su-spoiler-style-default su-spoiler-icon-plus su-spoiler-closed\" data-scroll-offset=\"0\" data-anchor-in-url=\"no\"><div class=\"su-spoiler-title\" tabindex=\"0\" role=\"button\"><span class=\"su-spoiler-icon\"><\/span>Ejercicio 2022<\/div><div class=\"su-spoiler-content su-u-clearfix su-u-trim\">\n<p><a href=\"https:\/\/www.utzac.edu.mx\/wp-content\/uploads\/2022\/09\/PROGRAMA-ANUAL-DE-ADQUISICIONES-MODIFICADO-2022-UTZAC.pdf\">Programa Anual de Adquisiciones Modificado 2022 UTZAC<\/a><\/p>\n<p><a href=\"https:\/\/www.utzac.edu.mx\/wp-content\/uploads\/2022\/09\/SEGUNDA-SESION-ORDINARIA-DEL-CAAS-2022.pdf\">Segunda Sesi\u00f3n Ordinaria del CAAS 2022<\/a><\/p>\n<p><a href=\"https:\/\/www.utzac.edu.mx\/wp-content\/uploads\/2023\/04\/Segunda-Sesion-extraordinaria-CAAS-2022.pdf\">Segunda Sesi\u00f3n Extraordinaria del CAAS 2022<\/a><\/p>\n<p><a href=\"https:\/\/www.utzac.edu.mx\/wp-content\/uploads\/2022\/08\/dictamen-tecnico-economico-limpieza-2022.pdf\">Dictamen T\u00e9cnico Econ\u00f3mico Limpieza 2022<\/a><\/p>\n<p><a href=\"https:\/\/www.utzac.edu.mx\/wp-content\/uploads\/2022\/08\/acta-de-fallo-2022-utzac.pdf\">Acta de Fallo Limpieza 2022 UTZAC<\/a><\/p>\n<p><a href=\"https:\/\/www.utzac.edu.mx\/wp-content\/uploads\/2022\/08\/Acta-Junta-de-Aclaraciones-limpieza-2022-UTZAC.pdf\">Acta Junta de Aclaraciones limpieza\u00a0 UTZAC 2022<\/a><\/p>\n<p><a href=\"https:\/\/www.utzac.edu.mx\/wp-content\/uploads\/2022\/07\/primera-sesion-extraordinaria-CAAS-2022.pdf\">Primera sesi\u00f3n extraordinaria CAAS 2022<\/a><\/p>\n<p><a href=\"https:\/\/www.utzac.edu.mx\/wp-content\/uploads\/2022\/05\/Acta-de-apertura-y-presentacion-de-propuestas-seguridad-02rm2022.pdf\">Acta de apertura y presentaci\u00f3n de propuestas seguridad 02rm2022<\/a><\/p>\n<p><a href=\"https:\/\/www.utzac.edu.mx\/wp-content\/uploads\/2022\/05\/Acta-de-Junta-de-Acalaraciones-02RM2022.pdf\">Acta de Junta de Aclaraciones 02RM2022<\/a><\/p>\n<p><a href=\"https:\/\/www.utzac.edu.mx\/wp-content\/uploads\/2022\/05\/BASES-SEGURIDAD-02RM2022.pdf\">Bases Contrataci\u00f3n\u00a0 Servicio de Seguridad 02RM2022<\/a><\/p>\n<p><a href=\"https:\/\/www.utzac.edu.mx\/wp-content\/uploads\/2022\/04\/ACTA-DE-FALLO-SEGURIDAD-01RM2022.pdf\">Acta de Fallo Seguridad 01RM2022<\/a><\/p>\n<p><a href=\"https:\/\/www.utzac.edu.mx\/wp-content\/uploads\/2022\/04\/DICTAMEN-TECNICO-ECONOMICO-SEGURIDAD-01RM2022-1.pdf\">Dictamen T\u00e9cnico Econ\u00f3mico Seguridad 01RM2022.<\/a><\/p>\n<p><a href=\"https:\/\/www.utzac.edu.mx\/wp-content\/uploads\/2022\/04\/ACTA-DE-RECEPCION-Y-APERTURA-DE-PROPUESTAS-SEGURIDAD-2022.pdf\">Acta de Recepci\u00f3n y Apertura de Propuestas Seguridad 2022<\/a><\/p>\n<p><a href=\"https:\/\/www.utzac.edu.mx\/wp-content\/uploads\/2022\/04\/acta-de-junta-de-aclaraciones-serv-seguridad-2022.pdf\">Acta de Junta de Aclaraciones Servicio de Seguridad 2022<\/a><\/p>\n<p><a href=\"https:\/\/www.utzac.edu.mx\/wp-content\/uploads\/2022\/04\/Bases-Procesos-Seguridad-2022.pdf\">Bases, Procesos, Seguridad 2022<\/a><\/p>\n<p><a href=\"https:\/\/www.utzac.edu.mx\/wp-content\/uploads\/2022\/03\/primera-sesion-ordinaria-CAAS-2022-1.pdf\" target=\"_blank\" rel=\"noopener\">Primera sesi\u00f3n ordinaria CAAS 2022<\/a><\/p>\n<p><a href=\"https:\/\/www.utzac.edu.mx\/wp-content\/uploads\/2022\/03\/Programa-anual-de-adquisiciones-ejercicio-2022-UTZAC.pdf\" target=\"_blank\" rel=\"noopener\">Programa anual de adquisiciones ejercicio 2022 UTZAC<\/a><\/p>\n<p><a href=\"https:\/\/www.utzac.edu.mx\/wp-content\/uploads\/2023\/05\/informaci\u00f3n%20primera sesion ordinaria del PAAAS 2022.pdf\" target=\"_blank\" rel=\"noopener\">Primera Sesi\u00f3n Ordinaria de 2022 del Comit\u00e9 de Adquisiciones,<\/a><br \/>\n<a href=\"https:\/\/www.utzac.edu.mx\/wp-content\/uploads\/2023\/05\/informaci\u00f3n%20primera sesion ordinaria del PAAAS 2022.pdf\" target=\"_blank\" rel=\"noopener\">Arrendamientos y Servicios de la Universidad Tecnol\u00f3gica del Estado<\/a><br \/>\n<a href=\"https:\/\/www.utzac.edu.mx\/wp-content\/uploads\/2023\/05\/informaci\u00f3n%20primera sesion ordinaria del PAAAS 2022.pdf\" target=\"_blank\" rel=\"noopener\">de Zacatecas<\/a><\/p>\n<p>&nbsp;<\/p>\n<p>&nbsp;<\/p>\n<\/div><\/div>\n<div class=\"su-spoiler su-spoiler-style-default su-spoiler-icon-plus su-spoiler-closed\" data-scroll-offset=\"0\" data-anchor-in-url=\"no\"><div class=\"su-spoiler-title\" tabindex=\"0\" role=\"button\"><span class=\"su-spoiler-icon\"><\/span>Ejercicio 2023<\/div><div class=\"su-spoiler-content su-u-clearfix su-u-trim\">\n<p><a href=\"https:\/\/www.utzac.edu.mx\/wp-content\/uploads\/2023\/04\/Programa-anaul-de-adquisiciones-PAAAS-2023-UTZAC.pdf\">Programa Anual de Adquisiciones 2023<\/a><\/p>\n<p><a href=\"https:\/\/www.utzac.edu.mx\/wp-content\/uploads\/2023\/04\/Acta-primera-sesion-ordinaria-CAAS-2023.pdf\" target=\"_blank\" rel=\"noopener\">Primera Sesi\u00f3n Ordinaria CAAS 2023<\/a><\/p>\n<p><a href=\"https:\/\/www.utzac.edu.mx\/wp-content\/uploads\/2023\/06\/Acta-Junta-de-Aclaraciones-serv.-seguridad-2023.pdf\" target=\"_blank\" rel=\"noopener\">Acta Junta de Aclaraciones\u00a0 Servicios de Seguridad<\/a><\/p>\n<p><a href=\"https:\/\/www.utzac.edu.mx\/wp-content\/uploads\/2023\/06\/Acta-Junta-de-Aclaraciones-Serv.-Limpieza-2023.pdf\" target=\"_blank\" rel=\"noopener\">Acta Junta de Aclaraciones Servicios de Limpieza<\/a><\/p>\n<p><a href=\"https:\/\/www.utzac.edu.mx\/wp-content\/uploads\/2023\/06\/Acta-de-Recepcion-y-Apertura-de-Proposiciones-seguridad-2023.pdf\" target=\"_blank\" rel=\"noopener\">Acta de Recepci\u00f3n y Apertura de Propuestas Seguridad 2023<\/a><\/p>\n<p><a href=\"https:\/\/www.utzac.edu.mx\/wp-content\/uploads\/2023\/06\/acta-de-entrega-y-apertura-de-proposiciones-limpieza-2023.pdf\" target=\"_blank\" rel=\"noopener\">Acta de Recepci\u00f3n y Apertura de Propuestas Limpieza 2023<\/a><\/p>\n<p><a href=\"https:\/\/www.utzac.edu.mx\/wp-content\/uploads\/2023\/06\/Acta-de-Fallo-SERVICIO-DE-LIMPIEZA-2023.pdf\" target=\"_blank\" rel=\"noopener\">Acta de Fallo Servicio de Limpieza 2023<\/a><\/p>\n<p><a href=\"https:\/\/www.utzac.edu.mx\/wp-content\/uploads\/2023\/07\/acta-junta-de-aclaraciones-seguridad-segunda-vuelta-2023.pdf\" target=\"_blank\" rel=\"noopener\">Acta Junta de Aclaraciones Seguridad Segunda Vuelta 2023<\/a><\/p>\n<p><a href=\"https:\/\/www.utzac.edu.mx\/wp-content\/uploads\/2023\/07\/acta-junta-de-aclaraciones-limpieza-2023-segunda-vuleta.pdf\" target=\"_blank\" rel=\"noopener\">Acta Junta de Aclaraciones Limpieza 2023 Segunda Vuelta 2023<\/a><\/p>\n<p><a href=\"https:\/\/www.utzac.edu.mx\/wp-content\/uploads\/2023\/08\/ACTA-DE-FALLO-SERVICIO-DE-LIMPIEZA-2023-UTZAC.pdf\">Acta de Fallo Servicio de Limpieza 2023 UTZAC<\/a><\/p>\n<p><a href=\"https:\/\/www.utzac.edu.mx\/wp-content\/uploads\/2023\/08\/ACTA-DE-FALLO-SERVICIO-DE-SEGURIDAD-2023.pdf\">Acta de Fallo Servicio de Seguridad 2023<\/a><\/p>\n<p><a href=\"https:\/\/www.utzac.edu.mx\/wp-content\/uploads\/2024\/03\/20240311164943765.pdf\" target=\"_blank\" rel=\"noopener\">Acta de Acuerdos de la Primer Sesi\u00f3n Extraordinaria de 2023<\/a><\/p>\n<\/div><\/div>\n<div class=\"su-spoiler su-spoiler-style-default su-spoiler-icon-plus su-spoiler-closed\" data-scroll-offset=\"0\" data-anchor-in-url=\"no\"><div class=\"su-spoiler-title\" tabindex=\"0\" role=\"button\"><span class=\"su-spoiler-icon\"><\/span>Ejercicio 2024<\/div><div class=\"su-spoiler-content su-u-clearfix su-u-trim\">\n<p><a href=\"https:\/\/www.utzac.edu.mx\/wp-content\/uploads\/2024\/04\/programa-anual-de-adquisiciones-2024-utzac.pdf\">Programa Anual de Adquisiciones 2024<\/a><\/p>\n<p><a href=\"https:\/\/www.utzac.edu.mx\/wp-content\/uploads\/2024\/04\/Acta-de-Apertura-Servicio-Limpieza-2024.pdf\">Acta de Apertura &#8211; Servicio Limpieza 2024<\/a><\/p>\n<p><a href=\"https:\/\/www.utzac.edu.mx\/wp-content\/uploads\/2024\/04\/Junta-de-Aclaraciones-Servicio-Limpieza-2024.pdf\">Junta de Aclaraciones &#8211; Servicio Limpieza 2024<\/a><\/p>\n<p><a href=\"https:\/\/www.utzac.edu.mx\/wp-content\/uploads\/2024\/04\/Acta-de-Fallo-Servicio-de-Limpieza-2024.pdf\">Acta de Fallo &#8211; Servicio de Limpieza 2024<\/a><\/p>\n<p><a href=\"https:\/\/www.utzac.edu.mx\/wp-content\/uploads\/2024\/04\/Acta-de-Apertura-de-Proposiciones-Servicio-de-Seguridad-2024.pdf\">Acta de Apertura de Proposiciones &#8211; Servicio de Seguridad 2024<\/a><\/p>\n<p><a href=\"https:\/\/www.utzac.edu.mx\/wp-content\/uploads\/2024\/04\/Junta-de-Aclaraciones-Servicio-de-Seguridad-2024.pdf\">Junta de Aclaraciones &#8211; Servicio de Seguridad 2024<\/a><\/p>\n<p><a href=\"https:\/\/www.utzac.edu.mx\/wp-content\/uploads\/2024\/04\/Acta-de-Fallo-Servicio-de-Seguridad-2024.pdf\">Acta de Fallo &#8211; Servicio de Seguridad 2024<\/a><\/p>\n<p><a href=\"https:\/\/www.utzac.edu.mx\/wp-content\/uploads\/2025\/04\/COMITE-DE-ADQUISICIONES-UTZAC-2024-MONTOS-MAXIMO-UTZAC.pdf\">Comit\u00e9 de adquisiciones UTZAC 2024 montos m\u00e1ximo UTZAC<\/a><\/p>\n<p><a href=\"https:\/\/www.utzac.edu.mx\/wp-content\/uploads\/2025\/04\/ACTA-DE-COMITE-DE-ADQUISICIONES-2024-1RA-SESION-ORDINARIA.pdf\">Acta de comit\u00e9 de adquisiciones 2024 1ra sesi\u00f3n ordinaria<\/a><\/p>\n<\/div><\/div>\n<p>&nbsp;<\/p>\n<\/div>\n<p>&nbsp;<\/p>\n<p>&nbsp;<\/p>\n<p>&nbsp;<\/p>\n<p>&nbsp;<\/p>","protected":false},"excerpt":{"rendered":"<p>Manual de Adquisiciones Arrendamiento y Servicios de la UTZAC &nbsp; &nbsp; &nbsp; &nbsp;<\/p>\n","protected":false},"author":8,"featured_media":0,"parent":0,"menu_order":0,"comment_status":"closed","ping_status":"closed","template":"","meta":[],"_links":{"self":[{"href":"https:\/\/www.utzac.edu.mx\/index.php?rest_route=\/wp\/v2\/pages\/11265"}],"collection":[{"href":"https:\/\/www.utzac.edu.mx\/index.php?rest_route=\/wp\/v2\/pages"}],"about":[{"href":"https:\/\/www.utzac.edu.mx\/index.php?rest_route=\/wp\/v2\/types\/page"}],"author":[{"embeddable":true,"href":"https:\/\/www.utzac.edu.mx\/index.php?rest_route=\/wp\/v2\/users\/8"}],"replies":[{"embeddable":true,"href":"https:\/\/www.utzac.edu.mx\/index.php?rest_route=%2Fwp%2Fv2%2Fcomments&post=11265"}],"version-history":[{"count":0,"href":"https:\/\/www.utzac.edu.mx\/index.php?rest_route=\/wp\/v2\/pages\/11265\/revisions"}],"wp:attachment":[{"href":"https:\/\/www.utzac.edu.mx\/index.php?rest_route=%2Fwp%2Fv2%2Fmedia&parent=11265"}],"curies":[{"name":"wp","href":"https:\/\/api.w.org\/{rel}","templated":true}]}}